{"id":2,"date":"2024-05-23T20:29:41","date_gmt":"2024-05-23T23:29:41","guid":{"rendered":"https:\/\/aprendizdomundo.com\/miltonoliveira\/?page_id=2"},"modified":"2026-02-08T17:49:06","modified_gmt":"2026-02-08T20:49:06","slug":"inicial","status":"publish","type":"page","link":"https:\/\/aprendizdomundo.com\/miltonoliveira\/","title":{"rendered":"Web curr\u00edculo de Milton Oliveira"},"content":{"rendered":"<blockquote><p>&#8220;Sou de um tempo que n\u00e3o t\u00ednhamos internet e toda a tecnologia da atualidade. Ent\u00e3o, o aparelho de r\u00e1dio (para os \u00edntimos, radinho) era muito mais que uma companhia. Por ele sab\u00edamos do mundo, dos acontecimentos, dos jogos do nosso time, das curiosidades, e ouv\u00edamos as m\u00fasicas que tocavam nossos cora\u00e7\u00f5es. Da\u00ed vem minha paix\u00e3o pelo insubstitu\u00edvel r\u00e1dio.&#8221; Milton Oliveira. <\/p><\/blockquote>\n<p>Este \u00e9 o meu site pessoal, reunindo informa\u00e7\u00f5es do profissional <strong>Milton Oliveira<\/strong>, titular do <strong><a title=\"Aprendiz do Mundo\" href=\"https:\/\/aprendizdomundo.com\/\" target=\"_blank\" rel=\"noopener noreferrer\">Aprendiz do Mundo<\/a><\/strong>, funcion\u00e1rio concursado da <strong><a title=\"Portal UFSM\" href=\"http:\/\/www.ufsm.br\/\" target=\"_blank\" rel=\"noopener noreferrer\">Universidade Federal de Santa Maria<\/a><\/strong> (atuando nas r\u00e1dios <strong><a title=\"R\u00e1dio Universidade AM\" href=\"http:\/\/www.ufsm.br\/radio\/\" target=\"_blank\" rel=\"noopener noreferrer\">Universidade AM<\/a><\/strong> e <strong><a title=\"R\u00e1dio Uni FM\" href=\"http:\/\/www.ufsm.br\/radio\/\" target=\"_blank\" rel=\"noopener noreferrer\">Uni FM<\/a><\/strong>), webmaster por circunst\u00e2ncia e poeta em forma\u00e7\u00e3o. Conhe\u00e7a meu <strong><a title=\"Curriculum vitae\" href=\"https:\/\/aprendizdomundo.com\/miltonoliveira\/curriculo\/\" target=\"_self\" rel=\"noopener noreferrer\">curr\u00edculo<\/a><\/strong>, veja minha <strong><a title=\"Atua\u00e7\u00e3o profissional\" href=\"https:\/\/aprendizdomundo.com\/miltonoliveira\/atuacao\/\" target=\"_self\" rel=\"noopener noreferrer\">atua\u00e7\u00e3o profissional<\/a><\/strong> e tamb\u00e9m <strong><a title=\"Atua\u00e7\u00e3o web\" href=\"https:\/\/aprendizdomundo.com\/miltonoliveira\/atuacaoweb\/\" target=\"_self\" rel=\"noopener noreferrer\">atua\u00e7\u00e3o web<\/a><\/strong>, e depois d\u00ea um pulinho na minha p\u00e1gina po\u00e9tica <strong><a title=\"Versos d'Alma\" href=\"https:\/\/aprendizdomundo.com\/versosdalma\/\" target=\"_blank\" rel=\"noopener noreferrer\">Versos d&#8217;Alma<\/a><\/strong>.<\/p>\n<blockquote><p>&#8220;Cheguei ao microfone atrav\u00e9s da faculdade de comunica\u00e7\u00e3o, nos idos de 1981. No \u00faltimo ano do curso, em 1985, comandava o Bem-me-quer na R\u00e1dio Universidade AM (onde, a partir de 1993, me tornaria funcion\u00e1rio concursado) e tinha ali a certeza do que queria para meu futuro profissional. Com o diploma da m\u00e3o, j\u00e1 ia desistindo da profiss\u00e3o. A \u00e9poca n\u00e3o era atrativa aos diplomados. Ent\u00e3o surgiu o concurso e a UFSM passou a ser meu lar profissional. E o r\u00e1dio continua pulsando nas veias, firme at\u00e9 a merecida conclus\u00e3o deste ciclo.&#8221; Milton Oliveira.<\/p><\/blockquote>\n<p align=\"left\" style=\"margin-top: 50px; margin-bottom: 0\"><img decoding=\"async\" border=\"0\" title=\"Produto do Brasil\" src=\"https:\/\/aprendizdomundo.com\/imagens\/bandeirabrasil.png\"><\/p>\n","protected":false},"excerpt":{"rendered":"<p>&#8220;Sou de um tempo que n\u00e3o t\u00ednhamos internet e toda a tecnologia da atualidade. Ent\u00e3o, o aparelho de r\u00e1dio (para os \u00edntimos, radinho) era muito mais que uma companhia. Por ele sab\u00edamos do mundo, dos acontecimentos, dos jogos do nosso time, das curiosidades, e ouv\u00edamos as m\u00fasicas que tocavam nossos cora\u00e7\u00f5es. Da\u00ed vem minha paix\u00e3o [&#8230;] <\/p>\n<p class=\"more-link-container\"><a href=\"https:\/\/aprendizdomundo.com\/miltonoliveira\/\" class=\"more-link\">Read More<span class=\"screen-reader-text\"> &#8220;Web curr\u00edculo de Milton Oliveira&#8221;<\/span><\/a><\/p>\n","protected":false},"author":1,"featured_media":0,"parent":0,"menu_order":1,"comment_status":"closed","ping_status":"closed","template":"page-templates\/template-no-title-right-sidebar.php","meta":{"footnotes":""},"class_list":["post-2","page","type-page","status-publish","hentry"],"_links":{"self":[{"href":"https:\/\/aprendizdomundo.com\/miltonoliveira\/wp-json\/wp\/v2\/pages\/2","targetHints":{"allow":["GET"]}}],"collection":[{"href":"https:\/\/aprendizdomundo.com\/miltonoliveira\/wp-json\/wp\/v2\/pages"}],"about":[{"href":"https:\/\/aprendizdomundo.com\/miltonoliveira\/wp-json\/wp\/v2\/types\/page"}],"author":[{"embeddable":true,"href":"https:\/\/aprendizdomundo.com\/miltonoliveira\/wp-json\/wp\/v2\/users\/1"}],"replies":[{"embeddable":true,"href":"https:\/\/aprendizdomundo.com\/miltonoliveira\/wp-json\/wp\/v2\/comments?post=2"}],"version-history":[{"count":55,"href":"https:\/\/aprendizdomundo.com\/miltonoliveira\/wp-json\/wp\/v2\/pages\/2\/revisions"}],"predecessor-version":[{"id":658,"href":"https:\/\/aprendizdomundo.com\/miltonoliveira\/wp-json\/wp\/v2\/pages\/2\/revisions\/658"}],"wp:attachment":[{"href":"https:\/\/aprendizdomundo.com\/miltonoliveira\/wp-json\/wp\/v2\/media?parent=2"}],"curies":[{"name":"wp","href":"https:\/\/api.w.org\/{rel}","templated":true}]}}