{"id":89,"date":"2024-05-24T15:41:09","date_gmt":"2024-05-24T18:41:09","guid":{"rendered":"https:\/\/aprendizdomundo.com\/miltonoliveira\/?page_id=89"},"modified":"2026-02-07T09:59:49","modified_gmt":"2026-02-07T12:59:49","slug":"contato","status":"publish","type":"page","link":"https:\/\/aprendizdomundo.com\/miltonoliveira\/contato\/","title":{"rendered":"Contato on-line"},"content":{"rendered":"<p>Este formul\u00e1rio \u00e9 disponibilizado para que voc\u00ea possa emitir suas opini\u00f5es, sugest\u00f5es ou solicita\u00e7\u00f5es com rela\u00e7\u00e3o ao nosso site e ao nosso web curr\u00edculo. A nossa pol\u00edtica de privacidade garante o uso dos dados aqui inscritos apenas para atendimento. Seu contato tamb\u00e9m pode ser feito diretamente pelo e-mail <strong><a title=\"Contato via Milton Oliveira Web Curr\u00edculo\" href=\"mailto:miltoncamobi@yahoo.com.br\">miltoncamobi@yahoo.com.br<\/a><\/strong>.<\/p>\n\n<div class=\"stcfq-container\" id=\"stcfq-container\">\n\t<form action=\"https:\/\/aprendizdomundo.com\/miltonoliveira\/wp-admin\/admin-ajax.php\" method=\"post\" class=\"stcfq-save-contact-form\">\n\t\t\t\t<input type=\"hidden\" name=\"save-contact\" value=\"bf803aedc5\">\n\t\t<input type=\"hidden\" name=\"action\" value=\"stcfq-save-contact\">\n\n\t\t<p><label>Seu nome:<br><span class=\"stcfq-form-control-wrap stcfq-name\"><input type=\"text\" name=\"name\" size=\"40\" class=\"stcfq-form-control\" required aria-required=true aria-invalid=\"false\"><\/span><\/label><\/p><p><label>Seu e-mail:<br><span class=\"stcfq-form-control-wrap stcfq-email\"><input type=\"email\" name=\"email\" size=\"40\" class=\"stcfq-form-control\" required aria-required=true aria-invalid=\"false\"><\/span><\/label><\/p><p><label>Assunto:<br><span class=\"stcfq-form-control-wrap stcfq-subject\"><input type=\"text\" name=\"subject\" size=\"40\" class=\"stcfq-form-control\" required aria-required=true aria-invalid=\"false\"><\/span><\/label><\/p><p><label>Sua mensagem:<br><span class=\"stcfq-form-control-wrap stcfq-message\"><textarea type=\"textarea\" name=\"message\" cols=\"65\" rows=\"6\" class=\"stcfq-form-control\" aria-invalid=\"false\"><\/textarea><\/span><\/label><\/p>\n\t\t<div class=\"stcfq-save-contact-btn-wrap\">\n\t\t\t<button type=\"submit\" class=\"stcfq-save-contact-btn\" >enviar<\/button>\n\t\t<\/div>\n\t<\/form>\n<\/div>\n\n","protected":false},"excerpt":{"rendered":"<p>Este formul\u00e1rio \u00e9 disponibilizado para que voc\u00ea possa emitir suas opini\u00f5es, sugest\u00f5es ou solicita\u00e7\u00f5es com rela\u00e7\u00e3o ao nosso site e ao nosso web curr\u00edculo. A nossa pol\u00edtica de privacidade garante o uso dos dados aqui inscritos apenas para atendimento. Seu contato tamb\u00e9m pode ser feito diretamente pelo e-mail miltoncamobi@yahoo.com.br.<\/p>\n","protected":false},"author":1,"featured_media":0,"parent":0,"menu_order":6,"comment_status":"closed","ping_status":"closed","template":"page-templates\/template-right-sidebar.php","meta":{"footnotes":""},"class_list":["post-89","page","type-page","status-publish","hentry"],"_links":{"self":[{"href":"https:\/\/aprendizdomundo.com\/miltonoliveira\/wp-json\/wp\/v2\/pages\/89","targetHints":{"allow":["GET"]}}],"collection":[{"href":"https:\/\/aprendizdomundo.com\/miltonoliveira\/wp-json\/wp\/v2\/pages"}],"about":[{"href":"https:\/\/aprendizdomundo.com\/miltonoliveira\/wp-json\/wp\/v2\/types\/page"}],"author":[{"embeddable":true,"href":"https:\/\/aprendizdomundo.com\/miltonoliveira\/wp-json\/wp\/v2\/users\/1"}],"replies":[{"embeddable":true,"href":"https:\/\/aprendizdomundo.com\/miltonoliveira\/wp-json\/wp\/v2\/comments?post=89"}],"version-history":[{"count":6,"href":"https:\/\/aprendizdomundo.com\/miltonoliveira\/wp-json\/wp\/v2\/pages\/89\/revisions"}],"predecessor-version":[{"id":620,"href":"https:\/\/aprendizdomundo.com\/miltonoliveira\/wp-json\/wp\/v2\/pages\/89\/revisions\/620"}],"wp:attachment":[{"href":"https:\/\/aprendizdomundo.com\/miltonoliveira\/wp-json\/wp\/v2\/media?parent=89"}],"curies":[{"name":"wp","href":"https:\/\/api.w.org\/{rel}","templated":true}]}}