{"id":25,"date":"2017-09-29T20:52:14","date_gmt":"2017-09-29T20:52:14","guid":{"rendered":"https:\/\/aprendizdomundo.com\/?page_id=2"},"modified":"2026-04-21T15:59:23","modified_gmt":"2026-04-21T18:59:23","slug":"apresentacao","status":"publish","type":"page","link":"https:\/\/aprendizdomundo.com\/portal\/apresentacao\/","title":{"rendered":"Apresenta\u00e7\u00e3o"},"content":{"rendered":"<p><img fetchpriority=\"high\" decoding=\"async\" title=\"Aprendiz do Mundo\" class=\"alignleft\" src=\"https:\/\/aprendizdomundo.com\/imagens\/marca320x320_aprendizdomundo.png\" alt=\"Aprendiz do Mundo\" width=\"320\" height=\"320\" \/>O dom\u00ednio <strong><a title=\"Aprendiz do Mundo\" href=\"https:\/\/www.aprendizdomundo.com\">aprendizdomundo.com<\/a><\/strong>, adquirido em 2012, se define pela express\u00e3o &#8220;<strong>web convergente<\/strong>&#8220;, pois converge para este endere\u00e7o todas as iniciativas e projetos virtuais de <strong><a title=\"Web Curr\u00edculo de Milton Oliveira\" href=\"https:\/\/www.aprendizdomundo.com\/miltonoliveira\" target=\"_blank\" rel=\"noopener\">Milton Oliveira<\/a><\/strong>, brasileiro, radialista, aprendiz de webmaster e poeta in\u00e9dito, cidad\u00e3o empenhado pela comunica\u00e7\u00e3o simples e producente.<\/p>\n<p>Aqui, desde o upgrade de 2017, propomos o di\u00e1logo com aqueles que se interessam por <strong><a title=\"Aprendiz do Mundo de Milton Oliveira\" href=\"https:\/\/aprendizdomundo.com\/portal\/perfil_producoes\/\">r\u00e1dio<\/a><\/strong>, estejam estes em busca de conte\u00fados de \u00e1udio para suas emissoras, ou apenas conhecendo o trabalho profissional do titular do site. E igualmente reunir os poemas de <strong><a title=\"Versos d'Alma\" href=\"https:\/\/www.aprendizdomundo.com\/versosdalma\" target=\"_blank\" rel=\"noopener\">Versos d&#8217;Alma<\/a><\/strong>\u00a0e <strong><a title=\"Milton Oliveira Curr\u00edculo Web\" href=\"https:\/\/www.aprendizdomundo.com\/miltonoliveira\" target=\"_blank\" rel=\"noopener\">Curr\u00edculo Web<\/a><\/strong>.<\/p>\n<p>Siga os nossos menus. Todos os contatos com nosso dom\u00ednio podem ser feitos pelo e-mail <strong><a title=\"Encontrei este e-mail no Aprendiz do Mundo\" href=\"mailto:miltoncamobi@yahoo.com.br\" target=\"_blank\" rel=\"noopener\">miltoncamobi@yahoo.com.br<\/a><\/strong>.<\/p>\n<p style=\"padding-top: 180px\"><b><i><font face=\"Arial\" size=\"2\">\u00daltima troca de tema e reestrutura\u00e7\u00e3o dos perfis das produ\u00e7\u00f5es: 30\/01\/2026<br \/>Atualiza\u00e7\u00e3o dos perfis das produ\u00e7\u00f5es: 21\/04\/2026<\/font><\/i><\/b><\/p>\n","protected":false},"excerpt":{"rendered":"<p>O dom\u00ednio aprendizdomundo.com, adquirido em 2012, se define pela express\u00e3o &#8220;web convergente&#8220;, pois converge para este endere\u00e7o todas as iniciativas e projetos virtuais de Milton Oliveira, brasileiro, radialista, aprendiz de webmaster e poeta in\u00e9dito, cidad\u00e3o empenhado pela comunica\u00e7\u00e3o simples e producente. Aqui, desde o upgrade de 2017, propomos o di\u00e1logo com aqueles que se interessam [&#8230;] <\/p>\n<p class=\"more-link-container\"><a href=\"https:\/\/aprendizdomundo.com\/portal\/apresentacao\/\" class=\"more-link\">Read More<span class=\"screen-reader-text\"> &#8220;Apresenta\u00e7\u00e3o&#8221;<\/span><\/a><\/p>\n","protected":false},"author":1,"featured_media":0,"parent":0,"menu_order":8,"comment_status":"closed","ping_status":"closed","template":"page-templates\/template-right-sidebar.php","meta":{"_eb_attr":"","footnotes":""},"class_list":["post-25","page","type-page","status-publish","hentry"],"_links":{"self":[{"href":"https:\/\/aprendizdomundo.com\/portal\/wp-json\/wp\/v2\/pages\/25","targetHints":{"allow":["GET"]}}],"collection":[{"href":"https:\/\/aprendizdomundo.com\/portal\/wp-json\/wp\/v2\/pages"}],"about":[{"href":"https:\/\/aprendizdomundo.com\/portal\/wp-json\/wp\/v2\/types\/page"}],"author":[{"embeddable":true,"href":"https:\/\/aprendizdomundo.com\/portal\/wp-json\/wp\/v2\/users\/1"}],"replies":[{"embeddable":true,"href":"https:\/\/aprendizdomundo.com\/portal\/wp-json\/wp\/v2\/comments?post=25"}],"version-history":[{"count":31,"href":"https:\/\/aprendizdomundo.com\/portal\/wp-json\/wp\/v2\/pages\/25\/revisions"}],"predecessor-version":[{"id":55234,"href":"https:\/\/aprendizdomundo.com\/portal\/wp-json\/wp\/v2\/pages\/25\/revisions\/55234"}],"wp:attachment":[{"href":"https:\/\/aprendizdomundo.com\/portal\/wp-json\/wp\/v2\/media?parent=25"}],"curies":[{"name":"wp","href":"https:\/\/api.w.org\/{rel}","templated":true}]}}