{"id":52726,"date":"2026-02-01T18:52:20","date_gmt":"2026-02-01T21:52:20","guid":{"rendered":"https:\/\/aprendizdomundo.com\/portal\/?page_id=52726"},"modified":"2026-02-07T12:47:19","modified_gmt":"2026-02-07T15:47:19","slug":"home","status":"publish","type":"page","link":"https:\/\/aprendizdomundo.com\/portal\/","title":{"rendered":"Home"},"content":{"rendered":"<p><div class=\"bdpp-wrap bdpp-lite bdpp-post-grid-wrap bdpp-post-data-wrap bdpp-design-1 bdpp-grid-3 bdp1-img img bdpp-layout-52721 bdpp-clearfix\" id=\"bdpp-post-grid-1\">\r\n\t<div class=\"bdpp-post-grid-inr-wrap bdpp-post-data-inr-wrap bdpp-clearfix\"><div class=\"bdpp-post-grid bdpp-col-3 bdpp-columns bdpp-post-55257 bdpp-post-standard bdpp-first bdpp-has-thumb\">\r\n\t<div class=\"bdpp-post-grid-content\">\r\n\t\t\t\t<div class=\"bdpp-post-img-bg\">\r\n\t\t\t<a href=\"https:\/\/aprendizdomundo.com\/portal\/2026\/05\/05\/aquarelanaresonance505\/\">\r\n\t\t\t\t<img decoding=\"async\" src=\"https:\/\/aprendizdomundo.com\/portal\/wp-content\/uploads\/2026\/02\/destacada2026aquarela.png\" class=\"bdpp-img bdpp-post-feat-img\" alt=\"Aquarela em destaque na Resonance nesta ter\u00e7a, 05\/05\" \/>\r\n\t\t\t\t\t\t\t<\/a>\r\n\t\t<\/div>\r\n\t\t\r\n\t\t<h2 class=\"bdpp-post-title\">\r\n\t\t\t<a href=\"https:\/\/aprendizdomundo.com\/portal\/2026\/05\/05\/aquarelanaresonance505\/\">Aquarela em destaque na Resonance nesta ter\u00e7a, 05\/05<\/a>\r\n\t\t<\/h2>\r\n\r\n\t\t\t\t<div class=\"bdpp-post-meta bdpp-post-meta-up\">\r\n\t\t\t<span class=\"bdpp-post-meta-data bdpp-post-date\"><i class=\"bdpp-fa fa-regular fa-clock\"><\/i>05\/05\/2026<\/span>\t\t<\/div>\r\n\t\t\t\t<div class=\"bdpp-post-content\">\r\n\t\t\t<div class=\"bdpp-post-desc\">Acompanhe a audi\u00e7\u00e3o 505 (na Resonance) do Aquarela, a partir das 22h00, pela Resonance R\u00e1dio. Uma produ\u00e7\u00e3o original da R\u00e1dio...<\/div>\r\n\t\t\t\t\t<\/div>\r\n\t\t\t<\/div>\r\n<\/div><div class=\"bdpp-post-grid bdpp-col-3 bdpp-columns bdpp-post-55255 bdpp-post-standard bdpp-has-thumb\">\r\n\t<div class=\"bdpp-post-grid-content\">\r\n\t\t\t\t<div class=\"bdpp-post-img-bg\">\r\n\t\t\t<a href=\"https:\/\/aprendizdomundo.com\/portal\/2026\/05\/05\/atracaonacionalnaunif1939\/\">\r\n\t\t\t\t<img decoding=\"async\" src=\"https:\/\/aprendizdomundo.com\/portal\/wp-content\/uploads\/2026\/02\/destacada2026atracao.png\" class=\"bdpp-img bdpp-post-feat-img\" alt=\"Z\u00e9 Guilherme na Uni FM nesta ter\u00e7a, 05\/05\" \/>\r\n\t\t\t\t\t\t\t<\/a>\r\n\t\t<\/div>\r\n\t\t\r\n\t\t<h2 class=\"bdpp-post-title\">\r\n\t\t\t<a href=\"https:\/\/aprendizdomundo.com\/portal\/2026\/05\/05\/atracaonacionalnaunif1939\/\">Z\u00e9 Guilherme na Uni FM nesta ter\u00e7a, 05\/05<\/a>\r\n\t\t<\/h2>\r\n\r\n\t\t\t\t<div class=\"bdpp-post-meta bdpp-post-meta-up\">\r\n\t\t\t<span class=\"bdpp-post-meta-data bdpp-post-date\"><i class=\"bdpp-fa fa-regular fa-clock\"><\/i>05\/05\/2026<\/span>\t\t<\/div>\r\n\t\t\t\t<div class=\"bdpp-post-content\">\r\n\t\t\t<div class=\"bdpp-post-desc\">Acompanhe o Atra\u00e7\u00e3o Nacional de hoje, a partir das 22h00, pela R\u00e1dio Uni FM. A audi\u00e7\u00e3o desta noite destaca mais...<\/div>\r\n\t\t\t\t\t<\/div>\r\n\t\t\t<\/div>\r\n<\/div><div class=\"bdpp-post-grid bdpp-col-3 bdpp-columns bdpp-post-55275 bdpp-post-standard bdpp-has-thumb\">\r\n\t<div class=\"bdpp-post-grid-content\">\r\n\t\t\t\t<div class=\"bdpp-post-img-bg\">\r\n\t\t\t<a href=\"https:\/\/aprendizdomundo.com\/portal\/2026\/05\/05\/estacaorgnabloco088\/\">\r\n\t\t\t\t<img decoding=\"async\" src=\"https:\/\/aprendizdomundo.com\/portal\/wp-content\/uploads\/2026\/02\/destacada2026estacaorg.png\" class=\"bdpp-img bdpp-post-feat-img\" alt=\"Esta\u00e7\u00e3o Rock Ga\u00facho na Bloco nesta ter\u00e7a, 05\/05\" \/>\r\n\t\t\t\t\t\t\t<\/a>\r\n\t\t<\/div>\r\n\t\t\r\n\t\t<h2 class=\"bdpp-post-title\">\r\n\t\t\t<a href=\"https:\/\/aprendizdomundo.com\/portal\/2026\/05\/05\/estacaorgnabloco088\/\">Esta\u00e7\u00e3o Rock Ga\u00facho na Bloco nesta ter\u00e7a, 05\/05<\/a>\r\n\t\t<\/h2>\r\n\r\n\t\t\t\t<div class=\"bdpp-post-meta bdpp-post-meta-up\">\r\n\t\t\t<span class=\"bdpp-post-meta-data bdpp-post-date\"><i class=\"bdpp-fa fa-regular fa-clock\"><\/i>05\/05\/2026<\/span>\t\t<\/div>\r\n\t\t\t\t<div class=\"bdpp-post-content\">\r\n\t\t\t<div class=\"bdpp-post-desc\">Acompanhe o Esta\u00e7\u00e3o Rock Ga\u00facho, a partir das 21h00, pela R\u00e1dio Bloco. Uma produ\u00e7\u00e3o original da R\u00e1dio Universidade AM. Anote...<\/div>\r\n\t\t\t\t\t<\/div>\r\n\t\t\t<\/div>\r\n<\/div><div class=\"bdpp-post-grid bdpp-col-3 bdpp-columns bdpp-post-55249 bdpp-post-standard bdpp-first bdpp-has-thumb\">\r\n\t<div class=\"bdpp-post-grid-content\">\r\n\t\t\t\t<div class=\"bdpp-post-img-bg\">\r\n\t\t\t<a href=\"https:\/\/aprendizdomundo.com\/portal\/2026\/05\/05\/atracaonacional2044\/\">\r\n\t\t\t\t<img decoding=\"async\" src=\"https:\/\/aprendizdomundo.com\/portal\/wp-content\/uploads\/2026\/02\/destacada2026atracao.png\" class=\"bdpp-img bdpp-post-feat-img\" alt=\"Patricia Mellodi na Universidade AM nesta ter\u00e7a, 05\/05\" \/>\r\n\t\t\t\t\t\t\t<\/a>\r\n\t\t<\/div>\r\n\t\t\r\n\t\t<h2 class=\"bdpp-post-title\">\r\n\t\t\t<a href=\"https:\/\/aprendizdomundo.com\/portal\/2026\/05\/05\/atracaonacional2044\/\">Patricia Mellodi na Universidade AM nesta ter\u00e7a, 05\/05<\/a>\r\n\t\t<\/h2>\r\n\r\n\t\t\t\t<div class=\"bdpp-post-meta bdpp-post-meta-up\">\r\n\t\t\t<span class=\"bdpp-post-meta-data bdpp-post-date\"><i class=\"bdpp-fa fa-regular fa-clock\"><\/i>05\/05\/2026<\/span>\t\t<\/div>\r\n\t\t\t\t<div class=\"bdpp-post-content\">\r\n\t\t\t<div class=\"bdpp-post-desc\">Acompanhe o Atra\u00e7\u00e3o Nacional de hoje, a partir das 20h00, na programa\u00e7\u00e3o da R\u00e1dio Universidade AM. A audi\u00e7\u00e3o desta noite...<\/div>\r\n\t\t\t\t\t<\/div>\r\n\t\t\t<\/div>\r\n<\/div><div class=\"bdpp-post-grid bdpp-col-3 bdpp-columns bdpp-post-55287 bdpp-post-standard bdpp-has-thumb\">\r\n\t<div class=\"bdpp-post-grid-content\">\r\n\t\t\t\t<div class=\"bdpp-post-img-bg\">\r\n\t\t\t<a href=\"https:\/\/aprendizdomundo.com\/portal\/2026\/05\/05\/fandangogaucho719\/\">\r\n\t\t\t\t<img decoding=\"async\" src=\"https:\/\/aprendizdomundo.com\/portal\/wp-content\/uploads\/2026\/02\/destacada2026fandango.png\" class=\"bdpp-img bdpp-post-feat-img\" alt=\"Fandango Ga\u00facho no entardecer da Universidade AM, 05\/05\" \/>\r\n\t\t\t\t\t\t\t<\/a>\r\n\t\t<\/div>\r\n\t\t\r\n\t\t<h2 class=\"bdpp-post-title\">\r\n\t\t\t<a href=\"https:\/\/aprendizdomundo.com\/portal\/2026\/05\/05\/fandangogaucho719\/\">Fandango Ga\u00facho no entardecer da Universidade AM, 05\/05<\/a>\r\n\t\t<\/h2>\r\n\r\n\t\t\t\t<div class=\"bdpp-post-meta bdpp-post-meta-up\">\r\n\t\t\t<span class=\"bdpp-post-meta-data bdpp-post-date\"><i class=\"bdpp-fa fa-regular fa-clock\"><\/i>05\/05\/2026<\/span>\t\t<\/div>\r\n\t\t\t\t<div class=\"bdpp-post-content\">\r\n\t\t\t<div class=\"bdpp-post-desc\">Acompanhe o Fandango Ga\u00facho de hoje, a partir das 18h00, pela R\u00e1dio Universidade AM. Voc\u00ea vai ouvir a seguinte sele\u00e7\u00e3o...<\/div>\r\n\t\t\t\t\t<\/div>\r\n\t\t\t<\/div>\r\n<\/div><div class=\"bdpp-post-grid bdpp-col-3 bdpp-columns bdpp-post-55259 bdpp-post-standard bdpp-has-thumb\">\r\n\t<div class=\"bdpp-post-grid-content\">\r\n\t\t\t\t<div class=\"bdpp-post-img-bg\">\r\n\t\t\t<a href=\"https:\/\/aprendizdomundo.com\/portal\/2026\/05\/05\/atracaonacionalnabloco360\/\">\r\n\t\t\t\t<img decoding=\"async\" src=\"https:\/\/aprendizdomundo.com\/portal\/wp-content\/uploads\/2026\/02\/destacada2026atracao.png\" class=\"bdpp-img bdpp-post-feat-img\" alt=\"Log\u00e3 na Bloco nesta ter\u00e7a, 05\/05\" \/>\r\n\t\t\t\t\t\t\t<\/a>\r\n\t\t<\/div>\r\n\t\t\r\n\t\t<h2 class=\"bdpp-post-title\">\r\n\t\t\t<a href=\"https:\/\/aprendizdomundo.com\/portal\/2026\/05\/05\/atracaonacionalnabloco360\/\">Log\u00e3 na Bloco nesta ter\u00e7a, 05\/05<\/a>\r\n\t\t<\/h2>\r\n\r\n\t\t\t\t<div class=\"bdpp-post-meta bdpp-post-meta-up\">\r\n\t\t\t<span class=\"bdpp-post-meta-data bdpp-post-date\"><i class=\"bdpp-fa fa-regular fa-clock\"><\/i>05\/05\/2026<\/span>\t\t<\/div>\r\n\t\t\t\t<div class=\"bdpp-post-content\">\r\n\t\t\t<div class=\"bdpp-post-desc\">Acompanhe a audi\u00e7\u00e3o 360 (na Bloco) do Atra\u00e7\u00e3o Nacional nesta ter\u00e7a, a partir das 17h00, pela R\u00e1dio Bloco. Uma produ\u00e7\u00e3o...<\/div>\r\n\t\t\t\t\t<\/div>\r\n\t\t\t<\/div>\r\n<\/div><div class=\"bdpp-post-grid bdpp-col-3 bdpp-columns bdpp-post-55293 bdpp-post-standard bdpp-first bdpp-has-thumb\">\r\n\t<div class=\"bdpp-post-grid-content\">\r\n\t\t\t\t<div class=\"bdpp-post-img-bg\">\r\n\t\t\t<a href=\"https:\/\/aprendizdomundo.com\/portal\/2026\/05\/05\/femina2329\/\">\r\n\t\t\t\t<img decoding=\"async\" src=\"https:\/\/aprendizdomundo.com\/portal\/wp-content\/uploads\/2026\/02\/destacada2026femina.png\" class=\"bdpp-img bdpp-post-feat-img\" alt=\"Femina na programa\u00e7\u00e3o da Universidade AM, 05\/05\" \/>\r\n\t\t\t\t\t\t\t<\/a>\r\n\t\t<\/div>\r\n\t\t\r\n\t\t<h2 class=\"bdpp-post-title\">\r\n\t\t\t<a href=\"https:\/\/aprendizdomundo.com\/portal\/2026\/05\/05\/femina2329\/\">Femina na programa\u00e7\u00e3o da Universidade AM, 05\/05<\/a>\r\n\t\t<\/h2>\r\n\r\n\t\t\t\t<div class=\"bdpp-post-meta bdpp-post-meta-up\">\r\n\t\t\t<span class=\"bdpp-post-meta-data bdpp-post-date\"><i class=\"bdpp-fa fa-regular fa-clock\"><\/i>05\/05\/2026<\/span>\t\t<\/div>\r\n\t\t\t\t<div class=\"bdpp-post-content\">\r\n\t\t\t<div class=\"bdpp-post-desc\">Acompanhe o Femina de hoje, a partir das 14h00, pela R\u00e1dio Universidade AM. A sele\u00e7\u00e3o musical programada \u00e9 a seguinte:...<\/div>\r\n\t\t\t\t\t<\/div>\r\n\t\t\t<\/div>\r\n<\/div><div class=\"bdpp-post-grid bdpp-col-3 bdpp-columns bdpp-post-55305 bdpp-post-standard bdpp-has-thumb\">\r\n\t<div class=\"bdpp-post-grid-content\">\r\n\t\t\t\t<div class=\"bdpp-post-img-bg\">\r\n\t\t\t<a href=\"https:\/\/aprendizdomundo.com\/portal\/2026\/05\/05\/memoriabrasil1659\/\">\r\n\t\t\t\t<img decoding=\"async\" src=\"https:\/\/aprendizdomundo.com\/portal\/wp-content\/uploads\/2026\/02\/destacada2026memoria.png\" class=\"bdpp-img bdpp-post-feat-img\" alt=\"Sucessos da Jovem Guarda na Universidade AM nesta ter\u00e7a, 05\/05\" \/>\r\n\t\t\t\t\t\t\t<\/a>\r\n\t\t<\/div>\r\n\t\t\r\n\t\t<h2 class=\"bdpp-post-title\">\r\n\t\t\t<a href=\"https:\/\/aprendizdomundo.com\/portal\/2026\/05\/05\/memoriabrasil1659\/\">Sucessos da Jovem Guarda na Universidade AM nesta ter\u00e7a, 05\/05<\/a>\r\n\t\t<\/h2>\r\n\r\n\t\t\t\t<div class=\"bdpp-post-meta bdpp-post-meta-up\">\r\n\t\t\t<span class=\"bdpp-post-meta-data bdpp-post-date\"><i class=\"bdpp-fa fa-regular fa-clock\"><\/i>05\/05\/2026<\/span>\t\t<\/div>\r\n\t\t\t\t<div class=\"bdpp-post-content\">\r\n\t\t\t<div class=\"bdpp-post-desc\">Acompanhe o Mem\u00f3ria Brasil de hoje, a partir das 11h00, pela R\u00e1dio Universidade AM. A audi\u00e7\u00e3o desta manh\u00e3 destaca outras...<\/div>\r\n\t\t\t\t\t<\/div>\r\n\t\t\t<\/div>\r\n<\/div><div class=\"bdpp-post-grid bdpp-col-3 bdpp-columns bdpp-post-55341 bdpp-post-standard bdpp-has-thumb\">\r\n\t<div class=\"bdpp-post-grid-content\">\r\n\t\t\t\t<div class=\"bdpp-post-img-bg\">\r\n\t\t\t<a href=\"https:\/\/aprendizdomundo.com\/portal\/2026\/05\/04\/sarandeio3300\/\">\r\n\t\t\t\t<img decoding=\"async\" src=\"https:\/\/aprendizdomundo.com\/portal\/wp-content\/uploads\/2026\/02\/destacada2026sarandeio.png\" class=\"bdpp-img bdpp-post-feat-img\" alt=\"Sarandeio no amanhecer da Universidade AM, 05\/05\" \/>\r\n\t\t\t\t\t\t\t<\/a>\r\n\t\t<\/div>\r\n\t\t\r\n\t\t<h2 class=\"bdpp-post-title\">\r\n\t\t\t<a href=\"https:\/\/aprendizdomundo.com\/portal\/2026\/05\/04\/sarandeio3300\/\">Sarandeio no amanhecer da Universidade AM, 05\/05<\/a>\r\n\t\t<\/h2>\r\n\r\n\t\t\t\t<div class=\"bdpp-post-meta bdpp-post-meta-up\">\r\n\t\t\t<span class=\"bdpp-post-meta-data bdpp-post-date\"><i class=\"bdpp-fa fa-regular fa-clock\"><\/i>04\/05\/2026<\/span>\t\t<\/div>\r\n\t\t\t\t<div class=\"bdpp-post-content\">\r\n\t\t\t<div class=\"bdpp-post-desc\">Acompanhe a audi\u00e7\u00e3o 3300 do Sarandeio na pr\u00f3xima madrugada, a partir das 05h00, pela R\u00e1dio Universidade AM. A sele\u00e7\u00e3o musical...<\/div>\r\n\t\t\t\t\t<\/div>\r\n\t\t\t<\/div>\r\n<\/div><div class=\"bdpp-post-grid bdpp-col-3 bdpp-columns bdpp-post-55329 bdpp-post-standard bdpp-first bdpp-has-thumb\">\r\n\t<div class=\"bdpp-post-grid-content\">\r\n\t\t\t\t<div class=\"bdpp-post-img-bg\">\r\n\t\t\t<a href=\"https:\/\/aprendizdomundo.com\/portal\/2026\/05\/04\/ritmolatino1653\/\">\r\n\t\t\t\t<img decoding=\"async\" src=\"https:\/\/aprendizdomundo.com\/portal\/wp-content\/uploads\/2026\/02\/destacada2026ritmo.png\" class=\"bdpp-img bdpp-post-feat-img\" alt=\"Ritmo Latino na programa\u00e7\u00e3o dos 800 AM, 05\/05\" \/>\r\n\t\t\t\t\t\t\t<\/a>\r\n\t\t<\/div>\r\n\t\t\r\n\t\t<h2 class=\"bdpp-post-title\">\r\n\t\t\t<a href=\"https:\/\/aprendizdomundo.com\/portal\/2026\/05\/04\/ritmolatino1653\/\">Ritmo Latino na programa\u00e7\u00e3o dos 800 AM, 05\/05<\/a>\r\n\t\t<\/h2>\r\n\r\n\t\t\t\t<div class=\"bdpp-post-meta bdpp-post-meta-up\">\r\n\t\t\t<span class=\"bdpp-post-meta-data bdpp-post-date\"><i class=\"bdpp-fa fa-regular fa-clock\"><\/i>04\/05\/2026<\/span>\t\t<\/div>\r\n\t\t\t\t<div class=\"bdpp-post-content\">\r\n\t\t\t<div class=\"bdpp-post-desc\">Ou\u00e7a o Ritmo Latino, na pr\u00f3xima madrugada, a partir das 03h00, pela R\u00e1dio Universidade AM. A sele\u00e7\u00e3o musical escolhida para...<\/div>\r\n\t\t\t\t\t<\/div>\r\n\t\t\t<\/div>\r\n<\/div><div class=\"bdpp-post-grid bdpp-col-3 bdpp-columns bdpp-post-55317 bdpp-post-standard bdpp-has-thumb\">\r\n\t<div class=\"bdpp-post-grid-content\">\r\n\t\t\t\t<div class=\"bdpp-post-img-bg\">\r\n\t\t\t<a href=\"https:\/\/aprendizdomundo.com\/portal\/2026\/05\/04\/onlythebest1429\/\">\r\n\t\t\t\t<img decoding=\"async\" src=\"https:\/\/aprendizdomundo.com\/portal\/wp-content\/uploads\/2026\/02\/destacada2026onlythebest.png\" class=\"bdpp-img bdpp-post-feat-img\" alt=\"Only the Best na madrugada da Universidade AM, 05\/05\" \/>\r\n\t\t\t\t\t\t\t<\/a>\r\n\t\t<\/div>\r\n\t\t\r\n\t\t<h2 class=\"bdpp-post-title\">\r\n\t\t\t<a href=\"https:\/\/aprendizdomundo.com\/portal\/2026\/05\/04\/onlythebest1429\/\">Only the Best na madrugada da Universidade AM, 05\/05<\/a>\r\n\t\t<\/h2>\r\n\r\n\t\t\t\t<div class=\"bdpp-post-meta bdpp-post-meta-up\">\r\n\t\t\t<span class=\"bdpp-post-meta-data bdpp-post-date\"><i class=\"bdpp-fa fa-regular fa-clock\"><\/i>04\/05\/2026<\/span>\t\t<\/div>\r\n\t\t\t\t<div class=\"bdpp-post-content\">\r\n\t\t\t<div class=\"bdpp-post-desc\">Acompanhe o Only the Best a partir da meia-noite, pela R\u00e1dio Universidade AM. A playlist da audi\u00e7\u00e3o \u00e9 a seguinte:...<\/div>\r\n\t\t\t\t\t<\/div>\r\n\t\t\t<\/div>\r\n<\/div><div class=\"bdpp-post-grid bdpp-col-3 bdpp-columns bdpp-post-55271 bdpp-post-standard bdpp-has-thumb\">\r\n\t<div class=\"bdpp-post-grid-content\">\r\n\t\t\t\t<div class=\"bdpp-post-img-bg\">\r\n\t\t\t<a href=\"https:\/\/aprendizdomundo.com\/portal\/2026\/05\/04\/tuttitempi1523\/\">\r\n\t\t\t\t<img decoding=\"async\" src=\"https:\/\/aprendizdomundo.com\/portal\/wp-content\/uploads\/2026\/02\/destacada2026ditutti.png\" class=\"bdpp-img bdpp-post-feat-img\" alt=\"Di Tutti i Tempi na noite da Universidade AM, 04\/05\" \/>\r\n\t\t\t\t\t\t\t<\/a>\r\n\t\t<\/div>\r\n\t\t\r\n\t\t<h2 class=\"bdpp-post-title\">\r\n\t\t\t<a href=\"https:\/\/aprendizdomundo.com\/portal\/2026\/05\/04\/tuttitempi1523\/\">Di Tutti i Tempi na noite da Universidade AM, 04\/05<\/a>\r\n\t\t<\/h2>\r\n\r\n\t\t\t\t<div class=\"bdpp-post-meta bdpp-post-meta-up\">\r\n\t\t\t<span class=\"bdpp-post-meta-data bdpp-post-date\"><i class=\"bdpp-fa fa-regular fa-clock\"><\/i>04\/05\/2026<\/span>\t\t<\/div>\r\n\t\t\t\t<div class=\"bdpp-post-content\">\r\n\t\t\t<div class=\"bdpp-post-desc\">Acompanhe o Di Tutti i Tempi de hoje, a partir das 23h00, pela R\u00e1dio Universidade AM. A audi\u00e7\u00e3o desta noite...<\/div>\r\n\t\t\t\t\t<\/div>\r\n\t\t\t<\/div>\r\n<\/div><div class=\"bdpp-post-grid bdpp-col-3 bdpp-columns bdpp-post-55277 bdpp-post-standard bdpp-first bdpp-has-thumb\">\r\n\t<div class=\"bdpp-post-grid-content\">\r\n\t\t\t\t<div class=\"bdpp-post-img-bg\">\r\n\t\t\t<a href=\"https:\/\/aprendizdomundo.com\/portal\/2026\/05\/04\/estacaorgnaresonance105\/\">\r\n\t\t\t\t<img decoding=\"async\" src=\"https:\/\/aprendizdomundo.com\/portal\/wp-content\/uploads\/2026\/02\/destacada2026estacaorg.png\" class=\"bdpp-img bdpp-post-feat-img\" alt=\"Esta\u00e7\u00e3o Rock Ga\u00facho na Resonance nesta segunda, 04\/05\" \/>\r\n\t\t\t\t\t\t\t<\/a>\r\n\t\t<\/div>\r\n\t\t\r\n\t\t<h2 class=\"bdpp-post-title\">\r\n\t\t\t<a href=\"https:\/\/aprendizdomundo.com\/portal\/2026\/05\/04\/estacaorgnaresonance105\/\">Esta\u00e7\u00e3o Rock Ga\u00facho na Resonance nesta segunda, 04\/05<\/a>\r\n\t\t<\/h2>\r\n\r\n\t\t\t\t<div class=\"bdpp-post-meta bdpp-post-meta-up\">\r\n\t\t\t<span class=\"bdpp-post-meta-data bdpp-post-date\"><i class=\"bdpp-fa fa-regular fa-clock\"><\/i>04\/05\/2026<\/span>\t\t<\/div>\r\n\t\t\t\t<div class=\"bdpp-post-content\">\r\n\t\t\t<div class=\"bdpp-post-desc\">Acompanhe a audi\u00e7\u00e3o 105 (na Resonance) do Esta\u00e7\u00e3o Rock Ga\u00facho, a partir das 22h00, pela Resonance R\u00e1dio. Uma produ\u00e7\u00e3o original...<\/div>\r\n\t\t\t\t\t<\/div>\r\n\t\t\t<\/div>\r\n<\/div><div class=\"bdpp-post-grid bdpp-col-3 bdpp-columns bdpp-post-55253 bdpp-post-standard bdpp-has-thumb\">\r\n\t<div class=\"bdpp-post-grid-content\">\r\n\t\t\t\t<div class=\"bdpp-post-img-bg\">\r\n\t\t\t<a href=\"https:\/\/aprendizdomundo.com\/portal\/2026\/05\/04\/atracaonacionalnaunif1938\/\">\r\n\t\t\t\t<img decoding=\"async\" src=\"https:\/\/aprendizdomundo.com\/portal\/wp-content\/uploads\/2026\/02\/destacada2026atracao.png\" class=\"bdpp-img bdpp-post-feat-img\" alt=\"Quinteto S.A. na Uni FM nesta segunda, 04\/05\" \/>\r\n\t\t\t\t\t\t\t<\/a>\r\n\t\t<\/div>\r\n\t\t\r\n\t\t<h2 class=\"bdpp-post-title\">\r\n\t\t\t<a href=\"https:\/\/aprendizdomundo.com\/portal\/2026\/05\/04\/atracaonacionalnaunif1938\/\">Quinteto S.A. na Uni FM nesta segunda, 04\/05<\/a>\r\n\t\t<\/h2>\r\n\r\n\t\t\t\t<div class=\"bdpp-post-meta bdpp-post-meta-up\">\r\n\t\t\t<span class=\"bdpp-post-meta-data bdpp-post-date\"><i class=\"bdpp-fa fa-regular fa-clock\"><\/i>04\/05\/2026<\/span>\t\t<\/div>\r\n\t\t\t\t<div class=\"bdpp-post-content\">\r\n\t\t\t<div class=\"bdpp-post-desc\">Acompanhe o Atra\u00e7\u00e3o Nacional de hoje, a partir das 22h00, pela R\u00e1dio Uni FM. A audi\u00e7\u00e3o desta noite destaca mais...<\/div>\r\n\t\t\t\t\t<\/div>\r\n\t\t\t<\/div>\r\n<\/div><div class=\"bdpp-post-grid bdpp-col-3 bdpp-columns bdpp-post-55241 bdpp-post-standard bdpp-has-thumb\">\r\n\t<div class=\"bdpp-post-grid-content\">\r\n\t\t\t\t<div class=\"bdpp-post-img-bg\">\r\n\t\t\t<a href=\"https:\/\/aprendizdomundo.com\/portal\/2026\/05\/04\/armazem110\/\">\r\n\t\t\t\t<img decoding=\"async\" src=\"https:\/\/aprendizdomundo.com\/portal\/wp-content\/uploads\/2026\/02\/destacada2026armazem.png\" class=\"bdpp-img bdpp-post-feat-img\" alt=\"Armaz\u00e9m 90 na Universidade AM nesta segunda, 04\/05\" \/>\r\n\t\t\t\t\t\t\t<\/a>\r\n\t\t<\/div>\r\n\t\t\r\n\t\t<h2 class=\"bdpp-post-title\">\r\n\t\t\t<a href=\"https:\/\/aprendizdomundo.com\/portal\/2026\/05\/04\/armazem110\/\">Armaz\u00e9m 90 na Universidade AM nesta segunda, 04\/05<\/a>\r\n\t\t<\/h2>\r\n\r\n\t\t\t\t<div class=\"bdpp-post-meta bdpp-post-meta-up\">\r\n\t\t\t<span class=\"bdpp-post-meta-data bdpp-post-date\"><i class=\"bdpp-fa fa-regular fa-clock\"><\/i>04\/05\/2026<\/span>\t\t<\/div>\r\n\t\t\t\t<div class=\"bdpp-post-content\">\r\n\t\t\t<div class=\"bdpp-post-desc\">Acompanhe a audi\u00e7\u00e3o 110 (nos 800 AM) do Armaz\u00e9m 90, a partir das 21h00, pela R\u00e1dio Universidade AM. Anote a\u00ed...<\/div>\r\n\t\t\t\t\t<\/div>\r\n\t\t\t<\/div>\r\n<\/div><div class=\"bdpp-post-grid bdpp-col-3 bdpp-columns bdpp-post-55247 bdpp-post-standard bdpp-first bdpp-has-thumb\">\r\n\t<div class=\"bdpp-post-grid-content\">\r\n\t\t\t\t<div class=\"bdpp-post-img-bg\">\r\n\t\t\t<a href=\"https:\/\/aprendizdomundo.com\/portal\/2026\/05\/04\/atracaonacional2043\/\">\r\n\t\t\t\t<img decoding=\"async\" src=\"https:\/\/aprendizdomundo.com\/portal\/wp-content\/uploads\/2026\/02\/destacada2026atracao.png\" class=\"bdpp-img bdpp-post-feat-img\" alt=\"Gabriel Guerra na Universidade AM nesta segunda, 04\/05\" \/>\r\n\t\t\t\t\t\t\t<\/a>\r\n\t\t<\/div>\r\n\t\t\r\n\t\t<h2 class=\"bdpp-post-title\">\r\n\t\t\t<a href=\"https:\/\/aprendizdomundo.com\/portal\/2026\/05\/04\/atracaonacional2043\/\">Gabriel Guerra na Universidade AM nesta segunda, 04\/05<\/a>\r\n\t\t<\/h2>\r\n\r\n\t\t\t\t<div class=\"bdpp-post-meta bdpp-post-meta-up\">\r\n\t\t\t<span class=\"bdpp-post-meta-data bdpp-post-date\"><i class=\"bdpp-fa fa-regular fa-clock\"><\/i>04\/05\/2026<\/span>\t\t<\/div>\r\n\t\t\t\t<div class=\"bdpp-post-content\">\r\n\t\t\t<div class=\"bdpp-post-desc\">Acompanhe o Atra\u00e7\u00e3o Nacional de hoje, a partir das 20h00, na programa\u00e7\u00e3o da R\u00e1dio Universidade AM. A audi\u00e7\u00e3o desta noite...<\/div>\r\n\t\t\t\t\t<\/div>\r\n\t\t\t<\/div>\r\n<\/div><div class=\"bdpp-post-grid bdpp-col-3 bdpp-columns bdpp-post-55285 bdpp-post-standard bdpp-has-thumb\">\r\n\t<div class=\"bdpp-post-grid-content\">\r\n\t\t\t\t<div class=\"bdpp-post-img-bg\">\r\n\t\t\t<a href=\"https:\/\/aprendizdomundo.com\/portal\/2026\/05\/04\/fandangogaucho718\/\">\r\n\t\t\t\t<img decoding=\"async\" src=\"https:\/\/aprendizdomundo.com\/portal\/wp-content\/uploads\/2026\/02\/destacada2026fandango.png\" class=\"bdpp-img bdpp-post-feat-img\" alt=\"Fandango Ga\u00facho no entardecer da Universidade AM, 04\/05\" \/>\r\n\t\t\t\t\t\t\t<\/a>\r\n\t\t<\/div>\r\n\t\t\r\n\t\t<h2 class=\"bdpp-post-title\">\r\n\t\t\t<a href=\"https:\/\/aprendizdomundo.com\/portal\/2026\/05\/04\/fandangogaucho718\/\">Fandango Ga\u00facho no entardecer da Universidade AM, 04\/05<\/a>\r\n\t\t<\/h2>\r\n\r\n\t\t\t\t<div class=\"bdpp-post-meta bdpp-post-meta-up\">\r\n\t\t\t<span class=\"bdpp-post-meta-data bdpp-post-date\"><i class=\"bdpp-fa fa-regular fa-clock\"><\/i>04\/05\/2026<\/span>\t\t<\/div>\r\n\t\t\t\t<div class=\"bdpp-post-content\">\r\n\t\t\t<div class=\"bdpp-post-desc\">Acompanhe o Fandango Ga\u00facho de hoje, a partir das 18h00, pela R\u00e1dio Universidade AM. Voc\u00ea vai ouvir a seguinte sele\u00e7\u00e3o...<\/div>\r\n\t\t\t\t\t<\/div>\r\n\t\t\t<\/div>\r\n<\/div><div class=\"bdpp-post-grid bdpp-col-3 bdpp-columns bdpp-post-55291 bdpp-post-standard bdpp-has-thumb\">\r\n\t<div class=\"bdpp-post-grid-content\">\r\n\t\t\t\t<div class=\"bdpp-post-img-bg\">\r\n\t\t\t<a href=\"https:\/\/aprendizdomundo.com\/portal\/2026\/05\/04\/femina2328\/\">\r\n\t\t\t\t<img decoding=\"async\" src=\"https:\/\/aprendizdomundo.com\/portal\/wp-content\/uploads\/2026\/02\/destacada2026femina.png\" class=\"bdpp-img bdpp-post-feat-img\" alt=\"Femina na programa\u00e7\u00e3o da Universidade AM, 04\/05\" \/>\r\n\t\t\t\t\t\t\t<\/a>\r\n\t\t<\/div>\r\n\t\t\r\n\t\t<h2 class=\"bdpp-post-title\">\r\n\t\t\t<a href=\"https:\/\/aprendizdomundo.com\/portal\/2026\/05\/04\/femina2328\/\">Femina na programa\u00e7\u00e3o da Universidade AM, 04\/05<\/a>\r\n\t\t<\/h2>\r\n\r\n\t\t\t\t<div class=\"bdpp-post-meta bdpp-post-meta-up\">\r\n\t\t\t<span class=\"bdpp-post-meta-data bdpp-post-date\"><i class=\"bdpp-fa fa-regular fa-clock\"><\/i>04\/05\/2026<\/span>\t\t<\/div>\r\n\t\t\t\t<div class=\"bdpp-post-content\">\r\n\t\t\t<div class=\"bdpp-post-desc\">Acompanhe o Femina de hoje, a partir das 14h00, pela R\u00e1dio Universidade AM. A sele\u00e7\u00e3o musical programada \u00e9 a seguinte:...<\/div>\r\n\t\t\t\t\t<\/div>\r\n\t\t\t<\/div>\r\n<\/div>\t<\/div>\r\n\t\t<div class=\"bdpp-paging bdpp-clearfix\">\r\n\t\t<span aria-current=\"page\" class=\"page-numbers current\">1<\/span>\n<a class=\"page-numbers\" href=\"https:\/\/aprendizdomundo.com\/portal\/wp-json\/wp\/v2\/pages\/52726\/page\/2\/\">2<\/a>\n<a class=\"page-numbers\" href=\"https:\/\/aprendizdomundo.com\/portal\/wp-json\/wp\/v2\/pages\/52726\/page\/3\/\">3<\/a>\n<span class=\"page-numbers dots\">&hellip;<\/span>\n<a class=\"page-numbers\" href=\"https:\/\/aprendizdomundo.com\/portal\/wp-json\/wp\/v2\/pages\/52726\/page\/1362\/\">1.362<\/a>\n<a class=\"next page-numbers\" href=\"https:\/\/aprendizdomundo.com\/portal\/wp-json\/wp\/v2\/pages\/52726\/page\/2\/\">Pr\u00f3ximo \u00bb &raquo;<\/a>\t<\/div>\r\n<\/div><br \/>\n&#8211; &#8211; &#8211; &#8211; &#8211; &#8211; &#8211; &#8211; &#8211; &#8211; &#8211; &#8211; &#8211; &#8211; &#8211; &#8211; &#8211; &#8211; &#8211; &#8211; &#8211; &#8211; &#8211; &#8211; &#8211; &#8211; &#8211; &#8211; &#8211; &#8211; &#8211; &#8211; &#8211; &#8211; &#8211; &#8211; &#8211; &#8211; &#8211; &#8211;<\/p>\n<p align=\"left\" style=\"margin-top: -8px; margin-bottom: -10px\"><img decoding=\"async\" border=\"0\" title=\"Produto do Brasil\" src=\"https:\/\/aprendizdomundo.com\/imagens\/bandeirabrasil.png\"><\/p>\n","protected":false},"excerpt":{"rendered":"<p>&#8211; &#8211; &#8211; &#8211; &#8211; &#8211; &#8211; &#8211; &#8211; &#8211; &#8211; &#8211; &#8211; &#8211; &#8211; &#8211; &#8211; &#8211; &#8211; &#8211; &#8211; &#8211; &#8211; &#8211; &#8211; &#8211; &#8211; &#8211; &#8211; &#8211; &#8211; &#8211; &#8211; &#8211; &#8211; &#8211; &#8211; &#8211; &#8211; &#8211;<\/p>\n","protected":false},"author":1,"featured_media":0,"parent":0,"menu_order":1,"comment_status":"closed","ping_status":"closed","template":"page-templates\/template-no-title-right-sidebar.php","meta":{"_eb_attr":"","footnotes":""},"class_list":["post-52726","page","type-page","status-publish","hentry"],"_links":{"self":[{"href":"https:\/\/aprendizdomundo.com\/portal\/wp-json\/wp\/v2\/pages\/52726","targetHints":{"allow":["GET"]}}],"collection":[{"href":"https:\/\/aprendizdomundo.com\/portal\/wp-json\/wp\/v2\/pages"}],"about":[{"href":"https:\/\/aprendizdomundo.com\/portal\/wp-json\/wp\/v2\/types\/page"}],"author":[{"embeddable":true,"href":"https:\/\/aprendizdomundo.com\/portal\/wp-json\/wp\/v2\/users\/1"}],"replies":[{"embeddable":true,"href":"https:\/\/aprendizdomundo.com\/portal\/wp-json\/wp\/v2\/comments?post=52726"}],"version-history":[{"count":18,"href":"https:\/\/aprendizdomundo.com\/portal\/wp-json\/wp\/v2\/pages\/52726\/revisions"}],"predecessor-version":[{"id":53351,"href":"https:\/\/aprendizdomundo.com\/portal\/wp-json\/wp\/v2\/pages\/52726\/revisions\/53351"}],"wp:attachment":[{"href":"https:\/\/aprendizdomundo.com\/portal\/wp-json\/wp\/v2\/media?parent=52726"}],"curies":[{"name":"wp","href":"https:\/\/api.w.org\/{rel}","templated":true}]}}