{"id":52738,"date":"2026-02-02T14:57:43","date_gmt":"2026-02-02T17:57:43","guid":{"rendered":"https:\/\/aprendizdomundo.com\/portal\/?page_id=52738"},"modified":"2026-02-08T13:56:03","modified_gmt":"2026-02-08T16:56:03","slug":"perfil_producoes","status":"publish","type":"page","link":"https:\/\/aprendizdomundo.com\/portal\/perfil_producoes\/","title":{"rendered":"Produ\u00e7\u00f5es de r\u00e1dio"},"content":{"rendered":"<p><img fetchpriority=\"high\" decoding=\"async\" title=\"Produ\u00e7\u00f5es de r\u00e1dio\" class=\"alignleft\" src=\"https:\/\/aprendizdomundo.com\/imagens\/perfil_producoes.png\" alt=\"Produ\u00e7\u00f5es de r\u00e1dio\" width=\"400\" height=\"400\" \/>Este site re\u00fane diversos programas e programetes (quadros) produzidos pelo radialista <strong>Milton Oliveira<\/strong>, programador de r\u00e1dio e televis\u00e3o na <strong><a title=\"Portal UFSM\" href=\"https:\/\/www.ufsm.br\/\" target=\"_blank\" rel=\"noopener noreferrer\">Universidade Federal de Santa Maria<\/a><\/strong>, e colaboradores associados. V\u00e1rias produ\u00e7\u00f5es est\u00e3o dispon\u00edveis para veicula\u00e7\u00e3o em emissoras de r\u00e1dio convencionais (comunit\u00e1rias, educativas e\/ou comerciais) e\/ou web r\u00e1dios.<\/p>\n<p>O conte\u00fado \u00e9 distribu\u00eddo gratuitamente, mediante forma\u00e7\u00e3o de parceria. Para manifestar interesse e dar in\u00edcio a este processo de parceria, favor contatar o titular pelo e-mail <strong><a title=\"E-mail de Milton Oliveira\" href=\"mailto:miltoncamobi@yahoo.com.br\">miltoncamobi@yahoo.com.br<\/a><\/strong>.<\/p>\n<p>Nosso site tamb\u00e9m inclui, somente como registro, as produ\u00e7\u00f5es exclusivas das <strong><a title=\"R\u00e1dios UFSM\" href=\"https:\/\/www.ufsm.br\/radio\" target=\"_blank\" rel=\"noopener noreferrer\">R\u00e1dios da UFSM<\/a><\/strong>, vinculadas ao trabalho do titular. E outros registros hist\u00f3ricos de programas e quadros descontinuados.<\/p>\n<h3><a title=\"Programas dispon\u00edveis\" href=\"https:\/\/aprendizdomundo.com\/portal\/perfil_programas\">Programas dispon\u00edveis<\/a><\/h3>\n<p style=\"margin-top: 0; margin-bottom: 6px\"><img decoding=\"async\" border=\"0\" title=\"Destaque\" alt=\"Destaque\" src=\"https:\/\/aprendizdomundo.com\/imagens\/marcador.png\" width=\"64\" height=\"24\"><strong><a title=\"Aquarela\" href=\"https:\/\/aprendizdomundo.com\/portal\/perfil_aquarela\/\">Aquarela<\/a><\/strong><\/p>\n<p style=\"margin-top: 0; margin-bottom: 6px\"><img decoding=\"async\" border=\"0\" title=\"Destaque\" alt=\"Destaque\" src=\"https:\/\/aprendizdomundo.com\/imagens\/marcador.png\" width=\"64\" height=\"24\"><strong><a title=\"Armaz\u00e9m 90\" href=\"https:\/\/aprendizdomundo.com\/portal\/perfil_armazem90\/\">Armaz\u00e9m 90<\/a><\/strong><\/p>\n<p style=\"margin-top: 0; margin-bottom: 6px\"><img decoding=\"async\" border=\"0\" title=\"Destaque\" alt=\"Destaque\" src=\"https:\/\/aprendizdomundo.com\/imagens\/marcador.png\" width=\"64\" height=\"24\"><strong><a title=\"Atra\u00e7\u00e3o Nacional\" href=\"https:\/\/aprendizdomundo.com\/portal\/perfil_atracaonacional\/\">Atra\u00e7\u00e3o Nacional<\/a><\/strong><\/p>\n<p style=\"margin-top: 0; margin-bottom: 6px\"><img decoding=\"async\" border=\"0\" title=\"Destaque\" alt=\"Destaque\" src=\"https:\/\/aprendizdomundo.com\/imagens\/marcador.png\" width=\"64\" height=\"24\"><strong><a title=\"Calhandra Nativa\" href=\"https:\/\/aprendizdomundo.com\/portal\/perfil_calhandranativa\/\">Calhandra Nativa<\/a><\/strong><\/p>\n<p style=\"margin-top: 0; margin-bottom: 6px\"><img decoding=\"async\" border=\"0\" title=\"Destaque\" alt=\"Destaque\" src=\"https:\/\/aprendizdomundo.com\/imagens\/marcador.png\" width=\"64\" height=\"24\"><strong><a title=\"Di Tutti i Tempi\" href=\"https:\/\/aprendizdomundo.com\/portal\/perfil_dituttiitempi\/\">Di Tutti i Tempi<\/a><\/strong><\/p>\n<p style=\"margin-top: 0; margin-bottom: 6px\"><img decoding=\"async\" border=\"0\" title=\"Destaque\" alt=\"Destaque\" src=\"https:\/\/aprendizdomundo.com\/imagens\/marcador.png\" width=\"64\" height=\"24\"><strong><a title=\"Esta\u00e7\u00e3o Rock Ga\u00facho\" href=\"https:\/\/aprendizdomundo.com\/portal\/perfil_estacaorockgaucho\/\">Esta\u00e7\u00e3o Rock Ga\u00facho<\/a><\/strong><\/p>\n<p style=\"margin-top: 0; margin-bottom: 6px\"><img decoding=\"async\" border=\"0\" title=\"Destaque\" alt=\"Destaque\" src=\"https:\/\/aprendizdomundo.com\/imagens\/marcador.png\" width=\"64\" height=\"24\"><strong><a title=\"Fandango Ga\u00facho\" href=\"https:\/\/aprendizdomundo.com\/portal\/perfil_fandangogaucho\/\">Fandango Ga\u00facho<\/a><\/strong><\/p>\n<p style=\"margin-top: 0; margin-bottom: 6px\"><img decoding=\"async\" border=\"0\" title=\"Destaque\" alt=\"Destaque\" src=\"https:\/\/aprendizdomundo.com\/imagens\/marcador.png\" width=\"64\" height=\"24\"><strong><a title=\"Femina\" href=\"https:\/\/aprendizdomundo.com\/portal\/perfil_femina\/\">Femina<\/a><\/strong><\/p>\n<p style=\"margin-top: 0; margin-bottom: 6px\"><img decoding=\"async\" border=\"0\" title=\"Destaque\" alt=\"Destaque\" src=\"https:\/\/aprendizdomundo.com\/imagens\/marcador.png\" width=\"64\" height=\"24\"><strong><a title=\"Gera\u00e7\u00e3o Brasileira\" href=\"https:\/\/aprendizdomundo.com\/portal\/perfil_geracaobrasileira\/\">Gera\u00e7\u00e3o Brasileira<\/a><\/strong><\/p>\n<p style=\"margin-top: 0; margin-bottom: 6px\"><img decoding=\"async\" border=\"0\" title=\"Destaque\" alt=\"Destaque\" src=\"https:\/\/aprendizdomundo.com\/imagens\/marcador.png\" width=\"64\" height=\"24\"><strong><a title=\"Mem\u00f3ria Brasil\" href=\"https:\/\/aprendizdomundo.com\/portal\/perfil_memoriabrasil\/\">Mem\u00f3ria Brasil<\/a><\/strong><\/p>\n<p style=\"margin-top: 0; margin-bottom: 6px\"><img decoding=\"async\" border=\"0\" title=\"Destaque\" alt=\"Destaque\" src=\"https:\/\/aprendizdomundo.com\/imagens\/marcador.png\" width=\"64\" height=\"24\"><strong><a title=\"Only the Best\" href=\"https:\/\/aprendizdomundo.com\/portal\/perfil_onlythebest\/\">Only the Best<\/a><\/strong><\/p>\n<p style=\"margin-top: 0; margin-bottom: 6px\"><img decoding=\"async\" border=\"0\" title=\"Destaque\" alt=\"Destaque\" src=\"https:\/\/aprendizdomundo.com\/imagens\/marcador.png\" width=\"64\" height=\"24\"><strong><a title=\"Ritmo Latino\" href=\"https:\/\/aprendizdomundo.com\/portal\/perfil_ritmolatino\/\">Ritmo Latino<\/a><\/strong><\/p>\n<p style=\"margin-top: 0; margin-bottom: 6px\"><img decoding=\"async\" border=\"0\" title=\"Destaque\" alt=\"Destaque\" src=\"https:\/\/aprendizdomundo.com\/imagens\/marcador.png\" width=\"64\" height=\"24\"><strong><a title=\"Sarandeio\" href=\"https:\/\/aprendizdomundo.com\/portal\/perfil_sarandeio\/\">Sarandeio<\/a><\/strong><\/p>\n<p style=\"margin-top: 0; margin-bottom: 6px\"><img decoding=\"async\" border=\"0\" title=\"Destaque\" alt=\"Destaque\" src=\"https:\/\/aprendizdomundo.com\/imagens\/marcador.png\" width=\"64\" height=\"24\"><strong><a title=\"Sess\u00e3o Jovem Guarda\" href=\"https:\/\/aprendizdomundo.com\/portal\/perfil_sessaojovemguarda\/\">Sess\u00e3o Jovem Guarda<\/a><\/strong><\/p>\n<p style=\"margin-top: 0; margin-bottom: 40px\"><img decoding=\"async\" border=\"0\" title=\"Destaque\" alt=\"Destaque\" src=\"https:\/\/aprendizdomundo.com\/imagens\/marcador.png\" width=\"64\" height=\"24\"><strong><a title=\"The Sounds of Good\" href=\"https:\/\/aprendizdomundo.com\/portal\/perfil_thesoundsofgood\/\">The Sounds of Good<\/a><\/strong><\/p>\n<h3><a title=\"Programetes dispon\u00edveis\" href=\"https:\/\/aprendizdomundo.com\/portal\/perfil_programetes\">Programetes dispon\u00edveis<\/a><\/h3>\n<p style=\"margin-top: 0; margin-bottom: 6px\"><img decoding=\"async\" border=\"0\" title=\"Destaque\" alt=\"Destaque\" src=\"https:\/\/aprendizdomundo.com\/imagens\/marcador.png\" width=\"64\" height=\"24\"><strong><a title=\"A Can\u00e7\u00e3o do Dia\" href=\"https:\/\/aprendizdomundo.com\/portal\/perfil_acancaododia\/\">A Can\u00e7\u00e3o do Dia<\/a><\/strong><\/p>\n<p style=\"margin-top: 0; margin-bottom: 6px\"><img decoding=\"async\" border=\"0\" title=\"Destaque\" alt=\"Destaque\" src=\"https:\/\/aprendizdomundo.com\/imagens\/marcador.png\" width=\"64\" height=\"24\"><strong><a title=\"Conversa de Botequim\" href=\"https:\/\/aprendizdomundo.com\/portal\/perfil_conversadebotequim\/\">Conversa de Botequim<\/a><\/strong><\/p>\n<p style=\"margin-top: 0; margin-bottom: 6px\"><img decoding=\"async\" border=\"0\" title=\"Destaque\" alt=\"Destaque\" src=\"https:\/\/aprendizdomundo.com\/imagens\/marcador.png\" width=\"64\" height=\"24\"><strong><a title=\"Cultura Ga\u00facha\" href=\"https:\/\/aprendizdomundo.com\/portal\/perfil_culturagaucha\/\">Cultura Ga\u00facha<\/a><\/strong><\/p>\n<p style=\"margin-top: 0; margin-bottom: 6px\"><img decoding=\"async\" border=\"0\" title=\"Destaque\" alt=\"Destaque\" src=\"https:\/\/aprendizdomundo.com\/imagens\/marcador.png\" width=\"64\" height=\"24\"><strong><a title=\"Elis para Sempre\" href=\"https:\/\/aprendizdomundo.com\/portal\/perfil_elisparasempre\/\">Elis para Sempre<\/a><\/strong><\/p>\n<p style=\"margin-top: 0; margin-bottom: 40px\"><img decoding=\"async\" border=\"0\" title=\"Destaque\" alt=\"Destaque\" src=\"https:\/\/aprendizdomundo.com\/imagens\/marcador.png\" width=\"64\" height=\"24\"><strong><a title=\"Uma e Outra\" href=\"https:\/\/aprendizdomundo.com\/portal\/perfil_umaeoutra\/\">Uma e Outra<\/a><\/strong><\/p>\n<h3><a title=\"Programas exclusivos\" href=\"https:\/\/aprendizdomundo.com\/portal\/perfil_exclusivos\">Programas exclusivos<\/a><\/h3>\n<p style=\"margin-top: 0; margin-bottom: 6px\"><img decoding=\"async\" border=\"0\" title=\"Destaque\" alt=\"Destaque\" src=\"https:\/\/aprendizdomundo.com\/imagens\/marcador.png\" width=\"64\" height=\"24\"><strong><a title=\"Arquivo 800\" href=\"https:\/\/aprendizdomundo.com\/portal\/perfil_arquivo800\/\">Arquivo 800<\/a><\/strong><\/p>\n<p style=\"margin-top: 0; margin-bottom: 6px\"><img decoding=\"async\" border=\"0\" title=\"Destaque\" alt=\"Destaque\" src=\"https:\/\/aprendizdomundo.com\/imagens\/marcador.png\" width=\"64\" height=\"24\"><strong><a title=\"O Canto do Ga\u00facho\" href=\"https:\/\/aprendizdomundo.com\/portal\/perfil_ocantodogaucho\/\">O Canto do Ga\u00facho<\/a><\/strong><\/p>\n<p style=\"margin-top: 0; margin-bottom: 40px\"><img decoding=\"async\" border=\"0\" title=\"Destaque\" alt=\"Destaque\" src=\"https:\/\/aprendizdomundo.com\/imagens\/marcador.png\" width=\"64\" height=\"24\"><strong><a title=\"Ra\u00edzes da Am\u00e9rica\" href=\"https:\/\/aprendizdomundo.com\/portal\/perfil_raizesdaamerica\/\">Ra\u00edzes da Am\u00e9rica<\/a><\/strong><\/p>\n<h3><a title=\"Produ\u00e7\u00f5es descontinuadas\" href=\"https:\/\/aprendizdomundo.com\/portal\/perfil_descontinuadas\">Produ\u00e7\u00f5es descontinuadas<\/a><\/h3>\n<p style=\"margin-top: 0; margin-bottom: 6px\"><img decoding=\"async\" border=\"0\" title=\"Destaque\" alt=\"Destaque\" src=\"https:\/\/aprendizdomundo.com\/imagens\/marcador.png\" width=\"64\" height=\"24\"><strong><a title=\"Audi\u00e7\u00e3o Brasil\" href=\"https:\/\/aprendizdomundo.com\/portal\/perfil_audicaobrasil\/\">Audi\u00e7\u00e3o Brasil<\/a><\/strong><\/p>\n<p style=\"margin-top: 0; margin-bottom: 6px\"><img decoding=\"async\" border=\"0\" title=\"Destaque\" alt=\"Destaque\" src=\"https:\/\/aprendizdomundo.com\/imagens\/marcador.png\" width=\"64\" height=\"24\"><strong><a title=\"Benedetta Italia\" href=\"https:\/\/aprendizdomundo.com\/portal\/perfil_benedettaitalia\/\">Benedetta Italia<\/a><\/strong><\/p>\n<p style=\"margin-top: 0; margin-bottom: 6px\"><img decoding=\"async\" border=\"0\" title=\"Destaque\" alt=\"Destaque\" src=\"https:\/\/aprendizdomundo.com\/imagens\/marcador.png\" width=\"64\" height=\"24\"><strong><a title=\"Canzoni della Domenica\" href=\"https:\/\/aprendizdomundo.com\/portal\/perfil_canzonidelladomenica\/\">Canzoni della Domenica<\/a><\/strong><\/p>\n<p style=\"margin-top: 0; margin-bottom: 6px\"><img decoding=\"async\" border=\"0\" title=\"Destaque\" alt=\"Destaque\" src=\"https:\/\/aprendizdomundo.com\/imagens\/marcador.png\" width=\"64\" height=\"24\"><strong><a title=\"Conex\u00e3o 292\" href=\"https:\/\/aprendizdomundo.com\/portal\/perfil_conexao292\/\">Conex\u00e3o 292<\/a><\/strong><\/p>\n<p style=\"margin-top: 0; margin-bottom: 6px\"><img decoding=\"async\" border=\"0\" title=\"Destaque\" alt=\"Destaque\" src=\"https:\/\/aprendizdomundo.com\/imagens\/marcador.png\" width=\"64\" height=\"24\"><strong><a title=\"Editoria S\" href=\"https:\/\/aprendizdomundo.com\/portal\/perfil_editorias\/\">Editoria S<\/a><\/strong><\/p>\n<p style=\"margin-top: 0; margin-bottom: 6px\"><img decoding=\"async\" border=\"0\" title=\"Destaque\" alt=\"Destaque\" src=\"https:\/\/aprendizdomundo.com\/imagens\/marcador.png\" width=\"64\" height=\"24\"><strong><a title=\"Esta\u00e7\u00e3o 800\" href=\"https:\/\/aprendizdomundo.com\/portal\/perfil_estacao800\/\">Esta\u00e7\u00e3o 800<\/a><\/strong><\/p>\n<p style=\"margin-top: 0; margin-bottom: 6px\"><img decoding=\"async\" border=\"0\" title=\"Destaque\" alt=\"Destaque\" src=\"https:\/\/aprendizdomundo.com\/imagens\/marcador.png\" width=\"64\" height=\"24\"><strong><a title=\"Expresso\" href=\"https:\/\/aprendizdomundo.com\/portal\/perfil_expresso\/\">Expresso<\/a><\/strong><\/p>\n<p style=\"margin-top: 0; margin-bottom: 6px\"><img decoding=\"async\" border=\"0\" title=\"Destaque\" alt=\"Destaque\" src=\"https:\/\/aprendizdomundo.com\/imagens\/marcador.png\" width=\"64\" height=\"24\"><strong><a title=\"Expresso 292\" href=\"https:\/\/aprendizdomundo.com\/portal\/perfil_expresso292\/\">Expresso 292<\/a><\/strong><\/p>\n<p style=\"margin-top: 0; margin-bottom: 6px\"><img decoding=\"async\" border=\"0\" title=\"Destaque\" alt=\"Destaque\" src=\"https:\/\/aprendizdomundo.com\/imagens\/marcador.png\" width=\"64\" height=\"24\"><strong><a title=\"Finestra Italiana\" href=\"https:\/\/aprendizdomundo.com\/portal\/perfil_finestraitaliana\/\">Finestra Italiana<\/a><\/strong><\/p>\n<p style=\"margin-top: 0; margin-bottom: 6px\"><img decoding=\"async\" border=\"0\" title=\"Destaque\" alt=\"Destaque\" src=\"https:\/\/aprendizdomundo.com\/imagens\/marcador.png\" width=\"64\" height=\"24\"><strong><a title=\"InfoM\u00fasica\" href=\"https:\/\/aprendizdomundo.com\/portal\/perfil_infomusica\/\">InfoM\u00fasica<\/a><\/strong><\/p>\n<p style=\"margin-top: 0; margin-bottom: 6px\"><img decoding=\"async\" border=\"0\" title=\"Destaque\" alt=\"Destaque\" src=\"https:\/\/aprendizdomundo.com\/imagens\/marcador.png\" width=\"64\" height=\"24\"><strong><a title=\"Italia di Sempre\" href=\"https:\/\/aprendizdomundo.com\/portal\/perfil_italiadisempre\/\">Italia di Sempre<\/a><\/strong><\/p>\n<p style=\"margin-top: 0; margin-bottom: 6px\"><img decoding=\"async\" border=\"0\" title=\"Destaque\" alt=\"Destaque\" src=\"https:\/\/aprendizdomundo.com\/imagens\/marcador.png\" width=\"64\" height=\"24\"><strong><a title=\"Magazine\" href=\"https:\/\/aprendizdomundo.com\/portal\/perfil_magazine\/\">Magazine<\/a><\/strong><\/p>\n<p style=\"margin-top: 0; margin-bottom: 6px\"><img decoding=\"async\" border=\"0\" title=\"Destaque\" alt=\"Destaque\" src=\"https:\/\/aprendizdomundo.com\/imagens\/marcador.png\" width=\"64\" height=\"24\"><strong><a title=\"Mirante\" href=\"https:\/\/aprendizdomundo.com\/portal\/perfil_mirante\/\">Mirante<\/a><\/strong><\/p>\n<p style=\"margin-top: 0; margin-bottom: 6px\"><img decoding=\"async\" border=\"0\" title=\"Destaque\" alt=\"Destaque\" src=\"https:\/\/aprendizdomundo.com\/imagens\/marcador.png\" width=\"64\" height=\"24\"><strong><a title=\"Talento em Destaque\" href=\"https:\/\/aprendizdomundo.com\/portal\/perfil_talentoemdestaque\/\">Talento em Destaque<\/a><\/strong><\/p>\n<p style=\"margin-top: 0; margin-bottom: 6px\"><img decoding=\"async\" border=\"0\" title=\"Destaque\" alt=\"Destaque\" src=\"https:\/\/aprendizdomundo.com\/imagens\/marcador.png\" width=\"64\" height=\"24\"><strong><a title=\"Talento em Destaque, o programa\" href=\"https:\/\/aprendizdomundo.com\/portal\/perfil_tdprograma\/\">Talento em Destaque, o programa<\/a><\/strong><\/p>\n<p style=\"margin-top: 0; margin-bottom: 6px\"><img decoding=\"async\" border=\"0\" title=\"Destaque\" alt=\"Destaque\" src=\"https:\/\/aprendizdomundo.com\/imagens\/marcador.png\" width=\"64\" height=\"24\"><strong><a title=\"Talentos de Portugal\" href=\"https:\/\/aprendizdomundo.com\/portal\/perfil_talentosdeportugal\/\">Talentos de Portugal<\/a><\/strong><\/p>\n<p style=\"margin-top: 0; margin-bottom: 6px\"><img decoding=\"async\" border=\"0\" title=\"Destaque\" alt=\"Destaque\" src=\"https:\/\/aprendizdomundo.com\/imagens\/marcador.png\" width=\"64\" height=\"24\"><strong><a title=\"Universidade Instrumental\" href=\"https:\/\/aprendizdomundo.com\/portal\/perfil_universidadeinstrumental\/\">Universidade Instrumental, o programa<\/a><\/strong><\/p>\n<p style=\"margin-top: 0; margin-bottom: 40px\"><img decoding=\"async\" border=\"0\" title=\"Destaque\" alt=\"Destaque\" src=\"https:\/\/aprendizdomundo.com\/imagens\/marcador.png\" width=\"64\" height=\"24\">E tantas outras apenas <strong><a title=\"Produ\u00e7\u00f5es descontinuadas\" href=\"https:\/\/aprendizdomundo.com\/portal\/perfil_descontinuadas\">listadas<\/a><\/strong>, sem descritivo<\/p>\n","protected":false},"excerpt":{"rendered":"<p>Este site re\u00fane diversos programas e programetes (quadros) produzidos pelo radialista Milton Oliveira, programador de r\u00e1dio e televis\u00e3o na Universidade Federal de Santa Maria, e colaboradores associados. V\u00e1rias produ\u00e7\u00f5es est\u00e3o dispon\u00edveis para veicula\u00e7\u00e3o em emissoras de r\u00e1dio convencionais (comunit\u00e1rias, educativas e\/ou comerciais) e\/ou web r\u00e1dios. O conte\u00fado \u00e9 distribu\u00eddo gratuitamente, mediante forma\u00e7\u00e3o de parceria. Para [&#8230;] <\/p>\n<p class=\"more-link-container\"><a href=\"https:\/\/aprendizdomundo.com\/portal\/perfil_producoes\/\" class=\"more-link\">Read More<span class=\"screen-reader-text\"> &#8220;Produ\u00e7\u00f5es de r\u00e1dio&#8221;<\/span><\/a><\/p>\n","protected":false},"author":1,"featured_media":0,"parent":0,"menu_order":3,"comment_status":"closed","ping_status":"closed","template":"page-templates\/template-right-sidebar.php","meta":{"_eb_attr":"","footnotes":""},"class_list":["post-52738","page","type-page","status-publish","hentry"],"_links":{"self":[{"href":"https:\/\/aprendizdomundo.com\/portal\/wp-json\/wp\/v2\/pages\/52738","targetHints":{"allow":["GET"]}}],"collection":[{"href":"https:\/\/aprendizdomundo.com\/portal\/wp-json\/wp\/v2\/pages"}],"about":[{"href":"https:\/\/aprendizdomundo.com\/portal\/wp-json\/wp\/v2\/types\/page"}],"author":[{"embeddable":true,"href":"https:\/\/aprendizdomundo.com\/portal\/wp-json\/wp\/v2\/users\/1"}],"replies":[{"embeddable":true,"href":"https:\/\/aprendizdomundo.com\/portal\/wp-json\/wp\/v2\/comments?post=52738"}],"version-history":[{"count":5,"href":"https:\/\/aprendizdomundo.com\/portal\/wp-json\/wp\/v2\/pages\/52738\/revisions"}],"predecessor-version":[{"id":53426,"href":"https:\/\/aprendizdomundo.com\/portal\/wp-json\/wp\/v2\/pages\/52738\/revisions\/53426"}],"wp:attachment":[{"href":"https:\/\/aprendizdomundo.com\/portal\/wp-json\/wp\/v2\/media?parent=52738"}],"curies":[{"name":"wp","href":"https:\/\/api.w.org\/{rel}","templated":true}]}}