{"id":52740,"date":"2026-02-02T14:59:31","date_gmt":"2026-02-02T17:59:31","guid":{"rendered":"https:\/\/aprendizdomundo.com\/portal\/?page_id=52740"},"modified":"2026-02-14T09:40:40","modified_gmt":"2026-02-14T12:40:40","slug":"perfil_programas","status":"publish","type":"page","link":"https:\/\/aprendizdomundo.com\/portal\/perfil_producoes\/perfil_programas\/","title":{"rendered":"Programas dispon\u00edveis"},"content":{"rendered":"<p><img fetchpriority=\"high\" decoding=\"async\" title=\"Programas dispon\u00edveis\" class=\"alignleft\" src=\"https:\/\/aprendizdomundo.com\/imagens\/perfil_programas.png\" alt=\"Programas dispon\u00edveis\" width=\"400\" height=\"400\" \/>A partir deste \u00edndice reunimos os <strong>programas<\/strong>\u00a0produzidos pelo radialista <strong>Milton Oliveira<\/strong>, todos dispon\u00edveis para veicula\u00e7\u00e3o em emissoras de r\u00e1dio convencionais (comunit\u00e1rias, educativas e\/ou comerciais) e\/ou web r\u00e1dios.<\/p>\n<p>O conte\u00fado \u00e9 distribu\u00eddo gratuitamente, mediante forma\u00e7\u00e3o de parceria.<\/p>\n<p>Para manifestar interesse e dar in\u00edcio a este processo de parceria, favor contatar o titular pelo e-mail <strong><a title=\"E-mail de Milton Oliveira\" href=\"mailto:miltoncamobi@yahoo.com.br\">miltoncamobi@yahoo.com.br<\/a><\/strong>.<\/p>\n<p>&nbsp;<\/p>\n<p style=\"margin-top: 0; margin-bottom: 6px\"><img decoding=\"async\" border=\"0\" title=\"Destaque\" alt=\"Destaque\" src=\"https:\/\/aprendizdomundo.com\/imagens\/marcador.png\" width=\"64\" height=\"24\"><strong><a title=\"Aquarela\" href=\"https:\/\/aprendizdomundo.com\/portal\/perfil_aquarela\/\">Aquarela<\/a><\/strong><\/p>\n<p style=\"margin-top: 0; margin-bottom: 6px\"><img decoding=\"async\" border=\"0\" title=\"Destaque\" alt=\"Destaque\" src=\"https:\/\/aprendizdomundo.com\/imagens\/marcador.png\" width=\"64\" height=\"24\"><strong><a title=\"Armaz\u00e9m 90\" href=\"https:\/\/aprendizdomundo.com\/portal\/perfil_armazem90\/\">Armaz\u00e9m 90<\/a><\/strong><\/p>\n<p style=\"margin-top: 0; margin-bottom: 6px\"><img decoding=\"async\" border=\"0\" title=\"Destaque\" alt=\"Destaque\" src=\"https:\/\/aprendizdomundo.com\/imagens\/marcador.png\" width=\"64\" height=\"24\"><strong><a title=\"Atra\u00e7\u00e3o Nacional\" href=\"https:\/\/aprendizdomundo.com\/portal\/perfil_atracaonacional\/\">Atra\u00e7\u00e3o Nacional<\/a><\/strong><\/p>\n<p style=\"margin-top: 0; margin-bottom: 6px\"><img decoding=\"async\" border=\"0\" title=\"Destaque\" alt=\"Destaque\" src=\"https:\/\/aprendizdomundo.com\/imagens\/marcador.png\" width=\"64\" height=\"24\"><strong><a title=\"Calhandra Nativa\" href=\"https:\/\/aprendizdomundo.com\/portal\/perfil_calhandranativa\/\">Calhandra Nativa<\/a><\/strong><\/p>\n<p style=\"margin-top: 0; margin-bottom: 6px\"><img decoding=\"async\" border=\"0\" title=\"Destaque\" alt=\"Destaque\" src=\"https:\/\/aprendizdomundo.com\/imagens\/marcador.png\" width=\"64\" height=\"24\"><strong><a title=\"Di Tutti i Tempi\" href=\"https:\/\/aprendizdomundo.com\/portal\/perfil_dituttiitempi\/\">Di Tutti i Tempi<\/a><\/strong><\/p>\n<p style=\"margin-top: 0; margin-bottom: 6px\"><img decoding=\"async\" border=\"0\" title=\"Destaque\" alt=\"Destaque\" src=\"https:\/\/aprendizdomundo.com\/imagens\/marcador.png\" width=\"64\" height=\"24\"><strong><a title=\"Esta\u00e7\u00e3o Rock Ga\u00facho\" href=\"https:\/\/aprendizdomundo.com\/portal\/perfil_estacaorockgaucho\/\">Esta\u00e7\u00e3o Rock Ga\u00facho<\/a><\/strong><\/p>\n<p style=\"margin-top: 0; margin-bottom: 6px\"><img decoding=\"async\" border=\"0\" title=\"Destaque\" alt=\"Destaque\" src=\"https:\/\/aprendizdomundo.com\/imagens\/marcador.png\" width=\"64\" height=\"24\"><strong><a title=\"Fandango Ga\u00facho\" href=\"https:\/\/aprendizdomundo.com\/portal\/perfil_fandangogaucho\/\">Fandango Ga\u00facho<\/a><\/strong><\/p>\n<p style=\"margin-top: 0; margin-bottom: 6px\"><img decoding=\"async\" border=\"0\" title=\"Destaque\" alt=\"Destaque\" src=\"https:\/\/aprendizdomundo.com\/imagens\/marcador.png\" width=\"64\" height=\"24\"><strong><a title=\"Femina\" href=\"https:\/\/aprendizdomundo.com\/portal\/perfil_femina\/\">Femina<\/a><\/strong><\/p>\n<p style=\"margin-top: 0; margin-bottom: 6px\"><img decoding=\"async\" border=\"0\" title=\"Destaque\" alt=\"Destaque\" src=\"https:\/\/aprendizdomundo.com\/imagens\/marcador.png\" width=\"64\" height=\"24\"><strong><a title=\"Gera\u00e7\u00e3o Brasileira\" href=\"https:\/\/aprendizdomundo.com\/portal\/perfil_geracaobrasileira\/\">Gera\u00e7\u00e3o Brasileira<\/a><\/strong><\/p>\n<p style=\"margin-top: 0; margin-bottom: 6px\"><img decoding=\"async\" border=\"0\" title=\"Destaque\" alt=\"Destaque\" src=\"https:\/\/aprendizdomundo.com\/imagens\/marcador.png\" width=\"64\" height=\"24\"><strong><a title=\"Mem\u00f3ria Brasil\" href=\"https:\/\/aprendizdomundo.com\/portal\/perfil_memoriabrasil\/\">Mem\u00f3ria Brasil<\/a><\/strong><\/p>\n<p style=\"margin-top: 0; margin-bottom: 6px\"><img decoding=\"async\" border=\"0\" title=\"Destaque\" alt=\"Destaque\" src=\"https:\/\/aprendizdomundo.com\/imagens\/marcador.png\" width=\"64\" height=\"24\"><strong><a title=\"Only the Best\" href=\"https:\/\/aprendizdomundo.com\/portal\/perfil_onlythebest\/\">Only the Best<\/a><\/strong><\/p>\n<p style=\"margin-top: 0; margin-bottom: 6px\"><img decoding=\"async\" border=\"0\" title=\"Destaque\" alt=\"Destaque\" src=\"https:\/\/aprendizdomundo.com\/imagens\/marcador.png\" width=\"64\" height=\"24\"><strong><a title=\"Ritmo Latino\" href=\"https:\/\/aprendizdomundo.com\/portal\/perfil_ritmolatino\/\">Ritmo Latino<\/a><\/strong><\/p>\n<p style=\"margin-top: 0; margin-bottom: 6px\"><img decoding=\"async\" border=\"0\" title=\"Destaque\" alt=\"Destaque\" src=\"https:\/\/aprendizdomundo.com\/imagens\/marcador.png\" width=\"64\" height=\"24\"><strong><a title=\"Sarandeio\" href=\"https:\/\/aprendizdomundo.com\/portal\/perfil_sarandeio\/\">Sarandeio<\/a><\/strong><\/p>\n<p style=\"margin-top: 0; margin-bottom: 6px\"><img decoding=\"async\" border=\"0\" title=\"Destaque\" alt=\"Destaque\" src=\"https:\/\/aprendizdomundo.com\/imagens\/marcador.png\" width=\"64\" height=\"24\"><strong><a title=\"Sess\u00e3o Jovem Guarda\" href=\"https:\/\/aprendizdomundo.com\/portal\/perfil_sessaojovemguarda\/\">Sess\u00e3o Jovem Guarda<\/a><\/strong><\/p>\n<p style=\"margin-top: 0; margin-bottom: 40px\"><img decoding=\"async\" border=\"0\" title=\"Destaque\" alt=\"Destaque\" src=\"https:\/\/aprendizdomundo.com\/imagens\/marcador.png\" width=\"64\" height=\"24\"><strong><a title=\"The Sounds of Good\" href=\"https:\/\/aprendizdomundo.com\/portal\/perfil_thesoundsofgood\/\">The Sounds of Good<\/a><\/strong><\/p>\n","protected":false},"excerpt":{"rendered":"<p>A partir deste \u00edndice reunimos os programas\u00a0produzidos pelo radialista Milton Oliveira, todos dispon\u00edveis para veicula\u00e7\u00e3o em emissoras de r\u00e1dio convencionais (comunit\u00e1rias, educativas e\/ou comerciais) e\/ou web r\u00e1dios. O conte\u00fado \u00e9 distribu\u00eddo gratuitamente, mediante forma\u00e7\u00e3o de parceria. Para manifestar interesse e dar in\u00edcio a este processo de parceria, favor contatar o titular pelo e-mail miltoncamobi@yahoo.com.br. &nbsp; [&#8230;] <\/p>\n<p class=\"more-link-container\"><a href=\"https:\/\/aprendizdomundo.com\/portal\/perfil_producoes\/perfil_programas\/\" class=\"more-link\">Read More<span class=\"screen-reader-text\"> &#8220;Programas dispon\u00edveis&#8221;<\/span><\/a><\/p>\n","protected":false},"author":1,"featured_media":0,"parent":52738,"menu_order":4,"comment_status":"closed","ping_status":"closed","template":"page-templates\/template-right-sidebar.php","meta":{"_eb_attr":"","footnotes":""},"class_list":["post-52740","page","type-page","status-publish","hentry"],"_links":{"self":[{"href":"https:\/\/aprendizdomundo.com\/portal\/wp-json\/wp\/v2\/pages\/52740","targetHints":{"allow":["GET"]}}],"collection":[{"href":"https:\/\/aprendizdomundo.com\/portal\/wp-json\/wp\/v2\/pages"}],"about":[{"href":"https:\/\/aprendizdomundo.com\/portal\/wp-json\/wp\/v2\/types\/page"}],"author":[{"embeddable":true,"href":"https:\/\/aprendizdomundo.com\/portal\/wp-json\/wp\/v2\/users\/1"}],"replies":[{"embeddable":true,"href":"https:\/\/aprendizdomundo.com\/portal\/wp-json\/wp\/v2\/comments?post=52740"}],"version-history":[{"count":7,"href":"https:\/\/aprendizdomundo.com\/portal\/wp-json\/wp\/v2\/pages\/52740\/revisions"}],"predecessor-version":[{"id":53637,"href":"https:\/\/aprendizdomundo.com\/portal\/wp-json\/wp\/v2\/pages\/52740\/revisions\/53637"}],"up":[{"embeddable":true,"href":"https:\/\/aprendizdomundo.com\/portal\/wp-json\/wp\/v2\/pages\/52738"}],"wp:attachment":[{"href":"https:\/\/aprendizdomundo.com\/portal\/wp-json\/wp\/v2\/media?parent=52740"}],"curies":[{"name":"wp","href":"https:\/\/api.w.org\/{rel}","templated":true}]}}