{"id":52744,"date":"2026-02-02T15:00:48","date_gmt":"2026-02-02T18:00:48","guid":{"rendered":"https:\/\/aprendizdomundo.com\/portal\/?page_id=52744"},"modified":"2026-04-21T15:50:17","modified_gmt":"2026-04-21T18:50:17","slug":"perfil_armazem90","status":"publish","type":"page","link":"https:\/\/aprendizdomundo.com\/portal\/perfil_producoes\/perfil_programas\/perfil_armazem90\/","title":{"rendered":"Armaz\u00e9m 90"},"content":{"rendered":"<p style=\"margin-top: 0; margin-bottom: 6px\"><img decoding=\"async\" border=\"0\" title=\"Destaque\" alt=\"Destaque\" src=\"https:\/\/aprendizdomundo.com\/imagens\/marcador.png\" width=\"64\" height=\"24\">Segunda, 21h00\/23h00, na <strong><a title=\"R\u00e1dio Universidade AM\" href=\"https:\/\/www.ufsm.br\/radio\" target=\"_blank\" rel=\"noopener noreferrer\">Universidade AM<\/a><\/strong><\/span><\/p>\n<p style=\"margin-top: 0; margin-bottom: 6px\"><img decoding=\"async\" border=\"0\" title=\"Destaque\" alt=\"Destaque\" src=\"https:\/\/aprendizdomundo.com\/imagens\/marcador.png\" width=\"64\" height=\"24\">Quinta, 21h00\/22h00, na <strong><a title=\"R\u00e1dio Bloco\" href=\"http:\/\/www.radiobloco.net\/\" target=\"_blank\" rel=\"noopener\">R\u00e1dio Bloco<\/a><\/strong><\/span><\/p>\n<p style=\"margin-top: 0; margin-bottom: 40px\"><img decoding=\"async\" border=\"0\" title=\"Destaque\" alt=\"Destaque\" src=\"https:\/\/aprendizdomundo.com\/imagens\/marcador.png\" width=\"64\" height=\"24\">Sexta, 21h00\/22h00, na <strong><a title=\"Uni FM\" href=\"https:\/\/www.ufsm.br\/radio\" target=\"_blank\" rel=\"noopener noreferrer\">Uni FM<\/a><\/strong><\/span><\/p>\n<p><img fetchpriority=\"high\" decoding=\"async\" title=\"Armaz\u00e9m 90\" class=\"alignleft\" src=\"https:\/\/aprendizdomundo.com\/imagens\/marca800_armazem.png\" alt=\"Armaz\u00e9m 90\" width=\"400\" height=\"400\" \/><strong>Armaz\u00e9m 90<\/strong> \u00e9 um programa cultural semanal dedicado aos sucessos da d\u00e9cada de 1990. A atra\u00e7\u00e3o re\u00fane artistas brasileiros e estrangeiros na sua playlist.<\/p>\n<p>Cria\u00e7\u00e3o, dire\u00e7\u00e3o, produ\u00e7\u00e3o, pesquisa, curadoria musical, sele\u00e7\u00e3o de repert\u00f3rio, roteiriza\u00e7\u00e3o, reda\u00e7\u00e3o de texto, apresenta\u00e7\u00e3o, edi\u00e7\u00e3o, controle de inser\u00e7\u00f5es, divulga\u00e7\u00e3o digital e gerenciamento de acervo: <strong><a title=\"Milton Oliveira Web Curr\u00edculo\" href=\"https:\/\/www.aprendizdomundo.com\/miltonoliveira\" target=\"_blank\" rel=\"noopener\">Milton Oliveira<\/a><\/strong><\/p>\n<p>Voz da vinhetagem: <strong><a title=\"Roberto Montagner\" href=\"https:\/\/www.facebook.com\/roberto.montagner.146\" target=\"_blank\" rel=\"noopener\">Roberto Montagner<\/a><\/strong><\/p>\n<p>Slogan: <strong>A m\u00fasica relevante da \u00faltima d\u00e9cada do s\u00e9culo XX.<\/strong><\/p>\n<p>Grava\u00e7\u00f5es: <strong>Equipe T\u00e9cnica R\u00e1dios UFSM<\/strong><\/p>\n<p>O <strong>Armaz\u00e9m 90<\/strong> \u00e9 uma produ\u00e7\u00e3o criada originalmente para as <strong><a title=\"R\u00e1dios UFSM\" href=\"https:\/\/www.ufsm.br\/radio\" target=\"_blank\" rel=\"noopener\">R\u00e1dios da UFSM<\/a><\/strong>. Na <strong>Universidade 800 AM<\/strong>, onde fez sua estreia em 01\/04\/2024, ocupa a faixa das 21h00 \u00e0s 23h00, toda segunda-feira; e na <strong>Uni FM 107.9<\/strong>, onde estreou em 05\/04\/2024, \u00e9 veiculado na faixa das 21h00 \u00e0s 22h00, toda sexta-feira.<\/p>\n<p>Na emissora parceira <strong><a title=\"R\u00e1dio Bloco\" href=\"http:\/\/www.radiobloco.net\/\" target=\"_blank\" rel=\"noopener\">R\u00e1dio Bloco<\/a><\/strong>, fez sua estreia em 05\/09\/2024. Vai ao ar toda quinta, na faixa das 21h00 \u00e0s 22h00. As audi\u00e7\u00f5es n\u00e3o s\u00e3o vinculadas, os destaques s\u00e3o sempre diferentes em cada emissora.<\/p>\n<p>Esta produ\u00e7\u00e3o j\u00e1 tem uma s\u00e9rie de 40 programas finalizados (para espa\u00e7o de uma hora) e est\u00e1 dispon\u00edvel para veicula\u00e7\u00e3o em sua emissora, \u00e9 s\u00f3 contatar pelo <strong>e-mail <a title=\"E-mail de Milton Oliveira\" href=\"mailto:miltoncamobi@yahoo.com.br\">miltoncamobi@yahoo.com.br<\/a><\/strong>.<\/p>\n<p style=\"margin-top: 1px; margin-bottom: 1px\">As mat\u00e9rias espec\u00edficas para cada audi\u00e7\u00e3o se encontram <a title=\"Confira as chamadas do programa Armaz\u00e9m 90\" target=\"_self\" href=\"https:\/\/aprendizdomundo.com\/portal\/category\/armazem\/\" rel=\"noopener\">neste link<\/a>.<\/p>\n","protected":false},"excerpt":{"rendered":"<p>Segunda, 21h00\/23h00, na Universidade AM Quinta, 21h00\/22h00, na R\u00e1dio Bloco Sexta, 21h00\/22h00, na Uni FM Armaz\u00e9m 90 \u00e9 um programa cultural semanal dedicado aos sucessos da d\u00e9cada de 1990. A atra\u00e7\u00e3o re\u00fane artistas brasileiros e estrangeiros na sua playlist. Cria\u00e7\u00e3o, dire\u00e7\u00e3o, produ\u00e7\u00e3o, pesquisa, curadoria musical, sele\u00e7\u00e3o de repert\u00f3rio, roteiriza\u00e7\u00e3o, reda\u00e7\u00e3o de texto, apresenta\u00e7\u00e3o, edi\u00e7\u00e3o, controle [&#8230;] <\/p>\n<p class=\"more-link-container\"><a href=\"https:\/\/aprendizdomundo.com\/portal\/perfil_producoes\/perfil_programas\/perfil_armazem90\/\" class=\"more-link\">Read More<span class=\"screen-reader-text\"> &#8220;Armaz\u00e9m 90&#8221;<\/span><\/a><\/p>\n","protected":false},"author":1,"featured_media":0,"parent":52740,"menu_order":0,"comment_status":"closed","ping_status":"closed","template":"page-templates\/template-right-sidebar.php","meta":{"_eb_attr":"","footnotes":""},"class_list":["post-52744","page","type-page","status-publish","hentry"],"_links":{"self":[{"href":"https:\/\/aprendizdomundo.com\/portal\/wp-json\/wp\/v2\/pages\/52744","targetHints":{"allow":["GET"]}}],"collection":[{"href":"https:\/\/aprendizdomundo.com\/portal\/wp-json\/wp\/v2\/pages"}],"about":[{"href":"https:\/\/aprendizdomundo.com\/portal\/wp-json\/wp\/v2\/types\/page"}],"author":[{"embeddable":true,"href":"https:\/\/aprendizdomundo.com\/portal\/wp-json\/wp\/v2\/users\/1"}],"replies":[{"embeddable":true,"href":"https:\/\/aprendizdomundo.com\/portal\/wp-json\/wp\/v2\/comments?post=52744"}],"version-history":[{"count":9,"href":"https:\/\/aprendizdomundo.com\/portal\/wp-json\/wp\/v2\/pages\/52744\/revisions"}],"predecessor-version":[{"id":55230,"href":"https:\/\/aprendizdomundo.com\/portal\/wp-json\/wp\/v2\/pages\/52744\/revisions\/55230"}],"up":[{"embeddable":true,"href":"https:\/\/aprendizdomundo.com\/portal\/wp-json\/wp\/v2\/pages\/52740"}],"wp:attachment":[{"href":"https:\/\/aprendizdomundo.com\/portal\/wp-json\/wp\/v2\/media?parent=52744"}],"curies":[{"name":"wp","href":"https:\/\/api.w.org\/{rel}","templated":true}]}}