{"id":52746,"date":"2026-02-02T15:01:12","date_gmt":"2026-02-02T18:01:12","guid":{"rendered":"https:\/\/aprendizdomundo.com\/portal\/?page_id=52746"},"modified":"2026-04-21T15:45:52","modified_gmt":"2026-04-21T18:45:52","slug":"perfil_atracaonacional","status":"publish","type":"page","link":"https:\/\/aprendizdomundo.com\/portal\/perfil_producoes\/perfil_programas\/perfil_atracaonacional\/","title":{"rendered":"Atra\u00e7\u00e3o Nacional"},"content":{"rendered":"<p style=\"margin-top: 0; margin-bottom: 6px\"><img decoding=\"async\" border=\"0\" title=\"Destaque\" alt=\"Destaque\" src=\"https:\/\/aprendizdomundo.com\/imagens\/marcador.png\" width=\"64\" height=\"24\">Domingo, 18h00\/19h00, na <strong><a title=\"Resonance R\u00e1dio\" href=\"http:\/\/www.resonanceradio.com.br\/\" target=\"_blank\" rel=\"noopener noreferrer\">Resonance R\u00e1dio<\/a><\/strong><\/span><\/p>\n<p style=\"margin-top: 0; margin-bottom: 6px\"><img decoding=\"async\" border=\"0\" title=\"Destaque\" alt=\"Destaque\" src=\"https:\/\/aprendizdomundo.com\/imagens\/marcador.png\" width=\"64\" height=\"24\">Segunda a sexta, 20h00\/21h00, na <strong><a title=\"R\u00e1dio Universidade AM\" href=\"https:\/\/www.ufsm.br\/radio\" target=\"_blank\" rel=\"noopener noreferrer\">Universidade AM<\/a><\/strong><\/span><\/p>\n<p style=\"margin-top: 0; margin-bottom: 6px\"><img decoding=\"async\" border=\"0\" title=\"Destaque\" alt=\"Destaque\" src=\"https:\/\/aprendizdomundo.com\/imagens\/marcador.png\" width=\"64\" height=\"24\">Segunda a sexta, 22h00\/23h00, na <strong><a title=\"Uni FM\" href=\"https:\/\/www.ufsm.br\/radio\" target=\"_blank\" rel=\"noopener noreferrer\">Uni FM<\/a><\/strong><\/span><\/p>\n<p style=\"margin-top: 0; margin-bottom: 40px\"><img decoding=\"async\" border=\"0\" title=\"Destaque\" alt=\"Destaque\" src=\"https:\/\/aprendizdomundo.com\/imagens\/marcador.png\" width=\"64\" height=\"24\">Ter\u00e7a, 17h00\/18h00, na <strong><a title=\"R\u00e1dio Bloco\" href=\"http:\/\/www.radiobloco.net\/\" target=\"_blank\" rel=\"noopener noreferrer\">R\u00e1dio Bloco<\/a><\/strong><\/span><\/p>\n<p><img fetchpriority=\"high\" decoding=\"async\" title=\"Atra\u00e7\u00e3o Nacional\" class=\"alignleft\" src=\"https:\/\/aprendizdomundo.com\/imagens\/marca800_atracao.png\" alt=\"Atra\u00e7\u00e3o Nacional\" width=\"400\" height=\"400\" \/><strong>Atra\u00e7\u00e3o Nacional<\/strong> \u00e9 um programa cultural voltado \u00e0 execu\u00e7\u00e3o de artistas brasileiros contempor\u00e2neos, particularmente novas vozes da nossa m\u00fasica. Cada audi\u00e7\u00e3o destaca um talento, tocando uma sele\u00e7\u00e3o de suas grava\u00e7\u00f5es.<\/p>\n<p>Cria\u00e7\u00e3o, dire\u00e7\u00e3o, produ\u00e7\u00e3o, pesquisa, curadoria musical, sele\u00e7\u00e3o de repert\u00f3rio, roteiriza\u00e7\u00e3o, reda\u00e7\u00e3o de texto, apresenta\u00e7\u00e3o, grava\u00e7\u00f5es, edi\u00e7\u00e3o, controle de inser\u00e7\u00f5es, divulga\u00e7\u00e3o digital e gerenciamento de acervo: <strong><a title=\"Milton Oliveira Web Curr\u00edculo\" href=\"https:\/\/www.aprendizdomundo.com\/miltonoliveira\" target=\"_blank\" rel=\"noopener noreferrer\">Milton Oliveira<\/a><\/strong><\/p>\n<p>Voz da vinhetagem: <strong><a title=\"Anaqueli Rubin\" href=\"https:\/\/www.instagram.com\/anaquelirubin\/\" target=\"_blank\" rel=\"noopener\">Anaqueli Rubin<\/a><\/strong><\/p>\n<p>Grava\u00e7\u00f5es das s\u00e9ries Musicalidade e Elenco: <strong>Equipe T\u00e9cnica R\u00e1dios UFSM<\/strong><\/p>\n<p>Slogan: <strong>A reserva especial da m\u00fasica brasileira!<\/strong><\/p>\n<p>Fanpage: <strong><a title=\"Atra\u00e7\u00e3o Nacional no Facebook\" href=\"http:\/\/www.facebook.com\/atracaonacional\" target=\"_blank\" rel=\"noopener noreferrer\">facebook.com\/atracaonacional<\/a><\/strong><\/p>\n<p>O <strong>Atra\u00e7\u00e3o Nacional<\/strong>\u00a0\u00e9 uma produ\u00e7\u00e3o criada originalmente para a <strong><a title=\"R\u00e1dios UFSM\" href=\"https:\/\/www.ufsm.br\/radio\" target=\"_blank\" rel=\"noopener noreferrer\">R\u00e1dio Universidade AM<\/a><\/strong>, levado ao ar no formato de temporadas. A primeira temporada aconteceu no per\u00edodo de 07\/05\/2011 a 28\/04\/2012, ocupando a faixa das 14h00 \u00e0s 15h00, aos s\u00e1bados; a segunda temporada foi apresentada de 02\/03\/2017 a 29\/03\/2018, ocupando a faixa das 22h00 \u00e0s 23h00, nas quintas; e a terceira temporada, iniciou em 01\/04\/2018 e terminou em 28\/10\/2018, ocupando a faixa das 22h00 \u00e0s 23h00, aos domingos.<\/p>\n<p>A fase atual fez sua estreia em 05\/11\/2018, ocupando a faixa das 20h00 \u00e0s 21h00, de segunda a sexta, na <strong>Universidade AM<\/strong>. Na mesma data fez sua estreia na <strong><a title=\"R\u00e1dios UFSM\" href=\"https:\/\/www.ufsm.br\/radio\" target=\"_blank\" rel=\"noopener noreferrer\">Uni FM<\/a><\/strong>, ocupando a faixa das 22h00 \u00e0s 23h00, na segunda, ter\u00e7a, quinta e sexta. Desde 11\/03\/2019, ocupa o hor\u00e1rio de segunda a sexta.<\/p>\n<p>Nas emissoras p\u00fablicas da <strong>UFSM<\/strong>, com a pandemia, e o consequente trabalho home office, o programa criou s\u00e9ries especiais para manter a divulga\u00e7\u00e3o de seu elenco, que conta com mais de 260 artistas. De 01\/01\/2020 a 31\/08\/2020, a S\u00e9rie Reprise, veiculando os programas do ano anterior. De 01\/09\/2020 a 30\/04\/2021, a S\u00e9rie Diversa, destacando quatro atra\u00e7\u00f5es por audi\u00e7\u00e3o, ouvindo sempre um bloco exclusivo para cada convidado. De 03\/05\/2021 a 28\/06\/2024, a S\u00e9rie Supersequ\u00eancia, a cada dia com uma playlist de um artista diferente. De 01\/07\/2024 a 28\/02\/2025, a S\u00e9rie Musicalidade, no formato original. E desde 03\/03\/2025 est\u00e1 no ar a S\u00e9rie Elenco, nas r\u00e1dios da <strong>UFSM<\/strong>. As emissoras parceiras continuam veiculando a S\u00e9rie Musicalidade.<\/p>\n<p>Na <strong><a title=\"Resonance R\u00e1dio\" href=\"http:\/\/www.resonanceradio.com.br\/\" target=\"_blank\" rel=\"noopener noreferrer\">Resonance R\u00e1dio<\/a><\/strong>, de Santa Maria\/RS, o <strong>Atra\u00e7\u00e3o Nacional<\/strong> fez sua estreia em 01\/07\/2018, ocupando a faixa das 18h00 \u00e0s 19h00, aos domingos. E desde 18\/06\/2019 \u00e9 veiculado pela <strong><a title=\"R\u00e1dio Bloco\" href=\"http:\/\/www.radiobloco.net\/\" target=\"_blank\" rel=\"noopener noreferrer\">R\u00e1dio Bloco<\/a><\/strong>, de Santa Maria\/RS, nas ter\u00e7as, das 17h00 \u00e0s 18h00 (at\u00e9 30\/05\/2023 foi apresentado das 19h00 \u00e0s 20h00). As audi\u00e7\u00f5es n\u00e3o s\u00e3o vinculadas, os destaques s\u00e3o sempre diferentes em cada emissora.<\/p>\n<p>A <strong><a title=\"ObjetivaCast WebRadio\" href=\"https:\/\/objetivacast.com.br\/\" target=\"_blank\" rel=\"noopener noreferrer\">ObjetivaCast WebRadio<\/a><\/strong>, empreendimento digital sediado em Alvorada\/RS, veiculou o programa de 02\/08\/2021 a 30\/04\/2024. Esteve na grade daquela emissora de segunda a sexta, na faixa \u00e0s 17h00 \u00e0s 18h00.<\/p>\n<p>As s\u00e9ries Musicalidade (com 75 programas) e Elenco (com 250 programas finalizados e outros em produ\u00e7\u00e3o) deste programa est\u00e3o dispon\u00edveis para veicula\u00e7\u00e3o em sua emissora, \u00e9 s\u00f3 contatar pelo <strong>e-mail <a title=\"E-mail de Milton Oliveira\" href=\"mailto:miltoncamobi@yahoo.com.br\">miltoncamobi@yahoo.com.br<\/a><\/strong>. Para conhecer a produ\u00e7\u00e3o, ou\u00e7a os exemplos no Radiotube: <strong><a title=\"Ou\u00e7a no Radiotube\" href=\"https:\/\/www.radiotube.org.br\/audio-3863yphZ5iVYo\" target=\"_blank\" rel=\"noopener noreferrer\">S\u00e9rie Normal<\/a><\/strong> e <strong><a title=\"Ou\u00e7a no Radiotube\" href=\"https:\/\/www.radiotube.org.br\/audio-38636QHPgBLWK\" target=\"_blank\" rel=\"noopener noreferrer\">S\u00e9rie Supersequ\u00eancia<\/a><\/strong>.<\/p>\n<p style=\"margin-top: 1px; margin-bottom: 1px\">As mat\u00e9rias espec\u00edficas para cada audi\u00e7\u00e3o se encontram <a title=\"Confira as chamadas do programa Atra\u00e7\u00e3o Nacional\" target=\"_self\" href=\"https:\/\/aprendizdomundo.com\/portal\/category\/atracao\/\" rel=\"noopener\">neste link<\/a>.<\/p>\n","protected":false},"excerpt":{"rendered":"<p>Domingo, 18h00\/19h00, na Resonance R\u00e1dio Segunda a sexta, 20h00\/21h00, na Universidade AM Segunda a sexta, 22h00\/23h00, na Uni FM Ter\u00e7a, 17h00\/18h00, na R\u00e1dio Bloco Atra\u00e7\u00e3o Nacional \u00e9 um programa cultural voltado \u00e0 execu\u00e7\u00e3o de artistas brasileiros contempor\u00e2neos, particularmente novas vozes da nossa m\u00fasica. Cada audi\u00e7\u00e3o destaca um talento, tocando uma sele\u00e7\u00e3o de suas grava\u00e7\u00f5es. Cria\u00e7\u00e3o, [&#8230;] <\/p>\n<p class=\"more-link-container\"><a href=\"https:\/\/aprendizdomundo.com\/portal\/perfil_producoes\/perfil_programas\/perfil_atracaonacional\/\" class=\"more-link\">Read More<span class=\"screen-reader-text\"> &#8220;Atra\u00e7\u00e3o Nacional&#8221;<\/span><\/a><\/p>\n","protected":false},"author":1,"featured_media":0,"parent":52740,"menu_order":0,"comment_status":"closed","ping_status":"closed","template":"page-templates\/template-right-sidebar.php","meta":{"_eb_attr":"","footnotes":""},"class_list":["post-52746","page","type-page","status-publish","hentry"],"_links":{"self":[{"href":"https:\/\/aprendizdomundo.com\/portal\/wp-json\/wp\/v2\/pages\/52746","targetHints":{"allow":["GET"]}}],"collection":[{"href":"https:\/\/aprendizdomundo.com\/portal\/wp-json\/wp\/v2\/pages"}],"about":[{"href":"https:\/\/aprendizdomundo.com\/portal\/wp-json\/wp\/v2\/types\/page"}],"author":[{"embeddable":true,"href":"https:\/\/aprendizdomundo.com\/portal\/wp-json\/wp\/v2\/users\/1"}],"replies":[{"embeddable":true,"href":"https:\/\/aprendizdomundo.com\/portal\/wp-json\/wp\/v2\/comments?post=52746"}],"version-history":[{"count":13,"href":"https:\/\/aprendizdomundo.com\/portal\/wp-json\/wp\/v2\/pages\/52746\/revisions"}],"predecessor-version":[{"id":55229,"href":"https:\/\/aprendizdomundo.com\/portal\/wp-json\/wp\/v2\/pages\/52746\/revisions\/55229"}],"up":[{"embeddable":true,"href":"https:\/\/aprendizdomundo.com\/portal\/wp-json\/wp\/v2\/pages\/52740"}],"wp:attachment":[{"href":"https:\/\/aprendizdomundo.com\/portal\/wp-json\/wp\/v2\/media?parent=52746"}],"curies":[{"name":"wp","href":"https:\/\/api.w.org\/{rel}","templated":true}]}}