{"id":52748,"date":"2026-02-02T15:01:33","date_gmt":"2026-02-02T18:01:33","guid":{"rendered":"https:\/\/aprendizdomundo.com\/portal\/?page_id=52748"},"modified":"2026-04-05T19:33:55","modified_gmt":"2026-04-05T22:33:55","slug":"perfil_calhandranativa","status":"publish","type":"page","link":"https:\/\/aprendizdomundo.com\/portal\/perfil_producoes\/perfil_programas\/perfil_calhandranativa\/","title":{"rendered":"Calhandra Nativa"},"content":{"rendered":"<p style=\"margin-top: 0; margin-bottom: 40px\"><img decoding=\"async\" border=\"0\" title=\"Destaque\" alt=\"Destaque\" src=\"https:\/\/aprendizdomundo.com\/imagens\/marcador.png\" width=\"64\" height=\"24\">S\u00e1bado, 17h00\/20h00, na <strong><a title=\"R\u00e1dio Universidade AM\" href=\"https:\/\/www.ufsm.br\/radio\" target=\"_blank\" rel=\"noopener\">Universidade AM<\/a><\/strong><\/span><\/p>\n<p><img fetchpriority=\"high\" decoding=\"async\" title=\"Calhandra Nativa\" class=\"alignleft\" src=\"https:\/\/aprendizdomundo.com\/imagens\/marca800_calhandra.png\" alt=\"Calhandra Nativa\" width=\"400\" height=\"400\" \/><strong>Calhandra Nativa<\/strong> \u00e9 um programa musical dedicado exclusivamente \u00e0 execu\u00e7\u00e3o de can\u00e7\u00f5es nativistas ga\u00fachas. O espa\u00e7o re\u00fane os principais int\u00e9rpretes do cancioneiro nativo do sul, destacando m\u00fasicas dos festivais nativistas e de obras individuais.<\/p>\n<p>Cria\u00e7\u00e3o, dire\u00e7\u00e3o, produ\u00e7\u00e3o, pesquisa, curadoria musical, sele\u00e7\u00e3o de repert\u00f3rio, roteiriza\u00e7\u00e3o, edi\u00e7\u00e3o, controle de inser\u00e7\u00f5es, divulga\u00e7\u00e3o digital e gerenciamento de acervo: <strong><a title=\"Milton Oliveira Web Curr\u00edculo\" href=\"https:\/\/www.aprendizdomundo.com\/miltonoliveira\" target=\"_blank\" rel=\"noopener\">Milton Oliveira<\/a><\/strong><\/p>\n<p>O <strong>Calhandra Nativa<\/strong>\u00a0\u00e9 uma produ\u00e7\u00e3o criada originalmente para a <strong><a title=\"R\u00e1dio Universidade AM\" href=\"https:\/\/www.ufsm.br\/radio\" target=\"_blank\" rel=\"noopener\">R\u00e1dio Universidade AM<\/a><\/strong>, na programa\u00e7\u00e3o desde 11\/09\/2021. Inicialmente ocupando a faixa das 17h00 \u00e0s 18h00, desde 07\/05\/2022 tem tr\u00eas horas de dura\u00e7\u00e3o.<\/p>\n<p>Este programa est\u00e1 dispon\u00edvel para veicula\u00e7\u00e3o em sua emissora, \u00e9 s\u00f3 contatar pelo <strong>e-mail <a title=\"E-mail de Milton Oliveira\" href=\"mailto:miltoncamobi@yahoo.com.br\">miltoncamobi@yahoo.com.br<\/a><\/strong>.<\/p>\n<p style=\"margin-top: 1px; margin-bottom: 1px\">As mat\u00e9rias espec\u00edficas para cada audi\u00e7\u00e3o se encontram <a title=\"Confira as chamadas do programa Calhandra Nativa\" target=\"_self\" href=\"https:\/\/aprendizdomundo.com\/portal\/category\/calhandra\/\" rel=\"noopener\">neste link<\/a>.<\/p>\n","protected":false},"excerpt":{"rendered":"<p>S\u00e1bado, 17h00\/20h00, na Universidade AM Calhandra Nativa \u00e9 um programa musical dedicado exclusivamente \u00e0 execu\u00e7\u00e3o de can\u00e7\u00f5es nativistas ga\u00fachas. O espa\u00e7o re\u00fane os principais int\u00e9rpretes do cancioneiro nativo do sul, destacando m\u00fasicas dos festivais nativistas e de obras individuais. Cria\u00e7\u00e3o, dire\u00e7\u00e3o, produ\u00e7\u00e3o, pesquisa, curadoria musical, sele\u00e7\u00e3o de repert\u00f3rio, roteiriza\u00e7\u00e3o, edi\u00e7\u00e3o, controle de inser\u00e7\u00f5es, divulga\u00e7\u00e3o digital [&#8230;] <\/p>\n<p class=\"more-link-container\"><a href=\"https:\/\/aprendizdomundo.com\/portal\/perfil_producoes\/perfil_programas\/perfil_calhandranativa\/\" class=\"more-link\">Read More<span class=\"screen-reader-text\"> &#8220;Calhandra Nativa&#8221;<\/span><\/a><\/p>\n","protected":false},"author":1,"featured_media":0,"parent":52740,"menu_order":0,"comment_status":"closed","ping_status":"closed","template":"page-templates\/template-right-sidebar.php","meta":{"_eb_attr":"","footnotes":""},"class_list":["post-52748","page","type-page","status-publish","hentry"],"_links":{"self":[{"href":"https:\/\/aprendizdomundo.com\/portal\/wp-json\/wp\/v2\/pages\/52748","targetHints":{"allow":["GET"]}}],"collection":[{"href":"https:\/\/aprendizdomundo.com\/portal\/wp-json\/wp\/v2\/pages"}],"about":[{"href":"https:\/\/aprendizdomundo.com\/portal\/wp-json\/wp\/v2\/types\/page"}],"author":[{"embeddable":true,"href":"https:\/\/aprendizdomundo.com\/portal\/wp-json\/wp\/v2\/users\/1"}],"replies":[{"embeddable":true,"href":"https:\/\/aprendizdomundo.com\/portal\/wp-json\/wp\/v2\/comments?post=52748"}],"version-history":[{"count":7,"href":"https:\/\/aprendizdomundo.com\/portal\/wp-json\/wp\/v2\/pages\/52748\/revisions"}],"predecessor-version":[{"id":54999,"href":"https:\/\/aprendizdomundo.com\/portal\/wp-json\/wp\/v2\/pages\/52748\/revisions\/54999"}],"up":[{"embeddable":true,"href":"https:\/\/aprendizdomundo.com\/portal\/wp-json\/wp\/v2\/pages\/52740"}],"wp:attachment":[{"href":"https:\/\/aprendizdomundo.com\/portal\/wp-json\/wp\/v2\/media?parent=52748"}],"curies":[{"name":"wp","href":"https:\/\/api.w.org\/{rel}","templated":true}]}}