{"id":52750,"date":"2026-02-02T15:01:56","date_gmt":"2026-02-02T18:01:56","guid":{"rendered":"https:\/\/aprendizdomundo.com\/portal\/?page_id=52750"},"modified":"2026-04-05T19:34:10","modified_gmt":"2026-04-05T22:34:10","slug":"perfil_dituttiitempi","status":"publish","type":"page","link":"https:\/\/aprendizdomundo.com\/portal\/perfil_producoes\/perfil_programas\/perfil_dituttiitempi\/","title":{"rendered":"Di Tutti i Tempi"},"content":{"rendered":"<p style=\"margin-top: 0; margin-bottom: 40px\"><img decoding=\"async\" border=\"0\" title=\"Destaque\" alt=\"Destaque\" src=\"https:\/\/aprendizdomundo.com\/imagens\/marcador.png\" width=\"64\" height=\"24\">Todos os dias, 23h00\/23h59, na <strong><a title=\"R\u00e1dio Universidade AM\" href=\"https:\/\/www.ufsm.br\/radio\" target=\"_blank\" rel=\"noopener noreferrer\">Universidade AM<\/a><\/strong><\/span><\/p>\n<p><img fetchpriority=\"high\" decoding=\"async\" title=\"Di Tutti i Tempi\" class=\"alignleft\" src=\"https:\/\/aprendizdomundo.com\/imagens\/marca800_dituttiitempi.png\" alt=\"Di Tutti i Tempi\" width=\"400\" height=\"400\" \/><strong>Di Tutti i Tempi<\/strong> um programa musical voltado \u00e0 execu\u00e7\u00e3o de can\u00e7\u00f5es italianas contempor\u00e2neas, preferencialmente rom\u00e2nticas, reunindo grava\u00e7\u00f5es originais e releituras da d\u00e9cada de 1960 at\u00e9 os dias de hoje.<\/p>\n<p>Cria\u00e7\u00e3o, dire\u00e7\u00e3o, produ\u00e7\u00e3o, pesquisa, curadoria musical, sele\u00e7\u00e3o de repert\u00f3rio, roteiriza\u00e7\u00e3o, edi\u00e7\u00e3o, controle de inser\u00e7\u00f5es, divulga\u00e7\u00e3o digital e gerenciamento de acervo: <strong><a title=\"Milton Oliveira Web Curr\u00edculo\" href=\"https:\/\/www.aprendizdomundo.com\/miltonoliveira\" target=\"_blank\" rel=\"noopener noreferrer\">Milton Oliveira<\/a><\/strong><\/p>\n<p>O <strong>Di Tutti i Tempi<\/strong>\u00a0\u00e9 uma produ\u00e7\u00e3o criada originalmente para a <strong><a title=\"R\u00e1dios UFSM\" href=\"https:\/\/www.ufsm.br\/radio\" target=\"_blank\" rel=\"noopener noreferrer\">R\u00e1dio Universidade AM<\/a><\/strong>, que teve estreia em 14\/03\/2019, ocupando a faixa das 21h00 \u00e0s 23h00, toda quinta. As audi\u00e7\u00f5es de segunda iniciaram em 09\/03\/2020. De 02\/04\/2020 a 30\/12\/20221, com a pandemia, o programa foi veiculado \u00e0s 21h10, logo depois do boletim UFSM Informa (em feriados e dias n\u00e3o letivos, inicia \u00e0s 21h00). Esteve suspensa da programa\u00e7\u00e3o de 30\/12\/2021 a 31\/10\/2022, devido afastamento m\u00e9dico do produtor. Retornou \u00e0 grade em 01\/11\/2022, agora ocupando a faixa das 23h00 \u00e0s 23h59, de domingo a domingo.<\/p>\n<p>Este programa est\u00e1 dispon\u00edvel para veicula\u00e7\u00e3o em sua emissora, \u00e9 s\u00f3 contatar pelo <strong>e-mail <a title=\"E-mail de Milton Oliveira\" href=\"mailto:miltoncamobi@yahoo.com.br\">miltoncamobi@yahoo.com.br<\/a><\/strong>.<\/p>\n<p style=\"margin-top: 1px; margin-bottom: 1px\">As mat\u00e9rias espec\u00edficas para cada audi\u00e7\u00e3o se encontram <a title=\"Confira as chamadas do programa Di Tutti i Tempi\" target=\"_self\" href=\"https:\/\/aprendizdomundo.com\/portal\/category\/tuttitempi\/\" rel=\"noopener\">neste link<\/a>.<\/p>\n","protected":false},"excerpt":{"rendered":"<p>Todos os dias, 23h00\/23h59, na Universidade AM Di Tutti i Tempi um programa musical voltado \u00e0 execu\u00e7\u00e3o de can\u00e7\u00f5es italianas contempor\u00e2neas, preferencialmente rom\u00e2nticas, reunindo grava\u00e7\u00f5es originais e releituras da d\u00e9cada de 1960 at\u00e9 os dias de hoje. Cria\u00e7\u00e3o, dire\u00e7\u00e3o, produ\u00e7\u00e3o, pesquisa, curadoria musical, sele\u00e7\u00e3o de repert\u00f3rio, roteiriza\u00e7\u00e3o, edi\u00e7\u00e3o, controle de inser\u00e7\u00f5es, divulga\u00e7\u00e3o digital e gerenciamento [&#8230;] <\/p>\n<p class=\"more-link-container\"><a href=\"https:\/\/aprendizdomundo.com\/portal\/perfil_producoes\/perfil_programas\/perfil_dituttiitempi\/\" class=\"more-link\">Read More<span class=\"screen-reader-text\"> &#8220;Di Tutti i Tempi&#8221;<\/span><\/a><\/p>\n","protected":false},"author":1,"featured_media":0,"parent":52740,"menu_order":0,"comment_status":"closed","ping_status":"closed","template":"page-templates\/template-right-sidebar.php","meta":{"_eb_attr":"","footnotes":""},"class_list":["post-52750","page","type-page","status-publish","hentry"],"_links":{"self":[{"href":"https:\/\/aprendizdomundo.com\/portal\/wp-json\/wp\/v2\/pages\/52750","targetHints":{"allow":["GET"]}}],"collection":[{"href":"https:\/\/aprendizdomundo.com\/portal\/wp-json\/wp\/v2\/pages"}],"about":[{"href":"https:\/\/aprendizdomundo.com\/portal\/wp-json\/wp\/v2\/types\/page"}],"author":[{"embeddable":true,"href":"https:\/\/aprendizdomundo.com\/portal\/wp-json\/wp\/v2\/users\/1"}],"replies":[{"embeddable":true,"href":"https:\/\/aprendizdomundo.com\/portal\/wp-json\/wp\/v2\/comments?post=52750"}],"version-history":[{"count":6,"href":"https:\/\/aprendizdomundo.com\/portal\/wp-json\/wp\/v2\/pages\/52750\/revisions"}],"predecessor-version":[{"id":55000,"href":"https:\/\/aprendizdomundo.com\/portal\/wp-json\/wp\/v2\/pages\/52750\/revisions\/55000"}],"up":[{"embeddable":true,"href":"https:\/\/aprendizdomundo.com\/portal\/wp-json\/wp\/v2\/pages\/52740"}],"wp:attachment":[{"href":"https:\/\/aprendizdomundo.com\/portal\/wp-json\/wp\/v2\/media?parent=52750"}],"curies":[{"name":"wp","href":"https:\/\/api.w.org\/{rel}","templated":true}]}}