{"id":52760,"date":"2026-02-02T15:04:43","date_gmt":"2026-02-02T18:04:43","guid":{"rendered":"https:\/\/aprendizdomundo.com\/portal\/?page_id=52760"},"modified":"2026-04-21T15:57:00","modified_gmt":"2026-04-21T18:57:00","slug":"perfil_memoriabrasil","status":"publish","type":"page","link":"https:\/\/aprendizdomundo.com\/portal\/perfil_producoes\/perfil_programas\/perfil_memoriabrasil\/","title":{"rendered":"Mem\u00f3ria Brasil"},"content":{"rendered":"<p style=\"margin-top: 0; margin-bottom: 6px\"><img decoding=\"async\" border=\"0\" title=\"Destaque\" alt=\"Destaque\" src=\"https:\/\/aprendizdomundo.com\/imagens\/marcador.png\" width=\"64\" height=\"24\">Domingo, 13h00\/14h00, na <strong><a title=\"Uni FM\" href=\"https:\/\/www.ufsm.br\/radio\" target=\"_blank\" rel=\"noopener noreferrer\">Uni FM<\/a><\/strong><\/span><\/p>\n<p style=\"margin-top: 0; margin-bottom: 6px\"><img decoding=\"async\" border=\"0\" title=\"Destaque\" alt=\"Destaque\" src=\"https:\/\/aprendizdomundo.com\/imagens\/marcador.png\" width=\"64\" height=\"24\">Segunda a sexta, 11h00\/12h00, na <strong><a title=\"R\u00e1dio Universidade AM\" href=\"https:\/\/www.ufsm.br\/radio\" target=\"_blank\" rel=\"noopener noreferrer\">Universidade AM<\/a><\/strong><\/span><\/p>\n<p style=\"margin-top: 0; margin-bottom: 6px\"><img decoding=\"async\" border=\"0\" title=\"Destaque\" alt=\"Destaque\" src=\"https:\/\/aprendizdomundo.com\/imagens\/marcador.png\" width=\"64\" height=\"24\">Quarta, 17h00\/18h00, na <strong><a title=\"R\u00e1dio Bloco\" href=\"http:\/\/www.radiobloco.net\/\" target=\"_blank\" rel=\"noopener noreferrer\">R\u00e1dio Bloco<\/a><\/strong><\/span><\/p>\n<p style=\"margin-top: 0; margin-bottom: 6px\"><img decoding=\"async\" border=\"0\" title=\"Destaque\" alt=\"Destaque\" src=\"https:\/\/aprendizdomundo.com\/imagens\/marcador.png\" width=\"64\" height=\"24\">Quarta, 21h00\/22h00, na <strong><a title=\"R\u00e1dio UFSCar FM 95.3\" href=\"https:\/\/www.radio.ufscar.br\/\" target=\"_blank\" rel=\"noopener\">UFSCar FM 95.3<\/a><\/strong><\/span><\/p>\n<p style=\"margin-top: 0; margin-bottom: 40px\"><img decoding=\"async\" border=\"0\" title=\"Destaque\" alt=\"Destaque\" src=\"https:\/\/aprendizdomundo.com\/imagens\/marcador.png\" width=\"64\" height=\"24\">Sexta, 20h00\/21h00, na <strong><a title=\"Resonance R\u00e1dio\" href=\"http:\/\/www.resonanceradio.com.br\/\" target=\"_blank\" rel=\"noopener noreferrer\">Resonance R\u00e1dio<\/a><\/strong><\/span><\/p>\n<p><img fetchpriority=\"high\" decoding=\"async\" title=\"Mem\u00f3ria Brasil\" class=\"alignleft\" src=\"https:\/\/aprendizdomundo.com\/imagens\/marca800_memoria.png\" alt=\"Mem\u00f3ria Brasil\" width=\"400\" height=\"400\" \/><strong>Mem\u00f3ria Brasil<\/strong> \u00e9 um programa cultural dedicado \u00e0 veicula\u00e7\u00e3o da m\u00fasica popular brasileira, valorizando seus principais compositores e int\u00e9rpretes, destacando um tema ou compositor ou int\u00e9rprete a cada audi\u00e7\u00e3o.<\/p>\n<p>Cria\u00e7\u00e3o, dire\u00e7\u00e3o, produ\u00e7\u00e3o, pesquisa, curadoria musical, sele\u00e7\u00e3o de repert\u00f3rio, roteiriza\u00e7\u00e3o, reda\u00e7\u00e3o de texto, apresenta\u00e7\u00e3o, grava\u00e7\u00f5es, edi\u00e7\u00e3o, controle de inser\u00e7\u00f5es, divulga\u00e7\u00e3o digital e gerenciamento de acervo: <strong><a title=\"Milton Oliveira Web Curr\u00edculo\" href=\"https:\/\/www.aprendizdomundo.com\/miltonoliveira\" target=\"_blank\" rel=\"noopener noreferrer\">Milton Oliveira<\/a><\/strong><\/p>\n<p>Voz da vinhetagem atual: <strong><a title=\"Roberto Montagner\" href=\"https:\/\/www.facebook.com\/roberto.montagner.146\" target=\"_blank\" rel=\"noopener\">Roberto Montagner<\/a><\/strong> (numa 1\u00aa fase, Marcelo de Franceschi)<\/p>\n<p>Slogan: <strong>A m\u00fasica brasileira na sua ess\u00eancia!<\/strong><\/p>\n<p>O <strong>Mem\u00f3ria Brasil<\/strong> \u00e9 uma produ\u00e7\u00e3o criada originalmente para a <strong><a title=\"R\u00e1dios UFSM\" href=\"https:\/\/www.ufsm.br\/radio\" target=\"_blank\" rel=\"noopener noreferrer\">R\u00e1dio Universidade AM<\/a><\/strong>, onde fez sua estreia em 01\/04\/2014, inicialmente nas noites de ter\u00e7a a sexta-feira. Depois, passou a ser apresentado aos domingos, \u00e0s 18h00. Na emissora p\u00fablica, foi descontinuado em 28\/10\/2018. Retornou \u00e0 grade em 11\/03\/2019, ocupando a faixa das 16h00 \u00e0s 17h00, de segunda a sexta. Na Universidade AM, foi suspenso da grade em 31\/12\/2021. Retornou em 04\/03\/2024, sendo apresentado de segunda a sexta, na faixa das 11h00 \u00e0s 12h00.<\/p>\n<p>A <strong><a title=\"R\u00e1dios UFSM\" href=\"https:\/\/www.ufsm.br\/radio\" target=\"_blank\" rel=\"noopener noreferrer\">Uni FM 107.9<\/a><\/strong> exibe o programa aos domingos, na faixa das 13h00 \u00e0s 14h00. A estreia aconteceu em 10\/03\/2024.<\/p>\n<p>Desde 18\/11\/2016 \u00e9 apresentado pela <strong><a title=\"Resonance R\u00e1dio\" href=\"http:\/\/www.resonanceradio.com.br\/\" target=\"_blank\" rel=\"noopener noreferrer\">Resonance R\u00e1dio<\/a><\/strong>, nas sextas, na faixa das 20h00 \u00e0s 21h00. E desde 19\/06\/2019 \u00e9 veiculado pela <strong><a title=\"R\u00e1dio Bloco\" href=\"http:\/\/www.radiobloco.net\/\" target=\"_blank\" rel=\"noopener noreferrer\">R\u00e1dio Bloco<\/a><\/strong>, nas quartas, das 17h00 \u00e0s 18h00 (at\u00e9 maio\/2023 foi veiculado das 19h00 \u00e0s 20h00).<\/p>\n<p>A <strong><a title=\"R\u00e1dio UFSCar FM 95.3\" href=\"https:\/\/www.radio.ufscar.br\/\" target=\"_blank\" rel=\"noopener\">UFSCar FM 95.3<\/a><\/strong>, emissora p\u00fablica da Universidade Federal de S\u00e3o Carlos, tamb\u00e9m \u00e9 parceira na veicula\u00e7\u00e3o do programa,  desde 21\/02\/2024, aprovado por edital p\u00fablico. Na emissora paulista vai ao ar toda quarta, por temporadas. A 1\u00aa temperada aconteceu de 21\/02 a 04\/12\/2024, na faixa das 22h00 \u00e0s 23h00; a 2\u00aa temporada foi de 23\/04 a 03\/12\/2025, tamb\u00e9m na faixa das 22h00 \u00e0s 23h00. E a 3\u00aa temporada, agora escolhida por carta convite, teve estreia em 11\/03\/2026, inicialmente no hor\u00e1rio das 22h00 \u00e0s 23h00. Desde 22\/04 est\u00e1 na faixa das 21h00 \u00e0s 22h00.<\/p>\n<p>As audi\u00e7\u00f5es n\u00e3o s\u00e3o vinculadas, os destaques s\u00e3o sempre diferentes em cada emissora.<\/p>\n<p>O acervo re\u00fane 151 programas, incluindo as s\u00e9ries Arranco de Vars\u00f3via (5 programas), Ary Barroso (8), Compositoras (5), Elis Regina (24), Grupos do Brasil (5), Jamel\u00e3o (8), Jovem Guarda (24), Paulo Vanzolini (8), Quinteto em Branco e Preto (5), Ra\u00e7a Negra (14), Roupa Nova (20), Vozes Contempor\u00e2neas (18) e Wilson Batista (8).<\/p>\n<p>Este programa est\u00e1 dispon\u00edvel para veicula\u00e7\u00e3o em sua emissora, \u00e9 s\u00f3 contatar pelo <strong>e-mail <a title=\"E-mail de Milton Oliveira\" href=\"mailto:miltoncamobi@yahoo.com.br\">miltoncamobi@yahoo.com.br<\/a><\/strong>.<\/p>\n<p style=\"margin-top: 1px; margin-bottom: 1px\">As mat\u00e9rias espec\u00edficas para cada audi\u00e7\u00e3o se encontram <a title=\"Confira as chamadas do programa Mem\u00f3ria Brasil\" target=\"_self\" href=\"https:\/\/aprendizdomundo.com\/portal\/category\/memoria\/\" rel=\"noopener\">neste link<\/a>.<\/p>\n","protected":false},"excerpt":{"rendered":"<p>Domingo, 13h00\/14h00, na Uni FM Segunda a sexta, 11h00\/12h00, na Universidade AM Quarta, 17h00\/18h00, na R\u00e1dio Bloco Quarta, 21h00\/22h00, na UFSCar FM 95.3 Sexta, 20h00\/21h00, na Resonance R\u00e1dio Mem\u00f3ria Brasil \u00e9 um programa cultural dedicado \u00e0 veicula\u00e7\u00e3o da m\u00fasica popular brasileira, valorizando seus principais compositores e int\u00e9rpretes, destacando um tema ou compositor ou int\u00e9rprete a [&#8230;] <\/p>\n<p class=\"more-link-container\"><a href=\"https:\/\/aprendizdomundo.com\/portal\/perfil_producoes\/perfil_programas\/perfil_memoriabrasil\/\" class=\"more-link\">Read More<span class=\"screen-reader-text\"> &#8220;Mem\u00f3ria Brasil&#8221;<\/span><\/a><\/p>\n","protected":false},"author":1,"featured_media":0,"parent":52740,"menu_order":0,"comment_status":"closed","ping_status":"closed","template":"page-templates\/template-right-sidebar.php","meta":{"_eb_attr":"","footnotes":""},"class_list":["post-52760","page","type-page","status-publish","hentry"],"_links":{"self":[{"href":"https:\/\/aprendizdomundo.com\/portal\/wp-json\/wp\/v2\/pages\/52760","targetHints":{"allow":["GET"]}}],"collection":[{"href":"https:\/\/aprendizdomundo.com\/portal\/wp-json\/wp\/v2\/pages"}],"about":[{"href":"https:\/\/aprendizdomundo.com\/portal\/wp-json\/wp\/v2\/types\/page"}],"author":[{"embeddable":true,"href":"https:\/\/aprendizdomundo.com\/portal\/wp-json\/wp\/v2\/users\/1"}],"replies":[{"embeddable":true,"href":"https:\/\/aprendizdomundo.com\/portal\/wp-json\/wp\/v2\/comments?post=52760"}],"version-history":[{"count":14,"href":"https:\/\/aprendizdomundo.com\/portal\/wp-json\/wp\/v2\/pages\/52760\/revisions"}],"predecessor-version":[{"id":55233,"href":"https:\/\/aprendizdomundo.com\/portal\/wp-json\/wp\/v2\/pages\/52760\/revisions\/55233"}],"up":[{"embeddable":true,"href":"https:\/\/aprendizdomundo.com\/portal\/wp-json\/wp\/v2\/pages\/52740"}],"wp:attachment":[{"href":"https:\/\/aprendizdomundo.com\/portal\/wp-json\/wp\/v2\/media?parent=52760"}],"curies":[{"name":"wp","href":"https:\/\/api.w.org\/{rel}","templated":true}]}}