{"id":52762,"date":"2026-02-02T15:05:08","date_gmt":"2026-02-02T18:05:08","guid":{"rendered":"https:\/\/aprendizdomundo.com\/portal\/?page_id=52762"},"modified":"2026-04-05T19:37:16","modified_gmt":"2026-04-05T22:37:16","slug":"perfil_onlythebest","status":"publish","type":"page","link":"https:\/\/aprendizdomundo.com\/portal\/perfil_producoes\/perfil_programas\/perfil_onlythebest\/","title":{"rendered":"Only the Best"},"content":{"rendered":"<p style=\"margin-top: 0; margin-bottom: 40px\"><img decoding=\"async\" border=\"0\" title=\"Destaque\" alt=\"Destaque\" src=\"https:\/\/aprendizdomundo.com\/imagens\/marcador.png\" width=\"64\" height=\"24\">Todos os dias, 00h00\/03h00, na <strong><a title=\"R\u00e1dio Universidade AM\" href=\"https:\/\/www.ufsm.br\/radio\" target=\"_blank\" rel=\"noopener noreferrer\">Universidade AM<\/a><\/strong><\/span><\/p>\n<p><img fetchpriority=\"high\" decoding=\"async\" title=\"Only the Best\" class=\"alignleft\" src=\"https:\/\/aprendizdomundo.com\/imagens\/marca800_onlythebest.png\" alt=\"Only the Best\" width=\"400\" height=\"400\" \/><strong>Only the Best<\/strong> \u00e9 um programa musical voltado \u00e0 execu\u00e7\u00e3o de can\u00e7\u00f5es estrangeiras contempor\u00e2neas, essencialmente de l\u00edngua inglesa, reunindo sucessos das d\u00e9cadas de 1960 a 1990.<\/p>\n<p>Cria\u00e7\u00e3o, dire\u00e7\u00e3o, produ\u00e7\u00e3o, pesquisa, curadoria musical, sele\u00e7\u00e3o de repert\u00f3rio, roteiriza\u00e7\u00e3o, edi\u00e7\u00e3o, controle de inser\u00e7\u00f5es, divulga\u00e7\u00e3o digital e gerenciamento de acervo: <strong><a title=\"Milton Oliveira Web Curr\u00edculo\" href=\"https:\/\/www.aprendizdomundo.com\/miltonoliveira\" target=\"_blank\" rel=\"noopener noreferrer\">Milton Oliveira<\/a><\/strong><\/p>\n<p>O <strong>Only the Best<\/strong>\u00a0\u00e9 uma produ\u00e7\u00e3o criada originalmente para a <strong><a title=\"R\u00e1dios UFSM\" href=\"https:\/\/www.ufsm.br\/radio\" target=\"_blank\" rel=\"noopener noreferrer\">R\u00e1dio Universidade AM<\/a><\/strong>. O programa teve estreia em 17\/03\/2019, somente com audi\u00e7\u00f5es aos domingos, ocupando a faixa das 15h00 \u00e0s 19h00. No per\u00edodo de 01\/07\/2019 a 30\/11\/2020, tiveram tamb\u00e9m as audi\u00e7\u00f5es de final de tarde, de segunda \u00e0 sexta, das 18h30 \u00e0s 19h00. Esteve suspenso da programa\u00e7\u00e3o de 01\/01 a 31\/10\/2022, devido afastamento m\u00e9dico do produtor. Retornou \u00e0 grade em 01\/11\/2022, agora ocupando a faixa das 00h00 \u00e0s 03h00, de domingo a domingo.<\/p>\n<p>Este programa est\u00e1 dispon\u00edvel para veicula\u00e7\u00e3o em sua emissora, \u00e9 s\u00f3 contatar pelo <strong>e-mail <a title=\"E-mail de Milton Oliveira\" href=\"mailto:miltoncamobi@yahoo.com.br\">miltoncamobi@yahoo.com.br<\/a><\/strong>.<\/p>\n<p style=\"margin-top: 1px; margin-bottom: 1px\">As mat\u00e9rias espec\u00edficas para cada audi\u00e7\u00e3o se encontram <a title=\"Confira as chamadas do programa Only the Best\" target=\"_self\" href=\"https:\/\/aprendizdomundo.com\/portal\/category\/onlythebest\/\" rel=\"noopener\">neste link<\/a>.<\/p>\n","protected":false},"excerpt":{"rendered":"<p>Todos os dias, 00h00\/03h00, na Universidade AM Only the Best \u00e9 um programa musical voltado \u00e0 execu\u00e7\u00e3o de can\u00e7\u00f5es estrangeiras contempor\u00e2neas, essencialmente de l\u00edngua inglesa, reunindo sucessos das d\u00e9cadas de 1960 a 1990. Cria\u00e7\u00e3o, dire\u00e7\u00e3o, produ\u00e7\u00e3o, pesquisa, curadoria musical, sele\u00e7\u00e3o de repert\u00f3rio, roteiriza\u00e7\u00e3o, edi\u00e7\u00e3o, controle de inser\u00e7\u00f5es, divulga\u00e7\u00e3o digital e gerenciamento de acervo: Milton Oliveira [&#8230;] <\/p>\n<p class=\"more-link-container\"><a href=\"https:\/\/aprendizdomundo.com\/portal\/perfil_producoes\/perfil_programas\/perfil_onlythebest\/\" class=\"more-link\">Read More<span class=\"screen-reader-text\"> &#8220;Only the Best&#8221;<\/span><\/a><\/p>\n","protected":false},"author":1,"featured_media":0,"parent":52740,"menu_order":0,"comment_status":"closed","ping_status":"closed","template":"page-templates\/template-right-sidebar.php","meta":{"_eb_attr":"","footnotes":""},"class_list":["post-52762","page","type-page","status-publish","hentry"],"_links":{"self":[{"href":"https:\/\/aprendizdomundo.com\/portal\/wp-json\/wp\/v2\/pages\/52762","targetHints":{"allow":["GET"]}}],"collection":[{"href":"https:\/\/aprendizdomundo.com\/portal\/wp-json\/wp\/v2\/pages"}],"about":[{"href":"https:\/\/aprendizdomundo.com\/portal\/wp-json\/wp\/v2\/types\/page"}],"author":[{"embeddable":true,"href":"https:\/\/aprendizdomundo.com\/portal\/wp-json\/wp\/v2\/users\/1"}],"replies":[{"embeddable":true,"href":"https:\/\/aprendizdomundo.com\/portal\/wp-json\/wp\/v2\/comments?post=52762"}],"version-history":[{"count":5,"href":"https:\/\/aprendizdomundo.com\/portal\/wp-json\/wp\/v2\/pages\/52762\/revisions"}],"predecessor-version":[{"id":55006,"href":"https:\/\/aprendizdomundo.com\/portal\/wp-json\/wp\/v2\/pages\/52762\/revisions\/55006"}],"up":[{"embeddable":true,"href":"https:\/\/aprendizdomundo.com\/portal\/wp-json\/wp\/v2\/pages\/52740"}],"wp:attachment":[{"href":"https:\/\/aprendizdomundo.com\/portal\/wp-json\/wp\/v2\/media?parent=52762"}],"curies":[{"name":"wp","href":"https:\/\/api.w.org\/{rel}","templated":true}]}}