{"id":52766,"date":"2026-02-02T15:05:57","date_gmt":"2026-02-02T18:05:57","guid":{"rendered":"https:\/\/aprendizdomundo.com\/portal\/?page_id=52766"},"modified":"2026-04-05T19:37:33","modified_gmt":"2026-04-05T22:37:33","slug":"perfil_sarandeio","status":"publish","type":"page","link":"https:\/\/aprendizdomundo.com\/portal\/perfil_producoes\/perfil_programas\/perfil_sarandeio\/","title":{"rendered":"Sarandeio"},"content":{"rendered":"<p style=\"margin-top: 0; margin-bottom: 40px\"><img decoding=\"async\" border=\"0\" title=\"Destaque\" alt=\"Destaque\" src=\"https:\/\/aprendizdomundo.com\/imagens\/marcador.png\" width=\"64\" height=\"24\">Todos os dias, 05h00\/07h00, na <strong><a title=\"R\u00e1dio Universidade AM\" href=\"https:\/\/www.ufsm.br\/radio\" target=\"_blank\" rel=\"noopener\">Universidade AM<\/a><\/strong><\/span><\/p>\n<p><img fetchpriority=\"high\" decoding=\"async\" title=\"Sarandeio\" class=\"alignleft\" src=\"https:\/\/aprendizdomundo.com\/imagens\/marca800_sarandeio.png\" alt=\"Sarandeio\" width=\"400\" height=\"400\" \/><strong>Sarandeio<\/strong> \u00e9 um programa musical dedicado \u00e0 m\u00fasica ga\u00facha, especialmente a vertente fandangueira. A faixa re\u00fane can\u00e7\u00f5es de int\u00e9rpretes e grupos do Rio Grande do Sul e, tamb\u00e9m, artistas de outros estados que produzem m\u00fasica fandangueira.<\/p>\n<p>Cria\u00e7\u00e3o, dire\u00e7\u00e3o, produ\u00e7\u00e3o, pesquisa, curadoria musical, sele\u00e7\u00e3o de repert\u00f3rio, roteiriza\u00e7\u00e3o, edi\u00e7\u00e3o, controle de inser\u00e7\u00f5es, divulga\u00e7\u00e3o digital e gerenciamento de acervo: <strong><a title=\"Milton Oliveira Web Curr\u00edculo\" href=\"https:\/\/www.aprendizdomundo.com\/miltonoliveira\" target=\"_blank\" rel=\"noopener\">Milton Oliveira<\/a><\/strong><\/p>\n<p>O <strong>Sarandeio<\/strong> \u00e9 uma produ\u00e7\u00e3o original da <strong><a title=\"R\u00e1dio Universidade AM\" href=\"https:\/\/www.ufsm.br\/radio\" target=\"_blank\" rel=\"noopener\">R\u00e1dio Universidade AM<\/a><\/strong>, onde fez sua estreia em 04\/04\/2016, ocupando a faixa das 05h00 \u00e0s 07h00, todos os dias. Por um per\u00edodo, cedeu o espa\u00e7o de s\u00e1bado para veicula\u00e7\u00e3o de produ\u00e7\u00e3o externa. Esteve suspenso da programa\u00e7\u00e3o desde 01\/01 a 31\/10\/2022, devido afastamento m\u00e9dico do produtor. Retornou \u00e0 grade em 01\/11\/2022, agora ocupando sua faixa de origem, das 05h00 \u00e0s 07h00, de domingo a domingo.<\/p>\n<p>Este programa est\u00e1 dispon\u00edvel para veicula\u00e7\u00e3o em sua emissora. Para conhecer a produ\u00e7\u00e3o, ou\u00e7a o exemplo no <strong><a title=\"Ou\u00e7a no Radiotube\" href=\"https:\/\/www.radiotube.org.br\/audio-2680M6m5MZWHQ\" target=\"_blank\" rel=\"noopener\">Radiotube<\/a><\/strong>.<\/p>\n<p style=\"margin-top: 1px; margin-bottom: 1px\">As mat\u00e9rias espec\u00edficas para cada audi\u00e7\u00e3o se encontram <a title=\"Confira as chamadas do programa Sarandeio\" target=\"_self\" href=\"https:\/\/aprendizdomundo.com\/portal\/category\/sarandeio\/\" rel=\"noopener\">neste link<\/a>.<\/p>\n","protected":false},"excerpt":{"rendered":"<p>Todos os dias, 05h00\/07h00, na Universidade AM Sarandeio \u00e9 um programa musical dedicado \u00e0 m\u00fasica ga\u00facha, especialmente a vertente fandangueira. A faixa re\u00fane can\u00e7\u00f5es de int\u00e9rpretes e grupos do Rio Grande do Sul e, tamb\u00e9m, artistas de outros estados que produzem m\u00fasica fandangueira. Cria\u00e7\u00e3o, dire\u00e7\u00e3o, produ\u00e7\u00e3o, pesquisa, curadoria musical, sele\u00e7\u00e3o de repert\u00f3rio, roteiriza\u00e7\u00e3o, edi\u00e7\u00e3o, controle [&#8230;] <\/p>\n<p class=\"more-link-container\"><a href=\"https:\/\/aprendizdomundo.com\/portal\/perfil_producoes\/perfil_programas\/perfil_sarandeio\/\" class=\"more-link\">Read More<span class=\"screen-reader-text\"> &#8220;Sarandeio&#8221;<\/span><\/a><\/p>\n","protected":false},"author":1,"featured_media":0,"parent":52740,"menu_order":0,"comment_status":"closed","ping_status":"closed","template":"page-templates\/template-right-sidebar.php","meta":{"_eb_attr":"","footnotes":""},"class_list":["post-52766","page","type-page","status-publish","hentry"],"_links":{"self":[{"href":"https:\/\/aprendizdomundo.com\/portal\/wp-json\/wp\/v2\/pages\/52766","targetHints":{"allow":["GET"]}}],"collection":[{"href":"https:\/\/aprendizdomundo.com\/portal\/wp-json\/wp\/v2\/pages"}],"about":[{"href":"https:\/\/aprendizdomundo.com\/portal\/wp-json\/wp\/v2\/types\/page"}],"author":[{"embeddable":true,"href":"https:\/\/aprendizdomundo.com\/portal\/wp-json\/wp\/v2\/users\/1"}],"replies":[{"embeddable":true,"href":"https:\/\/aprendizdomundo.com\/portal\/wp-json\/wp\/v2\/comments?post=52766"}],"version-history":[{"count":6,"href":"https:\/\/aprendizdomundo.com\/portal\/wp-json\/wp\/v2\/pages\/52766\/revisions"}],"predecessor-version":[{"id":55008,"href":"https:\/\/aprendizdomundo.com\/portal\/wp-json\/wp\/v2\/pages\/52766\/revisions\/55008"}],"up":[{"embeddable":true,"href":"https:\/\/aprendizdomundo.com\/portal\/wp-json\/wp\/v2\/pages\/52740"}],"wp:attachment":[{"href":"https:\/\/aprendizdomundo.com\/portal\/wp-json\/wp\/v2\/media?parent=52766"}],"curies":[{"name":"wp","href":"https:\/\/api.w.org\/{rel}","templated":true}]}}