{"id":52768,"date":"2026-02-02T15:06:21","date_gmt":"2026-02-02T18:06:21","guid":{"rendered":"https:\/\/aprendizdomundo.com\/portal\/?page_id=52768"},"modified":"2026-04-05T19:37:41","modified_gmt":"2026-04-05T22:37:41","slug":"perfil_sessaojovemguarda","status":"publish","type":"page","link":"https:\/\/aprendizdomundo.com\/portal\/perfil_producoes\/perfil_programas\/perfil_sessaojovemguarda\/","title":{"rendered":"Sess\u00e3o Jovem Guarda"},"content":{"rendered":"<p style=\"margin-top: 0; margin-bottom: 40px\"><img decoding=\"async\" border=\"0\" title=\"Destaque\" alt=\"Destaque\" src=\"https:\/\/aprendizdomundo.com\/imagens\/marcador.png\" width=\"64\" height=\"24\">Domingo, 15h00\/17h00, na <strong><a title=\"R\u00e1dio Universidade AM\" href=\"https:\/\/www.ufsm.br\/radio\" target=\"_blank\" rel=\"noopener\">Universidade AM<\/a><\/strong><\/span><\/p>\n<p><img fetchpriority=\"high\" decoding=\"async\" title=\"Sess\u00e3o Jovem Guarda\" class=\"alignleft\" src=\"https:\/\/aprendizdomundo.com\/imagens\/marca800_sessaojovemguarda.png\" alt=\"Sess\u00e3o Jovem Guarda\" width=\"400\" height=\"400\" \/><strong>Sess\u00e3o Jovem Guarda<\/strong> um programa musical dedicado \u00e0 execu\u00e7\u00e3o de can\u00e7\u00f5es brasileiras dos anos sessenta e setenta do s\u00e9culo passado, exclusivamente do movimento da Jovem Guarda.<\/p>\n<p>Cria\u00e7\u00e3o, dire\u00e7\u00e3o, produ\u00e7\u00e3o, pesquisa, curadoria musical, sele\u00e7\u00e3o de repert\u00f3rio, roteiriza\u00e7\u00e3o, edi\u00e7\u00e3o, controle de inser\u00e7\u00f5es, divulga\u00e7\u00e3o digital e gerenciamento de acervo: <strong><a title=\"Milton Oliveira Web Curr\u00edculo\" href=\"https:\/\/www.aprendizdomundo.com\/miltonoliveira\" target=\"_blank\" rel=\"noopener\">Milton Oliveira<\/a><\/strong><\/p>\n<p>O <strong>Sess\u00e3o Jovem Guarda<\/strong>\u00a0\u00e9 uma produ\u00e7\u00e3o criada originalmente para a <strong><a title=\"R\u00e1dio Universidade AM\" href=\"https:\/\/www.ufsm.br\/radio\" target=\"_blank\" rel=\"noopener\">R\u00e1dio Universidade AM<\/a><\/strong>. Sua estreia aconteceu em 16\/03\/2019, aos s\u00e1bados e domingos, na faixa das 13h00 \u00e0s 14h00. A partir de 01\/05\/2021, ampliou seu espa\u00e7o para duas horas. Esteve suspenso da programa\u00e7\u00e3o de 26\/12\/2021 a 30\/10\/2022, devido afastamento m\u00e9dico do produtor. Retornou \u00e0 grade em 06\/11\/2022, agora somente aos domingos, ocupando a faixa das 15h00 \u00e0s 17h00.<\/p>\n<p>Este programa est\u00e1 dispon\u00edvel para veicula\u00e7\u00e3o em sua emissora, \u00e9 s\u00f3 contatar pelo <strong>e-mail <a title=\"E-mail de Milton Oliveira\" href=\"mailto:miltoncamobi@yahoo.com.br\">miltoncamobi@yahoo.com.br<\/a><\/strong>.<\/p>\n<p style=\"margin-top: 1px; margin-bottom: 1px\">As mat\u00e9rias espec\u00edficas para cada audi\u00e7\u00e3o se encontram <a title=\"Confira as chamadas do programa Sess\u00e3o Jovem Guarda\" target=\"_self\" href=\"https:\/\/aprendizdomundo.com\/portal\/category\/jovemguarda\/\" rel=\"noopener\">neste link<\/a>.<\/p>\n","protected":false},"excerpt":{"rendered":"<p>Domingo, 15h00\/17h00, na Universidade AM Sess\u00e3o Jovem Guarda um programa musical dedicado \u00e0 execu\u00e7\u00e3o de can\u00e7\u00f5es brasileiras dos anos sessenta e setenta do s\u00e9culo passado, exclusivamente do movimento da Jovem Guarda. Cria\u00e7\u00e3o, dire\u00e7\u00e3o, produ\u00e7\u00e3o, pesquisa, curadoria musical, sele\u00e7\u00e3o de repert\u00f3rio, roteiriza\u00e7\u00e3o, edi\u00e7\u00e3o, controle de inser\u00e7\u00f5es, divulga\u00e7\u00e3o digital e gerenciamento de acervo: Milton Oliveira O Sess\u00e3o [&#8230;] <\/p>\n<p class=\"more-link-container\"><a href=\"https:\/\/aprendizdomundo.com\/portal\/perfil_producoes\/perfil_programas\/perfil_sessaojovemguarda\/\" class=\"more-link\">Read More<span class=\"screen-reader-text\"> &#8220;Sess\u00e3o Jovem Guarda&#8221;<\/span><\/a><\/p>\n","protected":false},"author":1,"featured_media":0,"parent":52740,"menu_order":0,"comment_status":"closed","ping_status":"closed","template":"page-templates\/template-right-sidebar.php","meta":{"_eb_attr":"","footnotes":""},"class_list":["post-52768","page","type-page","status-publish","hentry"],"_links":{"self":[{"href":"https:\/\/aprendizdomundo.com\/portal\/wp-json\/wp\/v2\/pages\/52768","targetHints":{"allow":["GET"]}}],"collection":[{"href":"https:\/\/aprendizdomundo.com\/portal\/wp-json\/wp\/v2\/pages"}],"about":[{"href":"https:\/\/aprendizdomundo.com\/portal\/wp-json\/wp\/v2\/types\/page"}],"author":[{"embeddable":true,"href":"https:\/\/aprendizdomundo.com\/portal\/wp-json\/wp\/v2\/users\/1"}],"replies":[{"embeddable":true,"href":"https:\/\/aprendizdomundo.com\/portal\/wp-json\/wp\/v2\/comments?post=52768"}],"version-history":[{"count":5,"href":"https:\/\/aprendizdomundo.com\/portal\/wp-json\/wp\/v2\/pages\/52768\/revisions"}],"predecessor-version":[{"id":55009,"href":"https:\/\/aprendizdomundo.com\/portal\/wp-json\/wp\/v2\/pages\/52768\/revisions\/55009"}],"up":[{"embeddable":true,"href":"https:\/\/aprendizdomundo.com\/portal\/wp-json\/wp\/v2\/pages\/52740"}],"wp:attachment":[{"href":"https:\/\/aprendizdomundo.com\/portal\/wp-json\/wp\/v2\/media?parent=52768"}],"curies":[{"name":"wp","href":"https:\/\/api.w.org\/{rel}","templated":true}]}}