{"id":52772,"date":"2026-02-02T15:09:25","date_gmt":"2026-02-02T18:09:25","guid":{"rendered":"https:\/\/aprendizdomundo.com\/portal\/?page_id=52772"},"modified":"2026-02-14T09:43:57","modified_gmt":"2026-02-14T12:43:57","slug":"perfil_programetes","status":"publish","type":"page","link":"https:\/\/aprendizdomundo.com\/portal\/perfil_producoes\/perfil_programetes\/","title":{"rendered":"Programetes dispon\u00edveis"},"content":{"rendered":"<p><img fetchpriority=\"high\" decoding=\"async\" title=\"Programetes dispon\u00edveis\" class=\"alignleft\" src=\"https:\/\/aprendizdomundo.com\/imagens\/perfil_programetes.png\" alt=\"Programetes dispon\u00edveis\" width=\"400\" height=\"400\" \/>A partir deste \u00edndice reunimos os <strong>programetes<\/strong>\u00a0(quadros) produzidos pelo radialista <strong>Milton Oliveira<\/strong> e colaboradores associados <strong>dispon\u00edveis<\/strong> para veicula\u00e7\u00e3o em emissoras de r\u00e1dio convencionais (comunit\u00e1rias, educativas e\/ou comerciais) e\/ou web r\u00e1dios.<\/p>\n<p>O conte\u00fado \u00e9 distribu\u00eddo gratuitamente, mediante forma\u00e7\u00e3o de parceria.<\/p>\n<p>Para manifestar interesse e dar in\u00edcio a este processo de parceria, favor contatar o titular pelo e-mail <strong><a title=\"E-mail de Milton Oliveira\" href=\"mailto:miltoncamobi@yahoo.com.br\">miltoncamobi@yahoo.com.br<\/a><\/strong>.<br \/>\n&nbsp;<\/p>\n<p style=\"margin-top: 0; margin-bottom: 6px\"><img decoding=\"async\" border=\"0\" title=\"Destaque\" alt=\"Destaque\" src=\"https:\/\/aprendizdomundo.com\/imagens\/marcador.png\" width=\"64\" height=\"24\"><strong><a title=\"A Can\u00e7\u00e3o do Dia\" href=\"https:\/\/aprendizdomundo.com\/portal\/perfil_acancaododia\/\">A Can\u00e7\u00e3o do Dia<\/a><\/strong><\/p>\n<p style=\"margin-top: 0; margin-bottom: 6px\"><img decoding=\"async\" border=\"0\" title=\"Destaque\" alt=\"Destaque\" src=\"https:\/\/aprendizdomundo.com\/imagens\/marcador.png\" width=\"64\" height=\"24\"><strong><a title=\"Conversa de Botequim\" href=\"https:\/\/aprendizdomundo.com\/portal\/perfil_conversadebotequim\/\">Conversa de Botequim<\/a><\/strong><\/p>\n<p style=\"margin-top: 0; margin-bottom: 6px\"><img decoding=\"async\" border=\"0\" title=\"Destaque\" alt=\"Destaque\" src=\"https:\/\/aprendizdomundo.com\/imagens\/marcador.png\" width=\"64\" height=\"24\"><strong><a title=\"Cultura Ga\u00facha\" href=\"https:\/\/aprendizdomundo.com\/portal\/perfil_culturagaucha\/\">Cultura Ga\u00facha<\/a><\/strong><\/p>\n<p style=\"margin-top: 0; margin-bottom: 6px\"><img decoding=\"async\" border=\"0\" title=\"Destaque\" alt=\"Destaque\" src=\"https:\/\/aprendizdomundo.com\/imagens\/marcador.png\" width=\"64\" height=\"24\"><strong><a title=\"Elis para Sempre\" href=\"https:\/\/aprendizdomundo.com\/portal\/perfil_elisparasempre\/\">Elis para Sempre<\/a><\/strong><\/p>\n<p style=\"margin-top: 0; margin-bottom: 40px\"><img decoding=\"async\" border=\"0\" title=\"Destaque\" alt=\"Destaque\" src=\"https:\/\/aprendizdomundo.com\/imagens\/marcador.png\" width=\"64\" height=\"24\"><strong><a title=\"Uma e Outra\" href=\"https:\/\/aprendizdomundo.com\/portal\/perfil_umaeoutra\/\">Uma e Outra<\/a><\/strong><\/p>\n","protected":false},"excerpt":{"rendered":"<p>A partir deste \u00edndice reunimos os programetes\u00a0(quadros) produzidos pelo radialista Milton Oliveira e colaboradores associados dispon\u00edveis para veicula\u00e7\u00e3o em emissoras de r\u00e1dio convencionais (comunit\u00e1rias, educativas e\/ou comerciais) e\/ou web r\u00e1dios. O conte\u00fado \u00e9 distribu\u00eddo gratuitamente, mediante forma\u00e7\u00e3o de parceria. Para manifestar interesse e dar in\u00edcio a este processo de parceria, favor contatar o titular pelo [&#8230;] <\/p>\n<p class=\"more-link-container\"><a href=\"https:\/\/aprendizdomundo.com\/portal\/perfil_producoes\/perfil_programetes\/\" class=\"more-link\">Read More<span class=\"screen-reader-text\"> &#8220;Programetes dispon\u00edveis&#8221;<\/span><\/a><\/p>\n","protected":false},"author":1,"featured_media":0,"parent":52738,"menu_order":5,"comment_status":"closed","ping_status":"closed","template":"page-templates\/template-right-sidebar.php","meta":{"_eb_attr":"","footnotes":""},"class_list":["post-52772","page","type-page","status-publish","hentry"],"_links":{"self":[{"href":"https:\/\/aprendizdomundo.com\/portal\/wp-json\/wp\/v2\/pages\/52772","targetHints":{"allow":["GET"]}}],"collection":[{"href":"https:\/\/aprendizdomundo.com\/portal\/wp-json\/wp\/v2\/pages"}],"about":[{"href":"https:\/\/aprendizdomundo.com\/portal\/wp-json\/wp\/v2\/types\/page"}],"author":[{"embeddable":true,"href":"https:\/\/aprendizdomundo.com\/portal\/wp-json\/wp\/v2\/users\/1"}],"replies":[{"embeddable":true,"href":"https:\/\/aprendizdomundo.com\/portal\/wp-json\/wp\/v2\/comments?post=52772"}],"version-history":[{"count":7,"href":"https:\/\/aprendizdomundo.com\/portal\/wp-json\/wp\/v2\/pages\/52772\/revisions"}],"predecessor-version":[{"id":53639,"href":"https:\/\/aprendizdomundo.com\/portal\/wp-json\/wp\/v2\/pages\/52772\/revisions\/53639"}],"up":[{"embeddable":true,"href":"https:\/\/aprendizdomundo.com\/portal\/wp-json\/wp\/v2\/pages\/52738"}],"wp:attachment":[{"href":"https:\/\/aprendizdomundo.com\/portal\/wp-json\/wp\/v2\/media?parent=52772"}],"curies":[{"name":"wp","href":"https:\/\/api.w.org\/{rel}","templated":true}]}}