{"id":52774,"date":"2026-02-02T15:09:45","date_gmt":"2026-02-02T18:09:45","guid":{"rendered":"https:\/\/aprendizdomundo.com\/portal\/?page_id=52774"},"modified":"2026-04-05T19:38:31","modified_gmt":"2026-04-05T22:38:31","slug":"perfil_acancaododia","status":"publish","type":"page","link":"https:\/\/aprendizdomundo.com\/portal\/perfil_producoes\/perfil_programetes\/perfil_acancaododia\/","title":{"rendered":"A Can\u00e7\u00e3o do Dia"},"content":{"rendered":"<p><img fetchpriority=\"high\" decoding=\"async\" title=\"A Can\u00e7\u00e3o do Dia\" class=\"alignleft\" src=\"https:\/\/aprendizdomundo.com\/imagens\/perfil_acancaododia.png\" alt=\"A Can\u00e7\u00e3o do Dia\" width=\"400\" height=\"400\" \/><strong>A Can\u00e7\u00e3o do Dia<\/strong>, em cada edi\u00e7\u00e3o, presta homenagem a um compositor ou int\u00e9rprete, com informa\u00e7\u00f5es r\u00e1pidas sobre o homenageado. A m\u00fasica escolhida n\u00e3o necessariamente \u00e9 aquele grande sucesso do cantor ou autor, pelo contr\u00e1rio, o prop\u00f3sito \u00e9 apresentar uma surpresa musical ao ouvinte. S\u00e3o preparados quadros para todos os dias do m\u00eas, com tempos vari\u00e1veis, nunca ultrapassando aos 7 minutos.<\/p>\n<p>Cria\u00e7\u00e3o, dire\u00e7\u00e3o, produ\u00e7\u00e3o, pesquisa, curadoria musical, sele\u00e7\u00e3o de repert\u00f3rio, roteiriza\u00e7\u00e3o, reda\u00e7\u00e3o de texto, apresenta\u00e7\u00e3o, grava\u00e7\u00f5es, edi\u00e7\u00e3o, divulga\u00e7\u00e3o digital e gerenciamento de acervo: <strong><a title=\"Milton Oliveira Web Curr\u00edculo\" href=\"https:\/\/www.aprendizdomundo.com\/miltonoliveira\" target=\"_blank\" rel=\"noopener\">Milton Oliveira<\/a><\/strong><\/p>\n<p><strong>A Can\u00e7\u00e3o do Dia<\/strong> \u00e9 uma produ\u00e7\u00e3o criada originalmente para o programa <strong><a title=\"Magazine\" href=\"https:\/\/aprendizdomundo.com\/portal\/perfil_magazine\/\" target=\"_self\" rel=\"noopener\">Magazine<\/a><\/strong>, onde fez sua estreia em 20\/10\/2014. Como quadro, foi apresentado pela \u00faltima vez em 30\/03\/2018, quando o programa encerrou sua fase como revista. Retornou \u00e0 grade da <strong><a title=\"R\u00e1dio Universidade AM\" href=\"https:\/\/www.ufsm.br\/radio\" target=\"_blank\" rel=\"noopener\">Universidade AM<\/a><\/strong> no per\u00edodo de 25\/03\/2019 a 30\/12\/2022, sendo o quadro inicial das quatro temporadas do programa <strong><a title=\"Esta\u00e7\u00e3o 800\" href=\"https:\/\/aprendizdomundo.com\/portal\/perfil_estacao800\/\" target=\"_blank\" rel=\"noopener\">Esta\u00e7\u00e3o 800<\/a><\/strong>.<\/p>\n<p>A <strong>R\u00e1dio Imigrantes AM (hoje FM 94.1 Imigrantes)<\/strong>, de Turvo\/SC, foi parceira na veicula\u00e7\u00e3o de <strong>A Can\u00e7\u00e3o do Dia<\/strong>. O quadro esteve na programa\u00e7\u00e3o da emissora catarinense no per\u00edodo de 02\/09\/2015 a 30\/11\/2017, levado ao ar \u00e0s 15h00, de segunda a sexta, integrando as atra\u00e7\u00f5es do programa <strong>Conex\u00e3o 1550<\/strong>.<\/p>\n<p>A <strong><a title=\"R\u00e1dio Ac\u00e1cia Web\" href=\"https:\/\/acaciaweb.com.br\/\" target=\"_blank\" rel=\"noopener\">R\u00e1dio Ac\u00e1cia Web<\/a><\/strong>, na \u00e9poca R\u00e1dio Ac\u00e1cia FM 87.9, emissora comunit\u00e1ria de Alvorada\/RS, veiculou o quadro a partir de 2015. E a <strong><a title=\"ObjetivaCast WebRadio\" href=\"https:\/\/objetivacast.com.br\/\" target=\"_blank\" rel=\"noopener noreferrer\">ObjetivaCast WebRadio<\/a><\/strong>, tamb\u00e9m de Alvorada\/RS, veiculou de julho\/2021 at\u00e9 abril\/2024.<\/p>\n<p>Esta s\u00e9rie de programetes est\u00e1 dispon\u00edvel para veicula\u00e7\u00e3o em sua emissora, \u00e9 s\u00f3 contatar pelo <strong>e-mail <a title=\"E-mail de Milton Oliveira\" href=\"mailto:miltoncamobi@yahoo.com.br\">miltoncamobi@yahoo.com.br<\/a><\/strong>. Para conhecer a produ\u00e7\u00e3o, ou\u00e7a o exemplo no <strong><a title=\"Ouvir A Can\u00e7\u00e3o do Dia no Radiotube\" href=\"https:\/\/www.radiotube.org.br\/audio-2680DYrrkrnIy\" target=\"_blank\" rel=\"noopener\">Radiotube<\/a><\/strong>.<\/p>\n","protected":false},"excerpt":{"rendered":"<p>A Can\u00e7\u00e3o do Dia, em cada edi\u00e7\u00e3o, presta homenagem a um compositor ou int\u00e9rprete, com informa\u00e7\u00f5es r\u00e1pidas sobre o homenageado. A m\u00fasica escolhida n\u00e3o necessariamente \u00e9 aquele grande sucesso do cantor ou autor, pelo contr\u00e1rio, o prop\u00f3sito \u00e9 apresentar uma surpresa musical ao ouvinte. S\u00e3o preparados quadros para todos os dias do m\u00eas, com tempos [&#8230;] <\/p>\n<p class=\"more-link-container\"><a href=\"https:\/\/aprendizdomundo.com\/portal\/perfil_producoes\/perfil_programetes\/perfil_acancaododia\/\" class=\"more-link\">Read More<span class=\"screen-reader-text\"> &#8220;A Can\u00e7\u00e3o do Dia&#8221;<\/span><\/a><\/p>\n","protected":false},"author":1,"featured_media":0,"parent":52772,"menu_order":0,"comment_status":"closed","ping_status":"closed","template":"page-templates\/template-right-sidebar.php","meta":{"_eb_attr":"","footnotes":""},"class_list":["post-52774","page","type-page","status-publish","hentry"],"_links":{"self":[{"href":"https:\/\/aprendizdomundo.com\/portal\/wp-json\/wp\/v2\/pages\/52774","targetHints":{"allow":["GET"]}}],"collection":[{"href":"https:\/\/aprendizdomundo.com\/portal\/wp-json\/wp\/v2\/pages"}],"about":[{"href":"https:\/\/aprendizdomundo.com\/portal\/wp-json\/wp\/v2\/types\/page"}],"author":[{"embeddable":true,"href":"https:\/\/aprendizdomundo.com\/portal\/wp-json\/wp\/v2\/users\/1"}],"replies":[{"embeddable":true,"href":"https:\/\/aprendizdomundo.com\/portal\/wp-json\/wp\/v2\/comments?post=52774"}],"version-history":[{"count":8,"href":"https:\/\/aprendizdomundo.com\/portal\/wp-json\/wp\/v2\/pages\/52774\/revisions"}],"predecessor-version":[{"id":55011,"href":"https:\/\/aprendizdomundo.com\/portal\/wp-json\/wp\/v2\/pages\/52774\/revisions\/55011"}],"up":[{"embeddable":true,"href":"https:\/\/aprendizdomundo.com\/portal\/wp-json\/wp\/v2\/pages\/52772"}],"wp:attachment":[{"href":"https:\/\/aprendizdomundo.com\/portal\/wp-json\/wp\/v2\/media?parent=52774"}],"curies":[{"name":"wp","href":"https:\/\/api.w.org\/{rel}","templated":true}]}}