{"id":52778,"date":"2026-02-02T15:10:29","date_gmt":"2026-02-02T18:10:29","guid":{"rendered":"https:\/\/aprendizdomundo.com\/portal\/?page_id=52778"},"modified":"2026-04-05T19:39:45","modified_gmt":"2026-04-05T22:39:45","slug":"perfil_culturagaucha","status":"publish","type":"page","link":"https:\/\/aprendizdomundo.com\/portal\/perfil_producoes\/perfil_programetes\/perfil_culturagaucha\/","title":{"rendered":"Cultura Ga\u00facha"},"content":{"rendered":"<p style=\"margin-top: 0; margin-bottom: 6px\"><img decoding=\"async\" border=\"0\" title=\"Destaque\" alt=\"Destaque\" src=\"https:\/\/aprendizdomundo.com\/imagens\/marcador.png\" width=\"64\" height=\"24\">Segunda a sexta, 08h30, no programa O C\u00e9u e o Ch\u00e3o da Quer\u00eancia, na <strong><a title=\"R\u00e1dio Interativa FM\" href=\"https:\/\/www.interativafm.net.br\/\" target=\"_blank\" rel=\"noopener noreferrer\">Interativa FM<\/a><\/strong><\/p>\n<p style=\"margin-top: 0; margin-bottom: 6px\"><img decoding=\"async\" border=\"0\" title=\"Destaque\" alt=\"Destaque\" src=\"https:\/\/aprendizdomundo.com\/imagens\/marcador.png\" width=\"64\" height=\"24\">Todos os dias, diversos hor\u00e1rios, na <strong><a title=\"Na\u00e7\u00e3o Missioneira Web R\u00e1dio\" href=\"https:\/\/www.radionacaomissioneira.com.br\/\" target=\"_blank\" rel=\"noopener noreferrer\">Na\u00e7\u00e3o Missioneira Web R\u00e1dio<\/a><\/strong><\/p>\n<p style=\"margin-top: 0; margin-bottom: 40px\"><img decoding=\"async\" border=\"0\" title=\"Destaque\" alt=\"Destaque\" src=\"https:\/\/aprendizdomundo.com\/imagens\/marcador.png\" width=\"64\" height=\"24\">Todos os dias, diversos hor\u00e1rios, na <strong><a title=\"Riograndense R\u00e1dio Web\" href=\"https:\/\/radioriograndense.agoranoar.com.br\/\" target=\"_blank\" rel=\"noopener noreferrer\">Riograndense R\u00e1dio Web<\/a><\/strong><\/p>\n<p><img fetchpriority=\"high\" decoding=\"async\" title=\"Cultura Ga\u00facha\" class=\"alignleft\" src=\"https:\/\/aprendizdomundo.com\/imagens\/perfil_culturagaucha.png\" alt=\"Cultura Ga\u00facha\" width=\"400\" height=\"400\" \/><strong>Cultura Ga\u00facha<\/strong>, em cada edi\u00e7\u00e3o, enfoca um assunto diferente, falando dos mais diversos aspectos da cultura do Rio Grande do Sul, explorando suas tradi\u00e7\u00f5es, seus s\u00edmbolos, seu povo e sua arte. A s\u00e9rie completa do quadro re\u00fane 100 programetes, cada um com um minuto.<\/p>\n<p>Produ\u00e7\u00e3o, pesquisa, roteiriza\u00e7\u00e3o, reda\u00e7\u00e3o de texto, grava\u00e7\u00f5es e apresenta\u00e7\u00e3o: <strong><a title=\"Kelem Duarte no Instagram\" href=\"https:\/\/www.instagram.com\/kelemfreitasdua\/\" target=\"_blank\" rel=\"noopener noreferrer\">Kelem Freitas Duarte<\/a><\/strong>, jornalista<\/p>\n<p>Cria\u00e7\u00e3o, coordena\u00e7\u00e3o, edi\u00e7\u00e3o, divulga\u00e7\u00e3o digital e gerenciamento de acervo: <strong><a title=\"Milton Oliveira Web Curr\u00edculo\" href=\"https:\/\/www.aprendizdomundo.com\/miltonoliveira\" target=\"_blank\" rel=\"noopener noreferrer\">Milton Oliveira<\/a><\/strong><\/p>\n<p><strong>Cultura Ga\u00facha<\/strong> \u00e9 uma produ\u00e7\u00e3o criada originalmente para a programa\u00e7\u00e3o da <strong><a title=\"R\u00e1dios UFSM\" href=\"https:\/\/www.ufsm.br\/radio\" target=\"_blank\" rel=\"noopener noreferrer\">R\u00e1dio Universidade AM<\/a><\/strong>, onde fez sua estreia em 05\/05\/2014. No programa <strong><a ttle=\"Magazine\"  href=\"https:\/\/aprendizdomundo.com\/portal\/perfil_magazine\/\" target=\"_blank\" rel=\"noopener noreferrer\">Magazine<\/a><\/strong>, a s\u00e9rie foi ao ar de 20\/10\/2014 a 06\/03\/2015, com subsequente reprise de 09\/03 a 24\/07\/2015.<\/p>\n<p>A <strong><a title=\"Riograndense R\u00e1dio Web\" href=\"https:\/\/radioriograndense.agoranoar.com.br\/\" target=\"_blank\" rel=\"noopener noreferrer\">Riograndense R\u00e1dio Web<\/a><\/strong>, de Santa Cruz do Sul\/RS, veicula a s\u00e9rie de programetes desde 20\/07\/2019. A <strong><a title=\"Na\u00e7\u00e3o Missioneira Web R\u00e1dio\" href=\"https:\/\/www.radionacaomissioneira.com.br\/\" target=\"_blank\" rel=\"noopener noreferrer\">Na\u00e7\u00e3o Missioneira Web R\u00e1dio<\/a><\/strong>, de Santo \u00c2ngelo, reproduz desde 29\/07\/2023, no programa Chasque Campeiro (s\u00e1bados e domingos) e aleatoriamente na programa\u00e7\u00e3o geral. E a <strong><a title=\"R\u00e1dio Interativa FM\" href=\"https:\/\/www.interativafm.net.br\/\" target=\"_blank\" rel=\"noopener noreferrer\">Interativa FM<\/a><\/strong>, emissora comunit\u00e1ria de Candiota, tornou a s\u00e9rie um dos quadros do programa O C\u00e9u e o Ch\u00e3o da Quer\u00eancia, em 02\/02\/2026. A produ\u00e7\u00e3o \u00e9 apresentada por Vladimir Back, de segunda a sexta, na faixa das 07h00 \u00e0s 09h00.<\/p>\n<p>Outras emissoras j\u00e1 mantiveram parceria na veicula\u00e7\u00e3o do <strong>Cultura Ga\u00facha<\/strong>. A r\u00e1dio web <strong>A Era do R\u00e1dio<\/strong>, de Capinzal\/SC, veiculou a s\u00e9rie a partir de 2017. A <strong>R\u00e1dio Positiva FM 100.1<\/strong>, de Tucum\u00e3\/PA, veiculou como quadro do programa <strong>Roda de Chimarr\u00e3o<\/strong>, produzido por Roney Braga Wydiamaior e apresentado por Zeca Ga\u00facho (Jos\u00e9 Romualdo da Rocha), a partir de 03\/02\/2019. A <strong><a title=\"R\u00e1dio Ac\u00e1cia Web\" href=\"https:\/\/acaciaweb.com.br\/\" target=\"_blank\" rel=\"noopener\">R\u00e1dio Ac\u00e1cia Web<\/a><\/strong>, na \u00e9poca R\u00e1dio Ac\u00e1cia FM 87.9, emissora comunit\u00e1ria de Alvorada\/RS, veiculou o quadro a partir de 25\/03\/2019. E a <strong><a title=\"ObjetivaCast WebRadio\" href=\"https:\/\/objetivacast.com.br\/\" target=\"_blank\" rel=\"noopener noreferrer\">ObjetivaCast WebRadio<\/a><\/strong>, de Alvorada\/RS, rodou nos intervalos dos programas P\u00e1tria Ga\u00facha (s\u00e1bados) e Morada Campeira (domingos), de julho\/2021 a abril\/2024.<\/p>\n<p>Este programete est\u00e1 dispon\u00edvel para veicula\u00e7\u00e3o em sua emissora, \u00e9 s\u00f3 contatar pelo <strong>e-mail <a title=\"E-mail de Milton Oliveira\" href=\"mailto:miltoncamobi@yahoo.com.br\">miltoncamobi@yahoo.com.br<\/a><\/strong>. Para conhecer a produ\u00e7\u00e3o, ou\u00e7a o exemplo no <strong><a title=\"Ou\u00e7a Cultura Ga\u00facha no Radiotube\" href=\"https:\/\/www.radiotube.org.br\/audio-2680bemJc1Kdx\" target=\"_blank\" rel=\"noopener noreferrer\">Radiotube<\/a><\/strong>.<\/p>\n","protected":false},"excerpt":{"rendered":"<p>Segunda a sexta, 08h30, no programa O C\u00e9u e o Ch\u00e3o da Quer\u00eancia, na Interativa FM Todos os dias, diversos hor\u00e1rios, na Na\u00e7\u00e3o Missioneira Web R\u00e1dio Todos os dias, diversos hor\u00e1rios, na Riograndense R\u00e1dio Web Cultura Ga\u00facha, em cada edi\u00e7\u00e3o, enfoca um assunto diferente, falando dos mais diversos aspectos da cultura do Rio Grande do [&#8230;] <\/p>\n<p class=\"more-link-container\"><a href=\"https:\/\/aprendizdomundo.com\/portal\/perfil_producoes\/perfil_programetes\/perfil_culturagaucha\/\" class=\"more-link\">Read More<span class=\"screen-reader-text\"> &#8220;Cultura Ga\u00facha&#8221;<\/span><\/a><\/p>\n","protected":false},"author":1,"featured_media":0,"parent":52772,"menu_order":0,"comment_status":"closed","ping_status":"closed","template":"page-templates\/template-right-sidebar.php","meta":{"_eb_attr":"","footnotes":""},"class_list":["post-52778","page","type-page","status-publish","hentry"],"_links":{"self":[{"href":"https:\/\/aprendizdomundo.com\/portal\/wp-json\/wp\/v2\/pages\/52778","targetHints":{"allow":["GET"]}}],"collection":[{"href":"https:\/\/aprendizdomundo.com\/portal\/wp-json\/wp\/v2\/pages"}],"about":[{"href":"https:\/\/aprendizdomundo.com\/portal\/wp-json\/wp\/v2\/types\/page"}],"author":[{"embeddable":true,"href":"https:\/\/aprendizdomundo.com\/portal\/wp-json\/wp\/v2\/users\/1"}],"replies":[{"embeddable":true,"href":"https:\/\/aprendizdomundo.com\/portal\/wp-json\/wp\/v2\/comments?post=52778"}],"version-history":[{"count":16,"href":"https:\/\/aprendizdomundo.com\/portal\/wp-json\/wp\/v2\/pages\/52778\/revisions"}],"predecessor-version":[{"id":55013,"href":"https:\/\/aprendizdomundo.com\/portal\/wp-json\/wp\/v2\/pages\/52778\/revisions\/55013"}],"up":[{"embeddable":true,"href":"https:\/\/aprendizdomundo.com\/portal\/wp-json\/wp\/v2\/pages\/52772"}],"wp:attachment":[{"href":"https:\/\/aprendizdomundo.com\/portal\/wp-json\/wp\/v2\/media?parent=52778"}],"curies":[{"name":"wp","href":"https:\/\/api.w.org\/{rel}","templated":true}]}}