{"id":52780,"date":"2026-02-02T15:10:48","date_gmt":"2026-02-02T18:10:48","guid":{"rendered":"https:\/\/aprendizdomundo.com\/portal\/?page_id=52780"},"modified":"2026-04-05T19:39:53","modified_gmt":"2026-04-05T22:39:53","slug":"perfil_elisparasempre","status":"publish","type":"page","link":"https:\/\/aprendizdomundo.com\/portal\/perfil_producoes\/perfil_programetes\/perfil_elisparasempre\/","title":{"rendered":"Elis Para Sempre"},"content":{"rendered":"<p style=\"margin-top: 0; margin-bottom: 40px\"><img decoding=\"async\" border=\"0\" title=\"Destaque\" alt=\"Destaque\" src=\"https:\/\/aprendizdomundo.com\/imagens\/marcador.png\" width=\"64\" height=\"24\">Quinta, no programa <strong>Editoria 107.9<\/strong>, na <strong><a title=\"UniFM\" href=\"http:\/\/unifm.ufsm.br\/\" target=\"_blank\" rel=\"noopener\">Uni FM<\/a><\/strong><\/p>\n<p><img fetchpriority=\"high\" decoding=\"async\" title=\"Elis Para Sempre\" class=\"alignleft\" src=\"https:\/\/aprendizdomundo.com\/imagens\/perfil_elisparasempre.png\" alt=\"Elis Para Sempre\" width=\"400\" height=\"400\" \/><\/p>\n<p><strong>Elis Para Sempre<\/strong>, em cada edi\u00e7\u00e3o, toca uma m\u00fasica na voz de Elis Regina, antecedida de r\u00e1pido texto sobre algum fato ou momento da biografia da cantora. Ao chamar a m\u00fasica, h\u00e1 o registro dos compositores, disco e ano de lan\u00e7amento do mesmo. A s\u00e9rie completa do quadro re\u00fane 200 programetes, variando entre 3 a 8 minutos cada um.<\/p>\n<p>Cria\u00e7\u00e3o, dire\u00e7\u00e3o, produ\u00e7\u00e3o, pesquisa, curadoria musical, sele\u00e7\u00e3o de repert\u00f3rio, roteiriza\u00e7\u00e3o, reda\u00e7\u00e3o de texto, apresenta\u00e7\u00e3o, grava\u00e7\u00f5es, edi\u00e7\u00e3o, controle de inser\u00e7\u00f5es, divulga\u00e7\u00e3o digital e gerenciamento de acervo: <strong><a title=\"Milton Oliveira Web Curr\u00edculo\" href=\"https:\/\/www.aprendizdomundo.com\/miltonoliveira\" target=\"_blank\" rel=\"noopener\">Milton Oliveira<\/a><\/strong><\/p>\n<p><strong>Elis Para Sempre<\/strong> \u00e9 uma produ\u00e7\u00e3o criada originalmente para o programa <strong><a title=\"Magazine\" href=\"https:\/\/aprendizdomundo.com\/portal\/perfil_magazine\/\" target=\"_self\" rel=\"noopener\">Magazine<\/a><\/strong>, onde fez sua estreia em 21\/10\/2014. Como quadro, foi apresentado pela \u00faltima vez em 29\/03\/2018, na semana que o programa encerrou sua fase como revista. No <strong>Editoria 292<\/strong>, programa descontinuado da <strong>Universidade AM<\/strong>, fez parte da programa\u00e7\u00e3o de 06\/04\/2018 a 08\/03\/2019. No <strong>Editoria 107.9<\/strong>, programa da <strong><a title=\"R\u00e1dio Uni FM\" href=\"http:\/\/unifm.ufsm.br\/\" target=\"_blank\" rel=\"noopener\">Uni FM 107.9<\/a><\/strong>, est\u00e1 no ar desde 15\/03\/2019. No per\u00edodo de 15\/03\/3021 a 30\/12\/2022, foi quadro das duas \u00faltimas temporadas do programa <strong><a title=\"Esta\u00e7\u00e3o 800\" href=\"https:\/\/aprendizdomundo.com\/portal\/perfil_estacao800\/\" target=\"_blank\" rel=\"noopener\">Esta\u00e7\u00e3o 800<\/a><\/strong>.<\/p>\n<p>A r\u00e1dio web <strong>A Era do R\u00e1dio<\/strong>, de Capinzal\/SC, veiculou a s\u00e9rie a partir de 2017. A <strong>Cabriola Web R\u00e1dio<\/strong>, de Salvador\/BA, veiculou o quadro a partir de nov\/2018. A <strong><a title=\"R\u00e1dio Ac\u00e1cia Web\" href=\"https:\/\/acaciaweb.com.br\/\" target=\"_blank\" rel=\"noopener\">R\u00e1dio Ac\u00e1cia Web<\/a><\/strong>, na \u00e9poca R\u00e1dio Ac\u00e1cia FM 87.9, emissora comunit\u00e1ria de Alvorada\/RS, veiculou o quadro a partir de 25\/03\/2019. E a <strong><a title=\"ObjetivaCast WebRadio\" href=\"https:\/\/objetivacast.com.br\/\" target=\"_blank\" rel=\"noopener noreferrer\">ObjetivaCast WebRadio<\/a><\/strong>, tamb\u00e9m de Alvorada\/RS,veiculou de julho\/2021 a abril\/2024.<\/p>\n<p>Este programete est\u00e1 dispon\u00edvel para veicula\u00e7\u00e3o em sua emissora, \u00e9 s\u00f3 contatar pelo <strong>e-mail <a title=\"E-mail de Milton Oliveira\" href=\"mailto:miltoncamobi@yahoo.com.br\">miltoncamobi@yahoo.com.br<\/a><\/strong>. Para conhecer a produ\u00e7\u00e3o, ou\u00e7a o exemplo no <strong><a title=\"Ou\u00e7a Elis Para Sempre no Radiotube\" href=\"https:\/\/www.radiotube.org.br\/audio-2680QvAIsvBeZ\" target=\"_blank\" rel=\"noopener\">Radiotube<\/a><\/strong>.<\/p>\n","protected":false},"excerpt":{"rendered":"<p>Quinta, no programa Editoria 107.9, na Uni FM Elis Para Sempre, em cada edi\u00e7\u00e3o, toca uma m\u00fasica na voz de Elis Regina, antecedida de r\u00e1pido texto sobre algum fato ou momento da biografia da cantora. Ao chamar a m\u00fasica, h\u00e1 o registro dos compositores, disco e ano de lan\u00e7amento do mesmo. A s\u00e9rie completa do [&#8230;] <\/p>\n<p class=\"more-link-container\"><a href=\"https:\/\/aprendizdomundo.com\/portal\/perfil_producoes\/perfil_programetes\/perfil_elisparasempre\/\" class=\"more-link\">Read More<span class=\"screen-reader-text\"> &#8220;Elis Para Sempre&#8221;<\/span><\/a><\/p>\n","protected":false},"author":1,"featured_media":0,"parent":52772,"menu_order":0,"comment_status":"closed","ping_status":"closed","template":"page-templates\/template-right-sidebar.php","meta":{"_eb_attr":"","footnotes":""},"class_list":["post-52780","page","type-page","status-publish","hentry"],"_links":{"self":[{"href":"https:\/\/aprendizdomundo.com\/portal\/wp-json\/wp\/v2\/pages\/52780","targetHints":{"allow":["GET"]}}],"collection":[{"href":"https:\/\/aprendizdomundo.com\/portal\/wp-json\/wp\/v2\/pages"}],"about":[{"href":"https:\/\/aprendizdomundo.com\/portal\/wp-json\/wp\/v2\/types\/page"}],"author":[{"embeddable":true,"href":"https:\/\/aprendizdomundo.com\/portal\/wp-json\/wp\/v2\/users\/1"}],"replies":[{"embeddable":true,"href":"https:\/\/aprendizdomundo.com\/portal\/wp-json\/wp\/v2\/comments?post=52780"}],"version-history":[{"count":8,"href":"https:\/\/aprendizdomundo.com\/portal\/wp-json\/wp\/v2\/pages\/52780\/revisions"}],"predecessor-version":[{"id":55014,"href":"https:\/\/aprendizdomundo.com\/portal\/wp-json\/wp\/v2\/pages\/52780\/revisions\/55014"}],"up":[{"embeddable":true,"href":"https:\/\/aprendizdomundo.com\/portal\/wp-json\/wp\/v2\/pages\/52772"}],"wp:attachment":[{"href":"https:\/\/aprendizdomundo.com\/portal\/wp-json\/wp\/v2\/media?parent=52780"}],"curies":[{"name":"wp","href":"https:\/\/api.w.org\/{rel}","templated":true}]}}