{"id":52782,"date":"2026-02-02T15:11:11","date_gmt":"2026-02-02T18:11:11","guid":{"rendered":"https:\/\/aprendizdomundo.com\/portal\/?page_id=52782"},"modified":"2026-04-05T19:40:03","modified_gmt":"2026-04-05T22:40:03","slug":"perfil_umaeoutra","status":"publish","type":"page","link":"https:\/\/aprendizdomundo.com\/portal\/perfil_producoes\/perfil_programetes\/perfil_umaeoutra\/","title":{"rendered":"Uma e Outra"},"content":{"rendered":"<p><img fetchpriority=\"high\" decoding=\"async\" title=\"Uma e Outra\" class=\"alignleft\" src=\"https:\/\/aprendizdomundo.com\/imagens\/perfil_umaeoutra.png\" alt=\"Uma e Outra\" width=\"400\" height=\"400\" \/><strong>Uma e Outra<\/strong>, em cada edi\u00e7\u00e3o, toca duas can\u00e7\u00f5es, a original e a vers\u00e3o, com texto introdut\u00f3rio sobre as m\u00fasicas e\/ou int\u00e9rprete(s). O quadro re\u00fane uma s\u00e9rie com mais de 70 programetes finalizados, variando entre 6 a 13 minutos cada um.<\/p>\n<p>Cria\u00e7\u00e3o, dire\u00e7\u00e3o, produ\u00e7\u00e3o, pesquisa, curadoria musical, sele\u00e7\u00e3o de repert\u00f3rio, roteiriza\u00e7\u00e3o, reda\u00e7\u00e3o de texto, apresenta\u00e7\u00e3o, grava\u00e7\u00f5es, edi\u00e7\u00e3o, divulga\u00e7\u00e3o digital e gerenciamento de acervo: <strong><a title=\"Milton Oliveira Web Curr\u00edculo\" href=\"https:\/\/www.aprendizdomundo.com\/miltonoliveira\" target=\"_blank\" rel=\"noopener\">Milton Oliveira<\/a><\/strong><\/p>\n<p><strong>Uma e Outra<\/strong> \u00e9 uma produ\u00e7\u00e3o criada originalmente para o programa <strong>Reencontro<\/strong>, da <strong><a title=\"R\u00e1dios UFSM\" href=\"https:\/\/www.ufsm.br\/radio\" target=\"_blank\" rel=\"noopener noreferrer\">R\u00e1dio Universidade AM<\/a><\/strong>, onde fez sua estreia em 16\/03\/2011. Foi veiculado ali at\u00e9 11\/03\/2020, quando o programa encerrou sua trajet\u00f3ria.<\/p>\n<p>A r\u00e1dio web <strong>A Era do R\u00e1dio<\/strong>, de Capinzal\/SC, veiculou a s\u00e9rie a partir de 2017. A <strong><a title=\"R\u00e1dio Atl\u00e2ntico\" href=\"http:\/\/www.radioatlantico.net\/\" target=\"_blank\" rel=\"noopener\">R\u00e1dio Atl\u00e2ntico<\/a><\/strong>, emissora web de Cabo Verde, pa\u00eds insular localizado na costa da \u00c1frica Ocidental, veiculou o quadro a partir de 2018. A <strong><a title=\"R\u00e1dio Ac\u00e1cia Web\" href=\"https:\/\/acaciaweb.com.br\/\" target=\"_blank\" rel=\"noopener\">R\u00e1dio Ac\u00e1cia Web<\/a><\/strong>, na \u00e9poca R\u00e1dio Ac\u00e1cia FM 87.9, emissora comunit\u00e1ria de Alvorada\/RS, veiculou o quadro a partir de 25\/03\/2019. E a <strong><a title=\"ObjetivaCast WebRadio\" href=\"https:\/\/objetivacast.com.br\/\" target=\"_blank\" rel=\"noopener noreferrer\">ObjetivaCast WebRadio<\/a><\/strong>, tamb\u00e9m de Alvorada\/RS, veiculou de julho\/2021 a abril\/2024.<\/p>\n<p>Este programete est\u00e1 dispon\u00edvel para veicula\u00e7\u00e3o em sua emissora, \u00e9 s\u00f3 contatar pelo <strong>e-mail <a title=\"E-mail de Milton Oliveira\" href=\"mailto:miltoncamobi@yahoo.com.br\">miltoncamobi@yahoo.com.br<\/a><\/strong>. Para conhecer a produ\u00e7\u00e3o, ou\u00e7a o exemplo no <strong><a title=\"Ou\u00e7a Uma e Outra no Radiotube\" href=\"https:\/\/www.radiotube.org.br\/audio-2680C0Kb1ZALB\" target=\"_blank\" rel=\"noopener\">Radiotube<\/a><\/strong>.<\/p>\n","protected":false},"excerpt":{"rendered":"<p>Uma e Outra, em cada edi\u00e7\u00e3o, toca duas can\u00e7\u00f5es, a original e a vers\u00e3o, com texto introdut\u00f3rio sobre as m\u00fasicas e\/ou int\u00e9rprete(s). O quadro re\u00fane uma s\u00e9rie com mais de 70 programetes finalizados, variando entre 6 a 13 minutos cada um. Cria\u00e7\u00e3o, dire\u00e7\u00e3o, produ\u00e7\u00e3o, pesquisa, curadoria musical, sele\u00e7\u00e3o de repert\u00f3rio, roteiriza\u00e7\u00e3o, reda\u00e7\u00e3o de texto, apresenta\u00e7\u00e3o, [&#8230;] <\/p>\n<p class=\"more-link-container\"><a href=\"https:\/\/aprendizdomundo.com\/portal\/perfil_producoes\/perfil_programetes\/perfil_umaeoutra\/\" class=\"more-link\">Read More<span class=\"screen-reader-text\"> &#8220;Uma e Outra&#8221;<\/span><\/a><\/p>\n","protected":false},"author":1,"featured_media":0,"parent":52772,"menu_order":0,"comment_status":"closed","ping_status":"closed","template":"page-templates\/template-right-sidebar.php","meta":{"_eb_attr":"","footnotes":""},"class_list":["post-52782","page","type-page","status-publish","hentry"],"_links":{"self":[{"href":"https:\/\/aprendizdomundo.com\/portal\/wp-json\/wp\/v2\/pages\/52782","targetHints":{"allow":["GET"]}}],"collection":[{"href":"https:\/\/aprendizdomundo.com\/portal\/wp-json\/wp\/v2\/pages"}],"about":[{"href":"https:\/\/aprendizdomundo.com\/portal\/wp-json\/wp\/v2\/types\/page"}],"author":[{"embeddable":true,"href":"https:\/\/aprendizdomundo.com\/portal\/wp-json\/wp\/v2\/users\/1"}],"replies":[{"embeddable":true,"href":"https:\/\/aprendizdomundo.com\/portal\/wp-json\/wp\/v2\/comments?post=52782"}],"version-history":[{"count":8,"href":"https:\/\/aprendizdomundo.com\/portal\/wp-json\/wp\/v2\/pages\/52782\/revisions"}],"predecessor-version":[{"id":55015,"href":"https:\/\/aprendizdomundo.com\/portal\/wp-json\/wp\/v2\/pages\/52782\/revisions\/55015"}],"up":[{"embeddable":true,"href":"https:\/\/aprendizdomundo.com\/portal\/wp-json\/wp\/v2\/pages\/52772"}],"wp:attachment":[{"href":"https:\/\/aprendizdomundo.com\/portal\/wp-json\/wp\/v2\/media?parent=52782"}],"curies":[{"name":"wp","href":"https:\/\/api.w.org\/{rel}","templated":true}]}}