{"id":52784,"date":"2026-02-02T15:11:32","date_gmt":"2026-02-02T18:11:32","guid":{"rendered":"https:\/\/aprendizdomundo.com\/portal\/?page_id=52784"},"modified":"2026-02-14T09:48:07","modified_gmt":"2026-02-14T12:48:07","slug":"perfil_exclusivos","status":"publish","type":"page","link":"https:\/\/aprendizdomundo.com\/portal\/perfil_producoes\/perfil_exclusivos\/","title":{"rendered":"Programas exclusivos"},"content":{"rendered":"<p><img fetchpriority=\"high\" decoding=\"async\" title=\"Programas exclusivos\" class=\"alignleft\" src=\"https:\/\/aprendizdomundo.com\/imagens\/perfil_exclusivos.png\" alt=\"Programas exclusivos\" width=\"400\" height=\"400\" \/>A partir deste \u00edndice reunimos os <strong>programas<\/strong>\u00a0produzidos pelo radialista <strong>Milton Oliveira<\/strong> e colaboradores associados <strong>exclusivamente<\/strong> para veicula\u00e7\u00e3o nas <strong><a title=\"R\u00e1dios UFSM\" href=\"https:\/\/www.ufsm.br\/radio\" target=\"_blank\" rel=\"noopener noreferrer\">R\u00e1dios UFSM<\/a><\/strong>.<\/p>\n<p>Estas produ\u00e7\u00f5es <strong>n\u00e3o<\/strong> est\u00e3o liberadas para outras emissoras.<\/p>\n<p>&nbsp;<br \/>\n&nbsp;<br \/>\n&nbsp;<br \/>\n&nbsp;<br \/>\n&nbsp;<br \/>\n&nbsp;<\/p>\n<p style=\"margin-top: 0; margin-bottom: 6px\"><img decoding=\"async\" border=\"0\" title=\"Destaque\" alt=\"Destaque\" src=\"https:\/\/aprendizdomundo.com\/imagens\/marcador.png\" width=\"64\" height=\"24\"><strong><a title=\"Arquivo 800\" href=\"https:\/\/aprendizdomundo.com\/portal\/perfil_arquivo800\/\">Arquivo 800<\/a><\/strong><\/p>\n<p style=\"margin-top: 0; margin-bottom: 6px\"><img decoding=\"async\" border=\"0\" title=\"Destaque\" alt=\"Destaque\" src=\"https:\/\/aprendizdomundo.com\/imagens\/marcador.png\" width=\"64\" height=\"24\"><strong>Musical Nativista<\/strong><\/p>\n<p style=\"margin-top: 0; margin-bottom: 6px\"><img decoding=\"async\" border=\"0\" title=\"Destaque\" alt=\"Destaque\" src=\"https:\/\/aprendizdomundo.com\/imagens\/marcador.png\" width=\"64\" height=\"24\"><strong><a title=\"O Canto do Ga\u00facho\" href=\"https:\/\/aprendizdomundo.com\/portal\/perfil_ocantodogaucho\/\">O Canto do Ga\u00facho<\/a><\/strong><\/p>\n<p style=\"margin-top: 0; margin-bottom: 6px\"><img decoding=\"async\" border=\"0\" title=\"Destaque\" alt=\"Destaque\" src=\"https:\/\/aprendizdomundo.com\/imagens\/marcador.png\" width=\"64\" height=\"24\"><strong><a title=\"Ra\u00edzes da Am\u00e9rica\" href=\"https:\/\/aprendizdomundo.com\/portal\/perfil_raizesdaamerica\/\">Ra\u00edzes da Am\u00e9rica<\/a><\/strong><\/p>\n<p style=\"margin-top: 0; margin-bottom: 6px\"><img decoding=\"async\" border=\"0\" title=\"Destaque\" alt=\"Destaque\" src=\"https:\/\/aprendizdomundo.com\/imagens\/marcador.png\" width=\"64\" height=\"24\"><strong>Universidade Instrumental<\/strong><\/p>\n<p style=\"margin-top: 0; margin-bottom: 40px\"><img decoding=\"async\" border=\"0\" title=\"Destaque\" alt=\"Destaque\" src=\"https:\/\/aprendizdomundo.com\/imagens\/marcador.png\" width=\"64\" height=\"24\"><strong>Universidade Musical<\/strong><\/p>\n","protected":false},"excerpt":{"rendered":"<p>A partir deste \u00edndice reunimos os programas\u00a0produzidos pelo radialista Milton Oliveira e colaboradores associados exclusivamente para veicula\u00e7\u00e3o nas R\u00e1dios UFSM. Estas produ\u00e7\u00f5es n\u00e3o est\u00e3o liberadas para outras emissoras. &nbsp; &nbsp; &nbsp; &nbsp; &nbsp; &nbsp; Arquivo 800 Musical Nativista O Canto do Ga\u00facho Ra\u00edzes da Am\u00e9rica Universidade Instrumental Universidade Musical<\/p>\n","protected":false},"author":1,"featured_media":0,"parent":52738,"menu_order":6,"comment_status":"closed","ping_status":"closed","template":"page-templates\/template-right-sidebar.php","meta":{"_eb_attr":"","footnotes":""},"class_list":["post-52784","page","type-page","status-publish","hentry"],"_links":{"self":[{"href":"https:\/\/aprendizdomundo.com\/portal\/wp-json\/wp\/v2\/pages\/52784","targetHints":{"allow":["GET"]}}],"collection":[{"href":"https:\/\/aprendizdomundo.com\/portal\/wp-json\/wp\/v2\/pages"}],"about":[{"href":"https:\/\/aprendizdomundo.com\/portal\/wp-json\/wp\/v2\/types\/page"}],"author":[{"embeddable":true,"href":"https:\/\/aprendizdomundo.com\/portal\/wp-json\/wp\/v2\/users\/1"}],"replies":[{"embeddable":true,"href":"https:\/\/aprendizdomundo.com\/portal\/wp-json\/wp\/v2\/comments?post=52784"}],"version-history":[{"count":10,"href":"https:\/\/aprendizdomundo.com\/portal\/wp-json\/wp\/v2\/pages\/52784\/revisions"}],"predecessor-version":[{"id":53640,"href":"https:\/\/aprendizdomundo.com\/portal\/wp-json\/wp\/v2\/pages\/52784\/revisions\/53640"}],"up":[{"embeddable":true,"href":"https:\/\/aprendizdomundo.com\/portal\/wp-json\/wp\/v2\/pages\/52738"}],"wp:attachment":[{"href":"https:\/\/aprendizdomundo.com\/portal\/wp-json\/wp\/v2\/media?parent=52784"}],"curies":[{"name":"wp","href":"https:\/\/api.w.org\/{rel}","templated":true}]}}