{"id":52786,"date":"2026-02-02T15:12:08","date_gmt":"2026-02-02T18:12:08","guid":{"rendered":"https:\/\/aprendizdomundo.com\/portal\/?page_id=52786"},"modified":"2026-04-05T19:40:27","modified_gmt":"2026-04-05T22:40:27","slug":"perfil_arquivo800","status":"publish","type":"page","link":"https:\/\/aprendizdomundo.com\/portal\/perfil_producoes\/perfil_exclusivos\/perfil_arquivo800\/","title":{"rendered":"Arquivo 800"},"content":{"rendered":"<p style=\"margin-top: 0; margin-bottom: 40px\"><img decoding=\"async\" border=\"0\" title=\"Destaque\" alt=\"Destaque\" src=\"https:\/\/aprendizdomundo.com\/imagens\/marcador.png\" width=\"44\" height=\"24\">Domingo, 19h00\/20h00, na <strong><a title=\"R\u00e1dio Universidade AM\" href=\"https:\/\/www.ufsm.br\/radio\" target=\"_blank\" rel=\"noopener\">Universidade AM<\/a><\/strong><\/p>\n<p><img fetchpriority=\"high\" decoding=\"async\" title=\"Arquivo 800\" class=\"alignleft\" src=\"https:\/\/aprendizdomundo.com\/imagens\/marca800_arquivo.png\" alt=\"Arquivo 800\" width=\"400\" height=\"400\" \/><strong>Arquivo 800<\/strong> \u00e9 um programa musical dedicado ao flashback, recordando grandes sucessos da m\u00fasica pop nacional dos anos sessenta, setenta e oitenta. Na fase atual, a cada audi\u00e7\u00e3o, destaca os hits de um artista ou grupo. H\u00e1 tamb\u00e9m audi\u00e7\u00f5es tem\u00e1ticas em torno de t\u00f3picos espec\u00edficos, como jovem guarda, bossa nova e samba rock.<\/p>\n<p>Dire\u00e7\u00e3o, produ\u00e7\u00e3o, pesquisa, curadoria musical, sele\u00e7\u00e3o de repert\u00f3rio, roteiriza\u00e7\u00e3o, reda\u00e7\u00e3o de texto, apresenta\u00e7\u00e3o (em fases anteriores), grava\u00e7\u00f5es, edi\u00e7\u00e3o, controle de inser\u00e7\u00f5es, divulga\u00e7\u00e3o digital e gerenciamento de acervo: <strong><a title=\"Milton Oliveira Web Curr\u00edculo\" href=\"https:\/\/www.aprendizdomundo.com\/miltonoliveira\" target=\"_blank\" rel=\"noopener\">Milton Oliveira<\/a><\/strong><\/p>\n<p>Apresenta\u00e7\u00e3o, grava\u00e7\u00f5es e edi\u00e7\u00e3o da fase atual: <strong><a title=\"Rodrigo Santiago no Facebook\" href=\"http:\/\/www.facebook.com\/rodrigo.santiago.1044\" target=\"_blank\" rel=\"noopener\">Rodrigo Santiago<\/a><\/strong><\/p>\n<p>O <strong>Arquivo 800<\/strong> \u00e9 uma produ\u00e7\u00e3o original da <strong><a title=\"R\u00e1dio Universidade AM\" href=\"https:\/\/www.ufsm.br\/radio\" target=\"_blank\" rel=\"noopener\">R\u00e1dio Universidade AM<\/a><\/strong>, onde fez sua estreia na d\u00e9cada de 1970.<\/p>\n<p style=\"padding-left: 30px; margin-top: 2px; margin-bottom: 2px;\"><strong>Linha do tempo<\/strong>:<\/p>\n<p style=\"padding-left: 30px; margin-top: 2px; margin-bottom: 2px;\">Anos 1970 &#8211; Estreia do programa. Cria\u00e7\u00e3o, produ\u00e7\u00e3o e apresenta\u00e7\u00e3o do jornalista Cezar Saccol. Inser\u00e7\u00e3o de segunda a sexta, 18h00 \u00e0s 19h00.<\/p>\n<p style=\"padding-left: 30px; margin-top: 2px; margin-bottom: 2px;\">1993 &#8211; Em agosto, Milton Oliveira assume a programa\u00e7\u00e3o musical.<\/p>\n<p style=\"padding-left: 30px; margin-top: 2px; margin-bottom: 2px;\">2011 &#8211; Em junho, suspens\u00e3o do programa, diante de um per\u00edodo de greve e com a proximidade da aposentadoria do titular.<\/p>\n<p style=\"padding-left: 30px; margin-top: 2px; margin-bottom: 2px;\">2011 &#8211; Em 10\/11, Milton Oliveira assume a produ\u00e7\u00e3o e a apresenta\u00e7\u00e3o. Inser\u00e7\u00e3o de segunda a sexta, 18h00 \u00e0s 19h00. Mantendo a voz de Cezar Saccol nas vinhetas.<\/p>\n<p style=\"padding-left: 30px; margin-top: 2px; margin-bottom: 2px;\">2012 &#8211; Em 12\/03, mudan\u00e7a de hor\u00e1rio de veicula\u00e7\u00e3o. Inser\u00e7\u00e3o de segunda a sexta, 23h00 \u00e0s 23h59.<\/p>\n<p style=\"padding-left: 30px; margin-top: 2px; margin-bottom: 2px;\">2016 &#8211; Em 04\/04, in\u00edcio de nova fase. Desde ent\u00e3o, o programa passou a ser tem\u00e1tico, trazendo um destaque a cada noite. A partir daqui, vinhetas na voz de Anaqueli Rubin.<\/p>\n<p style=\"padding-left: 30px; margin-top: 2px; margin-bottom: 2px;\">2019 &#8211; Em 11\/03, o radialista Rodrigo Santiago assume a apresenta\u00e7\u00e3o e edi\u00e7\u00e3o do programa. Milton Oliveira permanece na produ\u00e7\u00e3o e outras fun\u00e7\u00f5es. A vinhetagem continua na voz de Anaqueli Rubin.<\/p>\n<p style=\"padding-left: 30px; margin-top: 2px; margin-bottom: 2px;\">2020 &#8211; Em 01\/04, com a pandemia, o programa passou a ser veiculado \u00e0s 23h10, abrindo o espa\u00e7o dos dez minutos antecedentes para o UFSM Informa Coronav\u00edrus, boletim que valoriza as a\u00e7\u00f5es locais e institucionais no combate \u00e0 Covid-19.<\/p>\n<p style=\"padding-left: 30px; margin-top: 2px; margin-bottom: 2px;\">2021 &#8211; Em 03\/11, mant\u00e9m sua inser\u00e7\u00e3o na sequ\u00eancia do boletim UFSM Informa (em feriados e dias n\u00e3o letivos, inicia \u00e0s 21h00).<\/p>\n<p style=\"padding-left: 30px; margin-top: 2px; margin-bottom: 2px;\">2021 &#8211; Em 31\/12, suspendeu sua trajet\u00f3ria.<\/p>\n<p style=\"padding-left: 30px; margin-top: 2px; margin-bottom: 2px;\">2023 &#8211; Em 06\/08, retornou \u00e0 grade de programa\u00e7\u00e3o, agora aos domingos, na faixa das 19h00 \u00e0s 20h00.<\/p>\n<p style=\"margin-top: 25px\">Este programa <strong>n\u00e3o<\/strong> est\u00e1 dispon\u00edvel para veicula\u00e7\u00e3o em sua emissora.<\/p>\n<p style=\"margin-top: 1px; margin-bottom: 1px\">As mat\u00e9rias espec\u00edficas para cada audi\u00e7\u00e3o se encontram <a title=\"Confira as chamadas do programa Arquivo 800\" target=\"_self\" href=\"https:\/\/aprendizdomundo.com\/portal\/category\/arquivo\/\" rel=\"noopener\">neste link<\/a>.<\/p>\n","protected":false},"excerpt":{"rendered":"<p>Domingo, 19h00\/20h00, na Universidade AM Arquivo 800 \u00e9 um programa musical dedicado ao flashback, recordando grandes sucessos da m\u00fasica pop nacional dos anos sessenta, setenta e oitenta. Na fase atual, a cada audi\u00e7\u00e3o, destaca os hits de um artista ou grupo. H\u00e1 tamb\u00e9m audi\u00e7\u00f5es tem\u00e1ticas em torno de t\u00f3picos espec\u00edficos, como jovem guarda, bossa nova [&#8230;] <\/p>\n<p class=\"more-link-container\"><a href=\"https:\/\/aprendizdomundo.com\/portal\/perfil_producoes\/perfil_exclusivos\/perfil_arquivo800\/\" class=\"more-link\">Read More<span class=\"screen-reader-text\"> &#8220;Arquivo 800&#8221;<\/span><\/a><\/p>\n","protected":false},"author":1,"featured_media":0,"parent":52784,"menu_order":0,"comment_status":"closed","ping_status":"closed","template":"page-templates\/template-right-sidebar.php","meta":{"_eb_attr":"","footnotes":""},"class_list":["post-52786","page","type-page","status-publish","hentry"],"_links":{"self":[{"href":"https:\/\/aprendizdomundo.com\/portal\/wp-json\/wp\/v2\/pages\/52786","targetHints":{"allow":["GET"]}}],"collection":[{"href":"https:\/\/aprendizdomundo.com\/portal\/wp-json\/wp\/v2\/pages"}],"about":[{"href":"https:\/\/aprendizdomundo.com\/portal\/wp-json\/wp\/v2\/types\/page"}],"author":[{"embeddable":true,"href":"https:\/\/aprendizdomundo.com\/portal\/wp-json\/wp\/v2\/users\/1"}],"replies":[{"embeddable":true,"href":"https:\/\/aprendizdomundo.com\/portal\/wp-json\/wp\/v2\/comments?post=52786"}],"version-history":[{"count":11,"href":"https:\/\/aprendizdomundo.com\/portal\/wp-json\/wp\/v2\/pages\/52786\/revisions"}],"predecessor-version":[{"id":55016,"href":"https:\/\/aprendizdomundo.com\/portal\/wp-json\/wp\/v2\/pages\/52786\/revisions\/55016"}],"up":[{"embeddable":true,"href":"https:\/\/aprendizdomundo.com\/portal\/wp-json\/wp\/v2\/pages\/52784"}],"wp:attachment":[{"href":"https:\/\/aprendizdomundo.com\/portal\/wp-json\/wp\/v2\/media?parent=52786"}],"curies":[{"name":"wp","href":"https:\/\/api.w.org\/{rel}","templated":true}]}}