{"id":52788,"date":"2026-02-02T15:12:30","date_gmt":"2026-02-02T18:12:30","guid":{"rendered":"https:\/\/aprendizdomundo.com\/portal\/?page_id=52788"},"modified":"2026-04-05T19:40:37","modified_gmt":"2026-04-05T22:40:37","slug":"perfil_ocantodogaucho","status":"publish","type":"page","link":"https:\/\/aprendizdomundo.com\/portal\/perfil_producoes\/perfil_exclusivos\/perfil_ocantodogaucho\/","title":{"rendered":"O Canto do Ga\u00facho"},"content":{"rendered":"<p style=\"margin-top: 0; margin-bottom: 6px\"><img decoding=\"async\" border=\"0\" title=\"Destaque\" alt=\"Destaque\" src=\"https:\/\/aprendizdomundo.com\/imagens\/marcador.png\" width=\"64\" height=\"24\">Domingo, 09h00\/11h00, na <strong><a title=\"R\u00e1dio Universidade AM\" href=\"https:\/\/www.ufsm.br\/radio\" target=\"_blank\" rel=\"noopener\">R\u00e1dio Universidade AM<\/a><\/strong><\/p>\n<p style=\"margin-top: 0; margin-bottom: 40px\"><img decoding=\"async\" border=\"0\" title=\"Destaque\" alt=\"Destaque\" src=\"https:\/\/aprendizdomundo.com\/imagens\/marcador.png\" width=\"64\" height=\"24\">S\u00e1bado, 17h00\/19h00, na <strong><a title=\"Uni FM\" href=\"https:\/\/www.ufsm.br\/radio\" target=\"_blank\" rel=\"noopener noreferrer\">Uni FM<\/a><\/strong><\/span><\/p>\n<p><img fetchpriority=\"high\" decoding=\"async\" title=\"O Canto do Ga\u00facho\" class=\"alignleft\" src=\"https:\/\/aprendizdomundo.com\/imagens\/marca800_ocantodogaucho.png\" alt=\"O Canto do Ga\u00facho\" width=\"400\" height=\"400\" \/><strong>O Canto do Ga\u00facho<\/strong> \u00e9 um programa cultural, dedicado \u00e0 divulga\u00e7\u00e3o da m\u00fasica ga\u00facha e da cultura sul-rio-grandense.<\/p>\n<p>Coordena\u00e7\u00e3o, supervis\u00e3o, produ\u00e7\u00e3o associada, curadoria musical, sele\u00e7\u00e3o de repert\u00f3rio, roteiriza\u00e7\u00e3o, grava\u00e7\u00f5es, edi\u00e7\u00e3o, controle de inser\u00e7\u00f5es e gerenciamento de acervo: <strong><a title=\"Milton Oliveira Web Curr\u00edculo\" href=\"https:\/\/www.aprendizdomundo.com\/miltonoliveira\" target=\"_blank\" rel=\"noopener\">Milton Oliveira<\/a><\/strong><\/p>\n<p>Produ\u00e7\u00e3o e apresenta\u00e7\u00e3o: <strong><a title=\"Chico Sosa no Facebook\" href=\"https:\/\/www.facebook.com\/chicososa36\" target=\"_blank\" rel=\"noopener\">Chico Sosa<\/a><\/strong>, colaborador convidado<\/p>\n<p>Grava\u00e7\u00f5es e edi\u00e7\u00e3o da s\u00e9rie atual: <strong>Equipe T\u00e9cnica R\u00e1dios UFSM<\/strong><\/p>\n<p><strong>O Canto do Ga\u00facho<\/strong> \u00e9 uma produ\u00e7\u00e3o original da <strong><a title=\"R\u00e1dio Universidade AM\" href=\"https:\/\/www.ufsm.br\/radio\" target=\"_blank\" rel=\"noopener\">R\u00e1dio Universidade AM<\/a><\/strong>, onde fez sua estreia, na fase atual, em 09\/07\/2006. Na <strong>UniFM<\/strong>, entrou na grade em 03\/12\/2017, se mantendo por alguns meses. E retornou \u00e0 programa\u00e7\u00e3o em 04\/10\/2025. Em fases anteriores, foi apresentado por funcion\u00e1rios efetivos, como S\u00e9rgio de Assis Brasil e Norton Cezar, e produzido por nomes como Milton Oliveira e S\u00e9rgio Cruz.<\/p>\n<p>Este programa <strong>n\u00e3o<\/strong> est\u00e1 dispon\u00edvel para veicula\u00e7\u00e3o em sua emissora.<\/p>\n","protected":false},"excerpt":{"rendered":"<p>Domingo, 09h00\/11h00, na R\u00e1dio Universidade AM S\u00e1bado, 17h00\/19h00, na Uni FM O Canto do Ga\u00facho \u00e9 um programa cultural, dedicado \u00e0 divulga\u00e7\u00e3o da m\u00fasica ga\u00facha e da cultura sul-rio-grandense. Coordena\u00e7\u00e3o, supervis\u00e3o, produ\u00e7\u00e3o associada, curadoria musical, sele\u00e7\u00e3o de repert\u00f3rio, roteiriza\u00e7\u00e3o, grava\u00e7\u00f5es, edi\u00e7\u00e3o, controle de inser\u00e7\u00f5es e gerenciamento de acervo: Milton Oliveira Produ\u00e7\u00e3o e apresenta\u00e7\u00e3o: Chico Sosa, [&#8230;] <\/p>\n<p class=\"more-link-container\"><a href=\"https:\/\/aprendizdomundo.com\/portal\/perfil_producoes\/perfil_exclusivos\/perfil_ocantodogaucho\/\" class=\"more-link\">Read More<span class=\"screen-reader-text\"> &#8220;O Canto do Ga\u00facho&#8221;<\/span><\/a><\/p>\n","protected":false},"author":1,"featured_media":0,"parent":52784,"menu_order":0,"comment_status":"closed","ping_status":"closed","template":"page-templates\/template-right-sidebar.php","meta":{"_eb_attr":"","footnotes":""},"class_list":["post-52788","page","type-page","status-publish","hentry"],"_links":{"self":[{"href":"https:\/\/aprendizdomundo.com\/portal\/wp-json\/wp\/v2\/pages\/52788","targetHints":{"allow":["GET"]}}],"collection":[{"href":"https:\/\/aprendizdomundo.com\/portal\/wp-json\/wp\/v2\/pages"}],"about":[{"href":"https:\/\/aprendizdomundo.com\/portal\/wp-json\/wp\/v2\/types\/page"}],"author":[{"embeddable":true,"href":"https:\/\/aprendizdomundo.com\/portal\/wp-json\/wp\/v2\/users\/1"}],"replies":[{"embeddable":true,"href":"https:\/\/aprendizdomundo.com\/portal\/wp-json\/wp\/v2\/comments?post=52788"}],"version-history":[{"count":11,"href":"https:\/\/aprendizdomundo.com\/portal\/wp-json\/wp\/v2\/pages\/52788\/revisions"}],"predecessor-version":[{"id":55017,"href":"https:\/\/aprendizdomundo.com\/portal\/wp-json\/wp\/v2\/pages\/52788\/revisions\/55017"}],"up":[{"embeddable":true,"href":"https:\/\/aprendizdomundo.com\/portal\/wp-json\/wp\/v2\/pages\/52784"}],"wp:attachment":[{"href":"https:\/\/aprendizdomundo.com\/portal\/wp-json\/wp\/v2\/media?parent=52788"}],"curies":[{"name":"wp","href":"https:\/\/api.w.org\/{rel}","templated":true}]}}