{"id":52790,"date":"2026-02-02T15:12:56","date_gmt":"2026-02-02T18:12:56","guid":{"rendered":"https:\/\/aprendizdomundo.com\/portal\/?page_id=52790"},"modified":"2026-04-05T19:40:44","modified_gmt":"2026-04-05T22:40:44","slug":"perfil_raizesdaamerica","status":"publish","type":"page","link":"https:\/\/aprendizdomundo.com\/portal\/perfil_producoes\/perfil_exclusivos\/perfil_raizesdaamerica\/","title":{"rendered":"Ra\u00edzes da Am\u00e9rica"},"content":{"rendered":"<p style=\"margin-top: 0; margin-bottom: 40px\"><img decoding=\"async\" border=\"0\" title=\"Destaque\" alt=\"Destaque\" src=\"https:\/\/aprendizdomundo.com\/imagens\/marcador.png\" width=\"64\" height=\"24\">S\u00e1bado, 15h00\/17h00, na <strong><a title=\"R\u00e1dio Universidade AM\" href=\"https:\/\/www.ufsm.br\/radio\" target=\"_blank\" rel=\"noopener\">R\u00e1dio Universidade AM<\/a><\/strong><\/span><\/p>\n<p><img fetchpriority=\"high\" decoding=\"async\" title=\"Ra\u00edzes da Am\u00e9rica\" class=\"alignleft\" src=\"https:\/\/aprendizdomundo.com\/imagens\/marca800_raizes.png\" alt=\"Ra\u00edzes da Am\u00e9rica\" width=\"400\" height=\"400\" \/><strong>Ra\u00edzes da Am\u00e9rica<\/strong> \u00e9 um programa cultural de divulga\u00e7\u00e3o da m\u00fasica e da cultura da Am\u00e9rica Latina. As origens, as influ\u00eancias culturais e a identidade musical dos povos latino-americanos s\u00e3o destaque no programa, que se vale dos diversos ritmos musicais, seus compositores e int\u00e9rpretes para enriquecer as tardes de s\u00e1bado.<\/p>\n<p>Coordena\u00e7\u00e3o, supervis\u00e3o, produ\u00e7\u00e3o associada, curadoria musical, sele\u00e7\u00e3o de repert\u00f3rio, roteiriza\u00e7\u00e3o, grava\u00e7\u00f5es, edi\u00e7\u00e3o, controle de inser\u00e7\u00f5es e gerenciamento de acervo: <strong><a title=\"Milton Oliveira Web Curr\u00edculo\" href=\"https:\/\/www.aprendizdomundo.com\/miltonoliveira\" target=\"_blank\" rel=\"noopener\">Milton Oliveira<\/a><\/strong><\/p>\n<p>Cria\u00e7\u00e3o, produ\u00e7\u00e3o e apresenta\u00e7\u00e3o: <strong><a title=\"Chico Sosa no Facebook\" href=\"https:\/\/www.facebook.com\/chicososa36\" target=\"_blank\" rel=\"noopener\">Chico Sosa<\/a><\/strong>, colaborador convidado<\/p>\n<p>O <strong>Ra\u00edzes da Am\u00e9rica<\/strong> \u00e9 uma produ\u00e7\u00e3o original da <strong><a title=\"R\u00e1dio Universidade AM\" href=\"https:\/\/www.ufsm.br\/radio\" target=\"_blank\" rel=\"noopener\">R\u00e1dio Universidade AM<\/a><\/strong>, onde fez sua estreia em 2006. Na <strong>Uni FM<\/strong>, entrou na grade em 02\/12\/2017, se mantendo por alguns meses.<\/p>\n<p>Este programa <strong>n\u00e3o<\/strong> est\u00e1 dispon\u00edvel para veicula\u00e7\u00e3o em sua emissora.<\/p>\n","protected":false},"excerpt":{"rendered":"<p>S\u00e1bado, 15h00\/17h00, na R\u00e1dio Universidade AM Ra\u00edzes da Am\u00e9rica \u00e9 um programa cultural de divulga\u00e7\u00e3o da m\u00fasica e da cultura da Am\u00e9rica Latina. As origens, as influ\u00eancias culturais e a identidade musical dos povos latino-americanos s\u00e3o destaque no programa, que se vale dos diversos ritmos musicais, seus compositores e int\u00e9rpretes para enriquecer as tardes de [&#8230;] <\/p>\n<p class=\"more-link-container\"><a href=\"https:\/\/aprendizdomundo.com\/portal\/perfil_producoes\/perfil_exclusivos\/perfil_raizesdaamerica\/\" class=\"more-link\">Read More<span class=\"screen-reader-text\"> &#8220;Ra\u00edzes da Am\u00e9rica&#8221;<\/span><\/a><\/p>\n","protected":false},"author":1,"featured_media":0,"parent":52784,"menu_order":0,"comment_status":"closed","ping_status":"closed","template":"page-templates\/template-right-sidebar.php","meta":{"_eb_attr":"","footnotes":""},"class_list":["post-52790","page","type-page","status-publish","hentry"],"_links":{"self":[{"href":"https:\/\/aprendizdomundo.com\/portal\/wp-json\/wp\/v2\/pages\/52790","targetHints":{"allow":["GET"]}}],"collection":[{"href":"https:\/\/aprendizdomundo.com\/portal\/wp-json\/wp\/v2\/pages"}],"about":[{"href":"https:\/\/aprendizdomundo.com\/portal\/wp-json\/wp\/v2\/types\/page"}],"author":[{"embeddable":true,"href":"https:\/\/aprendizdomundo.com\/portal\/wp-json\/wp\/v2\/users\/1"}],"replies":[{"embeddable":true,"href":"https:\/\/aprendizdomundo.com\/portal\/wp-json\/wp\/v2\/comments?post=52790"}],"version-history":[{"count":8,"href":"https:\/\/aprendizdomundo.com\/portal\/wp-json\/wp\/v2\/pages\/52790\/revisions"}],"predecessor-version":[{"id":55018,"href":"https:\/\/aprendizdomundo.com\/portal\/wp-json\/wp\/v2\/pages\/52790\/revisions\/55018"}],"up":[{"embeddable":true,"href":"https:\/\/aprendizdomundo.com\/portal\/wp-json\/wp\/v2\/pages\/52784"}],"wp:attachment":[{"href":"https:\/\/aprendizdomundo.com\/portal\/wp-json\/wp\/v2\/media?parent=52790"}],"curies":[{"name":"wp","href":"https:\/\/api.w.org\/{rel}","templated":true}]}}