{"id":52792,"date":"2026-02-02T15:13:44","date_gmt":"2026-02-02T18:13:44","guid":{"rendered":"https:\/\/aprendizdomundo.com\/portal\/?page_id=52792"},"modified":"2026-04-21T14:12:47","modified_gmt":"2026-04-21T17:12:47","slug":"perfil_descontinuadas","status":"publish","type":"page","link":"https:\/\/aprendizdomundo.com\/portal\/perfil_producoes\/perfil_descontinuadas\/","title":{"rendered":"Produ\u00e7\u00f5es descontinuadas"},"content":{"rendered":"<p><img fetchpriority=\"high\" decoding=\"async\" title=\"Produ\u00e7\u00f5es descontinuadas\" class=\"alignleft\" src=\"https:\/\/aprendizdomundo.com\/imagens\/perfil_descontinuadas.png\" alt=\"Produ\u00e7\u00f5es descontinuadas\" width=\"400\" height=\"400\" \/>A partir deste \u00edndice reunimos os <strong>programas e programetes<\/strong>\u00a0criados e\/ou produzidos pelo radialista <strong>Milton Oliveira<\/strong>\u00a0j\u00e1 veiculados pelas <strong><a title=\"R\u00e1dios UFSM\" href=\"https:\/\/www.ufsm.br\/radio\" target=\"_blank\" rel=\"noopener noreferrer\">R\u00e1dios da UFSM<\/a><\/strong>.<\/p>\n<p>Estas produ\u00e7\u00f5es j\u00e1 encerraram suas trajet\u00f3rias.<\/p>\n<p>Aqui fica apenas o\u00a0registro hist\u00f3rico destes trabalhos.<\/p>\n<p>&nbsp;<br \/>\n&nbsp;<br \/>\n&nbsp;<br \/>\n&nbsp;<\/p>\n<p style=\"margin-top: 0; margin-bottom: 6px\"><img decoding=\"async\" border=\"0\" title=\"Destaque\" alt=\"Destaque\" src=\"https:\/\/aprendizdomundo.com\/imagens\/marcador.png\" width=\"64\" height=\"24\"><strong>Aquarela Brasil<\/strong>, com apresenta\u00e7\u00e3o de Graziela Braga na 1\u00aa temporada (1995-1998). O programa foi revitalizado em 2014, agora apenas como Aquarela.<\/p>\n<p style=\"margin-top: 0; margin-bottom: 6px\"><img decoding=\"async\" border=\"0\" title=\"Destaque\" alt=\"Destaque\" src=\"https:\/\/aprendizdomundo.com\/imagens\/marcador.png\" width=\"64\" height=\"24\"><strong>Arquivo Especial<\/strong> (1995-1998)<\/p>\n<p style=\"margin-top: 0; margin-bottom: 6px\"><img decoding=\"async\" border=\"0\" title=\"Destaque\" alt=\"Destaque\" src=\"https:\/\/aprendizdomundo.com\/imagens\/marcador.png\" width=\"64\" height=\"24\"><strong><a title=\"Audi\u00e7\u00e3o Brasil\" href=\"https:\/\/aprendizdomundo.com\/portal\/perfil_audicaobrasil\/\">Audi\u00e7\u00e3o Brasil<\/a><\/strong> (2004-2012)<\/p>\n<p style=\"margin-top: 0; margin-bottom: 6px\"><img decoding=\"async\" border=\"0\" title=\"Destaque\" alt=\"Destaque\" src=\"https:\/\/aprendizdomundo.com\/imagens\/marcador.png\" width=\"64\" height=\"24\"><strong>Bem-me-Quer<\/strong>. Co-cria\u00e7\u00e3o e co-produ\u00e7\u00e3o enquanto acad\u00eamico de Comunica\u00e7\u00e3o Social, habilita\u00e7\u00e3o R\u00e1dio e Televis\u00e3o, veiculada pela <strong><a title=\"R\u00e1dios UFSM\" href=\"https:\/\/www.ufsm.br\/radio\" target=\"_blank\" rel=\"noopener noreferrer\">R\u00e1dio Universidade AM<\/a><\/strong>. (1984-1985)<\/p>\n<p style=\"margin-top: 0; margin-bottom: 6px\"><img decoding=\"async\" border=\"0\" title=\"Destaque\" alt=\"Destaque\" src=\"https:\/\/aprendizdomundo.com\/imagens\/marcador.png\" width=\"64\" height=\"24\"><strong><a title=\"Benedetta Italia\" href=\"https:\/\/aprendizdomundo.com\/portal\/perfil_benedettaitalia\/\">Benedetta Italia<\/a><\/strong>, com apresenta\u00e7\u00e3o de Helvio Cecchin (2001-2008 + 2014-2018)<\/p>\n<p style=\"margin-top: 0; margin-bottom: 6px\"><img decoding=\"async\" border=\"0\" title=\"Destaque\" alt=\"Destaque\" src=\"https:\/\/aprendizdomundo.com\/imagens\/marcador.png\" width=\"64\" height=\"24\"><strong>Canto Livre<\/strong>, com apresenta\u00e7\u00e3o de Norton Cezar (1995-1998)<\/p>\n<p style=\"margin-top: 0; margin-bottom: 6px\"><img decoding=\"async\" border=\"0\" title=\"Destaque\" alt=\"Destaque\" src=\"https:\/\/aprendizdomundo.com\/imagens\/marcador.png\" width=\"64\" height=\"24\"><strong><a title=\"Canzoni della Domenica\" href=\"https:\/\/aprendizdomundo.com\/portal\/perfil_canzonidelladomenica\/\">Canzoni della Domenica<\/a><\/strong>, com apresenta\u00e7\u00e3o de Helvio Cecchin (2016-2018)<\/p>\n<p style=\"margin-top: 0; margin-bottom: 6px\"><img decoding=\"async\" border=\"0\" title=\"Destaque\" alt=\"Destaque\" src=\"https:\/\/aprendizdomundo.com\/imagens\/marcador.png\" width=\"64\" height=\"24\"><strong>Compositores do Brasil<\/strong>, com apresenta\u00e7\u00e3o de Graziela Braga na 1\u00aa temporada (1996-1998)<\/p>\n<p style=\"margin-top: 0; margin-bottom: 6px\"><img decoding=\"async\" border=\"0\" title=\"Destaque\" alt=\"Destaque\" src=\"https:\/\/aprendizdomundo.com\/imagens\/marcador.png\" width=\"64\" height=\"24\"><strong><a title=\"Conex\u00e3o 292\" href=\"https:\/\/aprendizdomundo.com\/portal\/perfil_conexao292\/\">Conex\u00e3o 292<\/a><\/strong> (1997-2000)<\/p>\n<p style=\"margin-top: 0; margin-bottom: 6px\"><img decoding=\"async\" border=\"0\" title=\"Destaque\" alt=\"Destaque\" src=\"https:\/\/aprendizdomundo.com\/imagens\/marcador.png\" width=\"64\" height=\"24\"><strong>Conex\u00e3o Ol\u00edmpica<\/strong>, ao lado de Marlon Herath, Pedro Rocha e Rog\u00e9rio Giaretta Jr (2000)<\/p>\n<p style=\"margin-top: 0; margin-bottom: 6px\"><img decoding=\"async\" border=\"0\" title=\"Destaque\" alt=\"Destaque\" src=\"https:\/\/aprendizdomundo.com\/imagens\/marcador.png\" width=\"64\" height=\"24\"><strong>Conex\u00e3o UFSM<\/strong>, ao lado de Gilson Piber (2010)<\/p>\n<p style=\"margin-top: 0; margin-bottom: 6px\"><img decoding=\"async\" border=\"0\" title=\"Destaque\" alt=\"Destaque\" src=\"https:\/\/aprendizdomundo.com\/imagens\/marcador.png\" width=\"64\" height=\"24\"><strong>Conex\u00e3o Vestibular<\/strong>, ao lado de Gilson Piber (2001; 2002; 2006; 2007; 2010; e 2011)<\/p>\n<p style=\"margin-top: 0; margin-bottom: 6px\"><img decoding=\"async\" border=\"0\" title=\"Destaque\" alt=\"Destaque\" src=\"https:\/\/aprendizdomundo.com\/imagens\/marcador.png\" width=\"64\" height=\"24\"><strong>E Por Falar em M\u00fasica<\/strong>, quadro (1999)<\/p>\n<p style=\"margin-top: 0; margin-bottom: 6px\"><img decoding=\"async\" border=\"0\" title=\"Destaque\" alt=\"Destaque\" src=\"https:\/\/aprendizdomundo.com\/imagens\/marcador.png\" width=\"64\" height=\"24\"><strong><a title=\"Editoria S\" href=\"https:\/\/aprendizdomundo.com\/portal\/perfil_editorias\/\">Editoria S<\/a><\/strong><\/strong> (2015-2018)<\/p>\n<p style=\"margin-top: 0; margin-bottom: 6px\"><img decoding=\"async\" border=\"0\" title=\"Destaque\" alt=\"Destaque\" src=\"https:\/\/aprendizdomundo.com\/imagens\/marcador.png\" width=\"64\" height=\"24\"><strong>Educa\u00e7\u00e3o em Sintonia<\/strong>, com apresenta\u00e7\u00e3o de Cleber Newton Costa e Ana L\u00facia Miranda (1995-1996)<\/p>\n<p style=\"margin-top: 0; margin-bottom: 6px\"><img decoding=\"async\" border=\"0\" title=\"Destaque\" alt=\"Destaque\" src=\"https:\/\/aprendizdomundo.com\/imagens\/marcador.png\" width=\"64\" height=\"24\"><strong><a title=\"Esta\u00e7\u00e3o 800\" href=\"https:\/\/aprendizdomundo.com\/portal\/perfil_estacao800\/\" target=\"_self\" rel=\"noopener\">Esta\u00e7\u00e3o 800<\/a><\/strong>, com apresenta\u00e7\u00e3o de Rodrigo Santiago (2019-2022)<\/p>\n<p style=\"margin-top: 0; margin-bottom: 6px\"><img decoding=\"async\" border=\"0\" title=\"Destaque\" alt=\"Destaque\" src=\"https:\/\/aprendizdomundo.com\/imagens\/marcador.png\" width=\"64\" height=\"24\"><strong><a title=\"Expresso\" href=\"https:\/\/aprendizdomundo.com\/portal\/perfil_expresso\/\" target=\"_self\" rel=\"noopener\">Expresso<\/a><\/strong> (2016-2021)<\/p>\n<p style=\"margin-top: 0; margin-bottom: 6px\"><img decoding=\"async\" border=\"0\" title=\"Destaque\" alt=\"Destaque\" src=\"https:\/\/aprendizdomundo.com\/imagens\/marcador.png\" width=\"64\" height=\"24\"><strong><a title=\"Expresso 292\" href=\"https:\/\/aprendizdomundo.com\/portal\/perfil_expresso292\/\">Expresso 292<\/a><\/strong> (2008-2012)<\/p>\n<p style=\"margin-top: 0; margin-bottom: 6px\"><img decoding=\"async\" border=\"0\" title=\"Destaque\" alt=\"Destaque\" src=\"https:\/\/aprendizdomundo.com\/imagens\/marcador.png\" width=\"64\" height=\"24\"><strong>Faixa Diversa<\/strong> (2011-2012)<\/p>\n<p style=\"margin-top: 0; margin-bottom: 6px\"><img decoding=\"async\" border=\"0\" title=\"Destaque\" alt=\"Destaque\" src=\"https:\/\/aprendizdomundo.com\/imagens\/marcador.png\" width=\"64\" height=\"24\"><strong><a title=\"Finestra Italiana\" href=\"https:\/\/aprendizdomundo.com\/portal\/perfil_finestraitaliana\/\">Finestra Italiana<\/a><\/strong>, quadro com apresenta\u00e7\u00e3o de Helvio Cecchin (2003-2004; 2008-2012; 2014-2018)<\/p>\n<p style=\"margin-top: 0; margin-bottom: 6px\"><img decoding=\"async\" border=\"0\" title=\"Destaque\" alt=\"Destaque\" src=\"https:\/\/aprendizdomundo.com\/imagens\/marcador.png\" width=\"64\" height=\"24\"><strong>Gera\u00e7\u00e3o 800<\/strong> (2001)<\/p>\n<p style=\"margin-top: 0; margin-bottom: 6px\"><img decoding=\"async\" border=\"0\" title=\"Destaque\" alt=\"Destaque\" src=\"https:\/\/aprendizdomundo.com\/imagens\/marcador.png\" width=\"64\" height=\"24\"><strong><a title=\"InfoM\u00fasica\" href=\"https:\/\/aprendizdomundo.com\/portal\/perfil_infomusica\/\">InfoM\u00fasica<\/a><\/strong> (2023-2024)<\/p>\n<p style=\"margin-top: 0; margin-bottom: 6px\"><img decoding=\"async\" border=\"0\" title=\"Destaque\" alt=\"Destaque\" src=\"https:\/\/aprendizdomundo.com\/imagens\/marcador.png\" width=\"64\" height=\"24\"><strong><a title=\"Italia di Sempre\" title=\"Italia di Sempre\" href=\"https:\/\/aprendizdomundo.com\/portal\/perfil_italiadisempre\/\">Italia di Sempre<\/a><\/strong>, com apresenta\u00e7\u00e3o de Helvio Cecchin (2017-2018)<\/p>\n<p style=\"margin-top: 0; margin-bottom: 6px\"><img decoding=\"async\" border=\"0\" title=\"Destaque\" alt=\"Destaque\" src=\"https:\/\/aprendizdomundo.com\/imagens\/marcador.png\" width=\"64\" height=\"24\"><strong><a title=\"Magazine\" href=\"https:\/\/aprendizdomundo.com\/portal\/perfil_magazine\/\">Magazine<\/a><\/strong> (2014-2018)<\/p>\n<p style=\"margin-top: 0; margin-bottom: 6px\"><img decoding=\"async\" border=\"0\" title=\"Destaque\" alt=\"Destaque\" src=\"https:\/\/aprendizdomundo.com\/imagens\/marcador.png\" width=\"64\" height=\"24\"><strong>Marca Ga\u00facha<\/strong>, com apresenta\u00e7\u00e3o de Roberto Montagner (2009-&#8230;)<\/p>\n<p style=\"margin-top: 0; margin-bottom: 6px\"><img decoding=\"async\" border=\"0\" title=\"Destaque\" alt=\"Destaque\" src=\"https:\/\/aprendizdomundo.com\/imagens\/marcador.png\" width=\"64\" height=\"24\"><strong><a title=\"Mirante\" href=\"https:\/\/aprendizdomundo.com\/portal\/perfil_mirante\/\">Mirante<\/a><\/strong> (2003)<\/p>\n<p style=\"margin-top: 0; margin-bottom: 6px\"><img decoding=\"async\" border=\"0\" title=\"Destaque\" alt=\"Destaque\" src=\"https:\/\/aprendizdomundo.com\/imagens\/marcador.png\" width=\"64\" height=\"24\"><strong>Musical Italiano<\/strong> (2013-2014)<\/p>\n<p style=\"margin-top: 0; margin-bottom: 6px\"><img decoding=\"async\" border=\"0\" title=\"Destaque\" alt=\"Destaque\" src=\"https:\/\/aprendizdomundo.com\/imagens\/marcador.png\" width=\"64\" height=\"24\"><strong>Nativismo em Destaque<\/strong>, quadro (1995)<\/p>\n<p style=\"margin-top: 0; margin-bottom: 6px\"><img decoding=\"async\" border=\"0\" title=\"Destaque\" alt=\"Destaque\" src=\"https:\/\/aprendizdomundo.com\/imagens\/marcador.png\" width=\"64\" height=\"24\"><strong>Pelas Trilhas do Turismo<\/strong>, com participa\u00e7\u00e3o de Chico Sosa e Gl\u00e1ucio Boelter (1999)<\/p>\n<p style=\"margin-top: 0; margin-bottom: 6px\"><img decoding=\"async\" border=\"0\" title=\"Destaque\" alt=\"Destaque\" src=\"https:\/\/aprendizdomundo.com\/imagens\/marcador.png\" width=\"64\" height=\"24\"><strong>Radar Esportivo<\/strong>, locu\u00e7\u00e3o de mat\u00e9rias (1999)<\/p>\n<p style=\"margin-top: 0; margin-bottom: 6px\"><img decoding=\"async\" border=\"0\" title=\"Destaque\" alt=\"Destaque\" src=\"https:\/\/aprendizdomundo.com\/imagens\/marcador.png\" width=\"64\" height=\"24\"><strong><a title=\"Talento em Destaque\" href=\"https:\/\/aprendizdomundo.com\/portal\/perfil_talentoemdestaque\/\">Talento em Destaque<\/a><\/strong>, quadro (2014-2018)<\/p>\n<p style=\"margin-top: 0; margin-bottom: 6px\"><img decoding=\"async\" border=\"0\" title=\"Destaque\" alt=\"Destaque\" src=\"https:\/\/aprendizdomundo.com\/imagens\/marcador.png\" width=\"64\" height=\"24\"><strong><a title=\"Talento em Destaque, o programa\" href=\"https:\/\/aprendizdomundo.com\/portal\/perfil_tdprograma\/\">Talento em Destaque, o programa<\/a><\/strong> (2015-2018)<\/p>\n<p style=\"margin-top: 0; margin-bottom: 6px\"><img decoding=\"async\" border=\"0\" title=\"Destaque\" alt=\"Destaque\" src=\"https:\/\/aprendizdomundo.com\/imagens\/marcador.png\" width=\"64\" height=\"24\"><strong><a title=\"Talentos de Portugal\" href=\"https:\/\/aprendizdomundo.com\/portal\/perfil_talentosdeportugal\/\">Talentos de Portugal<\/a><\/strong> (2018)<\/p>\n<p style=\"margin-top: 0; margin-bottom: 6px\"><img decoding=\"async\" border=\"0\" title=\"Destaque\" alt=\"Destaque\" src=\"https:\/\/aprendizdomundo.com\/imagens\/marcador.png\" width=\"64\" height=\"24\"><strong>Talentos do Sul<\/strong>, com apresenta\u00e7\u00e3o de Graziela Braga na 1\u00aa temporada (1996-1998)<\/p>\n<p style=\"margin-top: 0; margin-bottom: 6px\"><img decoding=\"async\" border=\"0\" title=\"Destaque\" alt=\"Destaque\" src=\"https:\/\/aprendizdomundo.com\/imagens\/marcador.png\" width=\"64\" height=\"24\"><strong>Tema Livre<\/strong>. Cria\u00e7\u00e3o e produ\u00e7\u00e3o enquanto acad\u00eamico de Comunica\u00e7\u00e3o Social, habilita\u00e7\u00e3o R\u00e1dio e Televis\u00e3o, veiculada pela <strong><a title=\"R\u00e1dios UFSM\" href=\"https:\/\/www.ufsm.br\/radio\" target=\"_blank\" rel=\"noopener noreferrer\">R\u00e1dio Universidade AM<\/a><\/strong>. (1985)<\/p>\n<p style=\"margin-top: 0; margin-bottom: 6px\"><img decoding=\"async\" border=\"0\" title=\"Destaque\" alt=\"Destaque\" src=\"https:\/\/aprendizdomundo.com\/imagens\/marcador.png\" width=\"64\" height=\"24\"><strong>UFSM na Hist\u00f3ria<\/strong>, quadro (2014-2016)<\/p>\n<p style=\"margin-top: 0; margin-bottom: 40px\"><img decoding=\"async\" border=\"0\" title=\"Destaque\" alt=\"Destaque\" src=\"https:\/\/aprendizdomundo.com\/imagens\/marcador.png\" width=\"64\" height=\"24\"><strong><a title=\"Universidade Instrumental\" href=\"https:\/\/aprendizdomundo.com\/portal\/perfil_universidadeinstrumental\/\">Universidade Instrumental, o programa<\/a><\/strong>  (2013-2018)<\/p>\n","protected":false},"excerpt":{"rendered":"<p>A partir deste \u00edndice reunimos os programas e programetes\u00a0criados e\/ou produzidos pelo radialista Milton Oliveira\u00a0j\u00e1 veiculados pelas R\u00e1dios da UFSM. Estas produ\u00e7\u00f5es j\u00e1 encerraram suas trajet\u00f3rias. Aqui fica apenas o\u00a0registro hist\u00f3rico destes trabalhos. &nbsp; &nbsp; &nbsp; &nbsp; Aquarela Brasil, com apresenta\u00e7\u00e3o de Graziela Braga na 1\u00aa temporada (1995-1998). O programa foi revitalizado em 2014, agora [&#8230;] <\/p>\n<p class=\"more-link-container\"><a href=\"https:\/\/aprendizdomundo.com\/portal\/perfil_producoes\/perfil_descontinuadas\/\" class=\"more-link\">Read More<span class=\"screen-reader-text\"> &#8220;Produ\u00e7\u00f5es descontinuadas&#8221;<\/span><\/a><\/p>\n","protected":false},"author":1,"featured_media":0,"parent":52738,"menu_order":7,"comment_status":"closed","ping_status":"closed","template":"page-templates\/template-right-sidebar.php","meta":{"_eb_attr":"","footnotes":""},"class_list":["post-52792","page","type-page","status-publish","hentry"],"_links":{"self":[{"href":"https:\/\/aprendizdomundo.com\/portal\/wp-json\/wp\/v2\/pages\/52792","targetHints":{"allow":["GET"]}}],"collection":[{"href":"https:\/\/aprendizdomundo.com\/portal\/wp-json\/wp\/v2\/pages"}],"about":[{"href":"https:\/\/aprendizdomundo.com\/portal\/wp-json\/wp\/v2\/types\/page"}],"author":[{"embeddable":true,"href":"https:\/\/aprendizdomundo.com\/portal\/wp-json\/wp\/v2\/users\/1"}],"replies":[{"embeddable":true,"href":"https:\/\/aprendizdomundo.com\/portal\/wp-json\/wp\/v2\/comments?post=52792"}],"version-history":[{"count":12,"href":"https:\/\/aprendizdomundo.com\/portal\/wp-json\/wp\/v2\/pages\/52792\/revisions"}],"predecessor-version":[{"id":55226,"href":"https:\/\/aprendizdomundo.com\/portal\/wp-json\/wp\/v2\/pages\/52792\/revisions\/55226"}],"up":[{"embeddable":true,"href":"https:\/\/aprendizdomundo.com\/portal\/wp-json\/wp\/v2\/pages\/52738"}],"wp:attachment":[{"href":"https:\/\/aprendizdomundo.com\/portal\/wp-json\/wp\/v2\/media?parent=52792"}],"curies":[{"name":"wp","href":"https:\/\/api.w.org\/{rel}","templated":true}]}}