{"id":52794,"date":"2026-02-02T15:15:12","date_gmt":"2026-02-02T18:15:12","guid":{"rendered":"https:\/\/aprendizdomundo.com\/portal\/?page_id=52794"},"modified":"2026-04-05T19:41:12","modified_gmt":"2026-04-05T22:41:12","slug":"perfil_audicaobrasil","status":"publish","type":"page","link":"https:\/\/aprendizdomundo.com\/portal\/perfil_producoes\/perfil_descontinuadas\/perfil_audicaobrasil\/","title":{"rendered":"Audi\u00e7\u00e3o Brasil"},"content":{"rendered":"<p><img fetchpriority=\"high\" decoding=\"async\" title=\"Audi\u00e7\u00e3o Brasil\" class=\"alignleft\" src=\"https:\/\/aprendizdomundo.com\/imagens\/marca800_audicaobrasil.png\" alt=\"Audi\u00e7\u00e3o Brasil\" width=\"400\" height=\"400\" \/>O programa <strong>Audi\u00e7\u00e3o Brasil<\/strong> estreou na <strong><a title=\"R\u00e1dio Universidade AM\" href=\"https:\/\/www.ufsm.br\/radio\" target=\"_blank\" rel=\"noopener\">R\u00e1dio Universidade AM<\/a><\/strong> em 01\/06\/2004. Foi uma faixa dedicada exclusivamente \u00e0 M\u00fasica Popular Brasileira, com destaque para as mais diversas vozes da nossa m\u00fasica, preparado para ouvir sem parar. O slogan do programa: &#8220;A MPB na mais pura ess\u00eancia, para ouvir sem parar&#8230;&#8221;<\/p>\n<p>Cria\u00e7\u00e3o, dire\u00e7\u00e3o, produ\u00e7\u00e3o, curadoria musical, sele\u00e7\u00e3o de repert\u00f3rio, roteiriza\u00e7\u00e3o, edi\u00e7\u00e3o, controle de inser\u00e7\u00f5es, divulga\u00e7\u00e3o digital e gerenciamento de acervo: <strong><a title=\"Milton Oliveira Web Curr\u00edculo\" href=\"https:\/\/www.aprendizdomundo.com\/miltonoliveira\" target=\"_blank\" rel=\"noopener noreferrer\">Milton Oliveira<\/a><\/strong><\/p>\n<p>Na primeira temporada, o <strong>Audi\u00e7\u00e3o Brasil<\/strong> permaneceu na grade de segunda a sexta, das 23h00 \u00e0s 23h59. Em 10\/09 do mesmo ano come\u00e7ou a ser veiculado tamb\u00e9m aos domingos, das 15h00 \u00e0s 17h00. Usado como programa coringa, por muitas vezes cedeu espa\u00e7o para novas atra\u00e7\u00f5es. De 01\/08\/2009 a maio\/2010, o programa foi ao ar de quinta a ter\u00e7a, \u00e0s 23h00. Na sua \u00faltima temporada, esteve nas quintas e domingos, \u00e0s 23h00. Encerrou sua trajet\u00f3ria em 01\/03\/2012.<\/p>\n<p>O programa trazia uma edi\u00e7\u00e3o de grandes m\u00fasicas brasileiras, sem locu\u00e7\u00f5es de chamada. N\u00e3o s\u00f3 sucessos tocavam no espa\u00e7o; a edi\u00e7\u00e3o inclu\u00eda tamb\u00e9m aquelas m\u00fasicas de qualidade que ficam perdidas nos CDs de int\u00e9rpretes nacionais e acabam n\u00e3o tocando no r\u00e1dio.<\/p>\n<p>Roupa Nova, Caetano Veloso, Zizi Possi, 14 Bis, Ira!, Gilberto Gil, Z\u00e9lia Duncan, F\u00e1bio Jr, Papas da L\u00edngua, Leci Brand\u00e3o, Martinho da Vila, Capital Inicial, Paulinho da Viola, Alcione, Ana Carolina, Gal Costa, Boca Livre, Daniela Mercury, Elba Ramalho, RPM, Tit\u00e3s, Raul Seixas, Legi\u00e3o Urbana, Gonzaguinha, Alceu Valen\u00e7a, Tom Jobim, Kleiton e Kledir, Toquinho e Vin\u00edcius, Maria Beth\u00e2nia, Milton Nascimento, Dem\u00f4nios da Garoa, Marina Lima, Lulu Santos, Skank, Jota Quest, Ivete Sangalo, Beto Guedes e muitos outros da riqu\u00edssima MPB tocavam no <strong>Audi\u00e7\u00e3o Brasil<\/strong>.<\/p>\n","protected":false},"excerpt":{"rendered":"<p>O programa Audi\u00e7\u00e3o Brasil estreou na R\u00e1dio Universidade AM em 01\/06\/2004. Foi uma faixa dedicada exclusivamente \u00e0 M\u00fasica Popular Brasileira, com destaque para as mais diversas vozes da nossa m\u00fasica, preparado para ouvir sem parar. O slogan do programa: &#8220;A MPB na mais pura ess\u00eancia, para ouvir sem parar&#8230;&#8221; Cria\u00e7\u00e3o, dire\u00e7\u00e3o, produ\u00e7\u00e3o, curadoria musical, sele\u00e7\u00e3o [&#8230;] <\/p>\n<p class=\"more-link-container\"><a href=\"https:\/\/aprendizdomundo.com\/portal\/perfil_producoes\/perfil_descontinuadas\/perfil_audicaobrasil\/\" class=\"more-link\">Read More<span class=\"screen-reader-text\"> &#8220;Audi\u00e7\u00e3o Brasil&#8221;<\/span><\/a><\/p>\n","protected":false},"author":1,"featured_media":0,"parent":52792,"menu_order":0,"comment_status":"closed","ping_status":"closed","template":"page-templates\/template-right-sidebar.php","meta":{"_eb_attr":"","footnotes":""},"class_list":["post-52794","page","type-page","status-publish","hentry"],"_links":{"self":[{"href":"https:\/\/aprendizdomundo.com\/portal\/wp-json\/wp\/v2\/pages\/52794","targetHints":{"allow":["GET"]}}],"collection":[{"href":"https:\/\/aprendizdomundo.com\/portal\/wp-json\/wp\/v2\/pages"}],"about":[{"href":"https:\/\/aprendizdomundo.com\/portal\/wp-json\/wp\/v2\/types\/page"}],"author":[{"embeddable":true,"href":"https:\/\/aprendizdomundo.com\/portal\/wp-json\/wp\/v2\/users\/1"}],"replies":[{"embeddable":true,"href":"https:\/\/aprendizdomundo.com\/portal\/wp-json\/wp\/v2\/comments?post=52794"}],"version-history":[{"count":4,"href":"https:\/\/aprendizdomundo.com\/portal\/wp-json\/wp\/v2\/pages\/52794\/revisions"}],"predecessor-version":[{"id":55019,"href":"https:\/\/aprendizdomundo.com\/portal\/wp-json\/wp\/v2\/pages\/52794\/revisions\/55019"}],"up":[{"embeddable":true,"href":"https:\/\/aprendizdomundo.com\/portal\/wp-json\/wp\/v2\/pages\/52792"}],"wp:attachment":[{"href":"https:\/\/aprendizdomundo.com\/portal\/wp-json\/wp\/v2\/media?parent=52794"}],"curies":[{"name":"wp","href":"https:\/\/api.w.org\/{rel}","templated":true}]}}