{"id":52796,"date":"2026-02-02T15:15:35","date_gmt":"2026-02-02T18:15:35","guid":{"rendered":"https:\/\/aprendizdomundo.com\/portal\/?page_id=52796"},"modified":"2026-04-05T19:47:50","modified_gmt":"2026-04-05T22:47:50","slug":"perfil_benedettaitalia","status":"publish","type":"page","link":"https:\/\/aprendizdomundo.com\/portal\/perfil_producoes\/perfil_descontinuadas\/perfil_benedettaitalia\/","title":{"rendered":"Benedetta Italia"},"content":{"rendered":"<p><img fetchpriority=\"high\" decoding=\"async\" title=\"Benedetta Italia\" class=\"alignleft\" src=\"https:\/\/aprendizdomundo.com\/imagens\/marca800_benedetta.png\" alt=\"Benedetta Italia\" width=\"400\" height=\"400\" \/><strong>Benedetta Italia<\/strong> foi um programa cultural semanal de divulga\u00e7\u00e3o da italianidade em suas mais diversas manifesta\u00e7\u00f5es, abrindo espa\u00e7o para a m\u00fasica, as curiosidades, a religiosidade, a hist\u00f3ria e o turismo da It\u00e1lia; a m\u00fasica italiana cantada por brasileiros; e informa\u00e7\u00f5es sobre a imigra\u00e7\u00e3o italiana no Brasil.<\/p>\n<p>Coordena\u00e7\u00e3o, produ\u00e7\u00e3o, curadoria de conte\u00fado, pesquisa, curadoria musical, sele\u00e7\u00e3o de repert\u00f3rio, roteiriza\u00e7\u00e3o, reda\u00e7\u00e3o de texto, opera\u00e7\u00e3o t\u00e9cnica (nas audi\u00e7\u00f5es ao vivo), grava\u00e7\u00f5es, edi\u00e7\u00e3o, controle de inser\u00e7\u00f5es, divulga\u00e7\u00e3o digital e gerenciamento de acervo: <strong><a title=\"Milton Oliveira Web Curr\u00edculo\" href=\"https:\/\/www.aprendizdomundo.com\/miltonoliveira\" target=\"_blank\" rel=\"noopener\">Milton Oliveira<\/a><\/strong><\/p>\n<p>Produ\u00e7\u00e3o associada e apresenta\u00e7\u00e3o: <strong><a title=\"Helvio Cecchin no Facebook\" href=\"https:\/\/www.facebook.com\/helvio.cecchin\" target=\"_blank\" rel=\"noopener\">Helvio Cecchin<\/a><\/strong><\/p>\n<p><strong>Benedetta Italia<\/strong> foi uma produ\u00e7\u00e3o original da <strong><a title=\"R\u00e1dio Universidade AM\" href=\"https:\/\/www.ufsm.br\/radio\" target=\"_blank\" rel=\"noopener\">R\u00e1dio Universidade AM<\/a><\/strong>, onde fez sua estreia em 11\/05\/2001. Encerrou sua trajet\u00f3ria em 25\/10\/2018.<\/p>\n<p style=\"padding-left: 30px; margin-top: 2px; margin-bottom: 2px;\"><strong>Linha do tempo<\/strong>:<\/p>\n<p style=\"padding-left: 30px; margin-top: 2px; margin-bottom: 2px;\">2001 &#8211; Estreia em 11\/05. Espa\u00e7o vinculado \u00e0 Associa\u00e7\u00e3o Italiana de Santa Maria. Inser\u00e7\u00e3o na quinta, 21h00 \u00e0s 22h00.<\/p>\n<p style=\"padding-left: 30px; margin-top: 2px; margin-bottom: 2px;\">2003 &#8211; Incorpora\u00e7\u00e3o \u00e0 grade da emissora como programa pr\u00f3prio. Milton Oliveira assume a coordena\u00e7\u00e3o e produ\u00e7\u00e3o.<\/p>\n<p style=\"padding-left: 30px; margin-top: 2px; margin-bottom: 2px;\">2008 &#8211; Encerramento da primeira fase, em 08\/05. 322 audi\u00e7\u00f5es veiculadas.<\/p>\n<p style=\"padding-left: 30px; margin-top: 2px; margin-bottom: 2px;\">2014 &#8211; Retorno \u00e0 grade em 06\/05. Inser\u00e7\u00e3o na ter\u00e7a, 21h00 \u00e0s 22h00; com hor\u00e1rio alternativo no domingo, 08h00 \u00e0s 09h00.<\/p>\n<p style=\"padding-left: 30px; margin-top: 2px; margin-bottom: 2px;\">2014 &#8211; Mudan\u00e7a de dia em 12\/10. Inser\u00e7\u00e3o na quinta, 21h00 \u00e0s 23h00.<\/p>\n<p style=\"padding-left: 30px; margin-top: 2px; margin-bottom: 2px;\">2017 &#8211; Redu\u00e7\u00e3o de tempo em 02\/03. Inser\u00e7\u00e3o na quinta, 21h00 \u00e0s 22h00.<\/p>\n<p style=\"padding-left: 30px; margin-top: 2px;\">2018 &#8211; Encerramento definitivo em 25\/10.<\/p>\n<p>&nbsp;<br \/>\nPara recordar a produ\u00e7\u00e3o, ou\u00e7a em <strong><a title=\"Ou\u00e7a no Radiotube\" href=\"https:\/\/www.radiotube.org.br\/audio-2680K26TlwDOs\" target=\"_blank\" rel=\"noopener\">Radiotube<\/a><\/strong>.<\/p>\n","protected":false},"excerpt":{"rendered":"<p>Benedetta Italia foi um programa cultural semanal de divulga\u00e7\u00e3o da italianidade em suas mais diversas manifesta\u00e7\u00f5es, abrindo espa\u00e7o para a m\u00fasica, as curiosidades, a religiosidade, a hist\u00f3ria e o turismo da It\u00e1lia; a m\u00fasica italiana cantada por brasileiros; e informa\u00e7\u00f5es sobre a imigra\u00e7\u00e3o italiana no Brasil. Coordena\u00e7\u00e3o, produ\u00e7\u00e3o, curadoria de conte\u00fado, pesquisa, curadoria musical, sele\u00e7\u00e3o [&#8230;] <\/p>\n<p class=\"more-link-container\"><a href=\"https:\/\/aprendizdomundo.com\/portal\/perfil_producoes\/perfil_descontinuadas\/perfil_benedettaitalia\/\" class=\"more-link\">Read More<span class=\"screen-reader-text\"> &#8220;Benedetta Italia&#8221;<\/span><\/a><\/p>\n","protected":false},"author":1,"featured_media":0,"parent":52792,"menu_order":0,"comment_status":"closed","ping_status":"closed","template":"page-templates\/template-right-sidebar.php","meta":{"_eb_attr":"","footnotes":""},"class_list":["post-52796","page","type-page","status-publish","hentry"],"_links":{"self":[{"href":"https:\/\/aprendizdomundo.com\/portal\/wp-json\/wp\/v2\/pages\/52796","targetHints":{"allow":["GET"]}}],"collection":[{"href":"https:\/\/aprendizdomundo.com\/portal\/wp-json\/wp\/v2\/pages"}],"about":[{"href":"https:\/\/aprendizdomundo.com\/portal\/wp-json\/wp\/v2\/types\/page"}],"author":[{"embeddable":true,"href":"https:\/\/aprendizdomundo.com\/portal\/wp-json\/wp\/v2\/users\/1"}],"replies":[{"embeddable":true,"href":"https:\/\/aprendizdomundo.com\/portal\/wp-json\/wp\/v2\/comments?post=52796"}],"version-history":[{"count":12,"href":"https:\/\/aprendizdomundo.com\/portal\/wp-json\/wp\/v2\/pages\/52796\/revisions"}],"predecessor-version":[{"id":55021,"href":"https:\/\/aprendizdomundo.com\/portal\/wp-json\/wp\/v2\/pages\/52796\/revisions\/55021"}],"up":[{"embeddable":true,"href":"https:\/\/aprendizdomundo.com\/portal\/wp-json\/wp\/v2\/pages\/52792"}],"wp:attachment":[{"href":"https:\/\/aprendizdomundo.com\/portal\/wp-json\/wp\/v2\/media?parent=52796"}],"curies":[{"name":"wp","href":"https:\/\/api.w.org\/{rel}","templated":true}]}}