{"id":52798,"date":"2026-02-02T15:15:59","date_gmt":"2026-02-02T18:15:59","guid":{"rendered":"https:\/\/aprendizdomundo.com\/portal\/?page_id=52798"},"modified":"2026-04-05T19:47:56","modified_gmt":"2026-04-05T22:47:56","slug":"perfil_canzonidelladomenica","status":"publish","type":"page","link":"https:\/\/aprendizdomundo.com\/portal\/perfil_producoes\/perfil_descontinuadas\/perfil_canzonidelladomenica\/","title":{"rendered":"Canzoni della Domenica"},"content":{"rendered":"<p><img fetchpriority=\"high\" decoding=\"async\" title=\"Canzoni della Domenica\" class=\"alignleft\" src=\"https:\/\/aprendizdomundo.com\/imagens\/marca800_canzoni.png\" alt=\"Canzoni della Domenica\" width=\"400\" height=\"400\" \/><strong>Canzoni della Domenica<\/strong> foi um programa cultural semanal especializado na execu\u00e7\u00e3o da m\u00fasica popular folcl\u00f3rica da It\u00e1lia, com destaque para can\u00e7\u00f5es das vinte regi\u00f5es italianas. Cada audi\u00e7\u00e3o variava entre 57 a 59 minutos cada uma delas.<\/p>\n<p>Cria\u00e7\u00e3o, dire\u00e7\u00e3o, produ\u00e7\u00e3o, pesquisa, roteiriza\u00e7\u00e3o, reda\u00e7\u00e3o de texto, curadoria musical, sele\u00e7\u00e3o de repert\u00f3rio, grava\u00e7\u00f5es, edi\u00e7\u00e3o, controle de inser\u00e7\u00f5es, divulga\u00e7\u00e3o digital e gerenciamento de acervo: <strong><a title=\"Milton Oliveira Web Curr\u00edculo\" href=\"https:\/\/www.aprendizdomundo.com\/miltonoliveira\" target=\"_blank\" rel=\"noopener\">Milton Oliveira<\/a><\/strong><\/p>\n<p>Apresenta\u00e7\u00e3o: <strong><a title=\"Helvio Cecchin no Facebook\" href=\"https:\/\/www.facebook.com\/helvio.cecchin\" target=\"_blank\" rel=\"noopener\">Helvio Cecchin<\/a><\/strong><\/p>\n<p><strong>Canzoni della Domenica<\/strong> foi uma produ\u00e7\u00e3o criada originalmente para a <strong><a title=\"R\u00e1dio Universidade AM\" href=\"https:\/\/www.ufsm.br\/radio\" target=\"_blank\" rel=\"noopener\">R\u00e1dio Universidade AM<\/a><\/strong>, onde fez sua estreia em 20\/03\/2016. Se manteve no ar aos domingos, na faixa das 08h00 \u00e0s 09h00. Na <strong><a title=\"R\u00e1dio Uni FM\" href=\"https:\/\/www.ufsm.br\/radio\" target=\"_blank\" rel=\"noopener\">R\u00e1dio Uni FM<\/a><\/strong>, entrou na grade em 03\/12\/2017, ocupando o mesmo dia e mesmo hor\u00e1rio. Sua \u00faltima audi\u00e7\u00e3o foi ao ar, em ambas as emissoras, em 28\/10\/2018.<\/p>\n<p>No per\u00edodo de 20\/11\/2016 a 28\/11\/2018, tamb\u00e9m foi apresentado pela <strong><a title=\"Resonance R\u00e1dio\" href=\"http:\/\/www.resonanceradio.com.br\/\" target=\"_blank\" rel=\"noopener\">Resonance R\u00e1dio<\/a><\/strong>, aos domingos, na faixa das 21h00 \u00e0s 22h00.<\/p>\n<p>Para recordar a produ\u00e7\u00e3o, ou\u00e7a em <strong><a title=\"Ou\u00e7a no Radiotube\" href=\"https:\/\/www.radiotube.org.br\/audio-2680xNEpm5Maa\" target=\"_blank\" rel=\"noopener\">Radiotube<\/a><\/strong>.<\/p>\n","protected":false},"excerpt":{"rendered":"<p>Canzoni della Domenica foi um programa cultural semanal especializado na execu\u00e7\u00e3o da m\u00fasica popular folcl\u00f3rica da It\u00e1lia, com destaque para can\u00e7\u00f5es das vinte regi\u00f5es italianas. Cada audi\u00e7\u00e3o variava entre 57 a 59 minutos cada uma delas. Cria\u00e7\u00e3o, dire\u00e7\u00e3o, produ\u00e7\u00e3o, pesquisa, roteiriza\u00e7\u00e3o, reda\u00e7\u00e3o de texto, curadoria musical, sele\u00e7\u00e3o de repert\u00f3rio, grava\u00e7\u00f5es, edi\u00e7\u00e3o, controle de inser\u00e7\u00f5es, divulga\u00e7\u00e3o [&#8230;] <\/p>\n<p class=\"more-link-container\"><a href=\"https:\/\/aprendizdomundo.com\/portal\/perfil_producoes\/perfil_descontinuadas\/perfil_canzonidelladomenica\/\" class=\"more-link\">Read More<span class=\"screen-reader-text\"> &#8220;Canzoni della Domenica&#8221;<\/span><\/a><\/p>\n","protected":false},"author":1,"featured_media":0,"parent":52792,"menu_order":0,"comment_status":"closed","ping_status":"closed","template":"page-templates\/template-right-sidebar.php","meta":{"_eb_attr":"","footnotes":""},"class_list":["post-52798","page","type-page","status-publish","hentry"],"_links":{"self":[{"href":"https:\/\/aprendizdomundo.com\/portal\/wp-json\/wp\/v2\/pages\/52798","targetHints":{"allow":["GET"]}}],"collection":[{"href":"https:\/\/aprendizdomundo.com\/portal\/wp-json\/wp\/v2\/pages"}],"about":[{"href":"https:\/\/aprendizdomundo.com\/portal\/wp-json\/wp\/v2\/types\/page"}],"author":[{"embeddable":true,"href":"https:\/\/aprendizdomundo.com\/portal\/wp-json\/wp\/v2\/users\/1"}],"replies":[{"embeddable":true,"href":"https:\/\/aprendizdomundo.com\/portal\/wp-json\/wp\/v2\/comments?post=52798"}],"version-history":[{"count":6,"href":"https:\/\/aprendizdomundo.com\/portal\/wp-json\/wp\/v2\/pages\/52798\/revisions"}],"predecessor-version":[{"id":55022,"href":"https:\/\/aprendizdomundo.com\/portal\/wp-json\/wp\/v2\/pages\/52798\/revisions\/55022"}],"up":[{"embeddable":true,"href":"https:\/\/aprendizdomundo.com\/portal\/wp-json\/wp\/v2\/pages\/52792"}],"wp:attachment":[{"href":"https:\/\/aprendizdomundo.com\/portal\/wp-json\/wp\/v2\/media?parent=52798"}],"curies":[{"name":"wp","href":"https:\/\/api.w.org\/{rel}","templated":true}]}}