{"id":52802,"date":"2026-02-02T15:16:45","date_gmt":"2026-02-02T18:16:45","guid":{"rendered":"https:\/\/aprendizdomundo.com\/portal\/?page_id=52802"},"modified":"2026-04-05T19:48:15","modified_gmt":"2026-04-05T22:48:15","slug":"perfil_editorias","status":"publish","type":"page","link":"https:\/\/aprendizdomundo.com\/portal\/perfil_producoes\/perfil_descontinuadas\/perfil_editorias\/","title":{"rendered":"Editoria S"},"content":{"rendered":"<p><img fetchpriority=\"high\" decoding=\"async\" title=\"Editoria S\" class=\"alignleft\" src=\"https:\/\/aprendizdomundo.com\/imagens\/perfil_editorias.png\" alt=\"Editoria S\" width=\"400\" height=\"400\" \/><strong>Editoria S<\/strong>, em cada edi\u00e7\u00e3o, trazia uma mat\u00e9ria ou dica enfocando algum t\u00f3pico dentro da \u00e1rea tem\u00e1tica da sustentabilidade. O quadro reunia uma s\u00e9rie com mais de 120 programetes, variando entre 1 a 2 minutos e meio.<\/p>\n<p>Cria\u00e7\u00e3o, dire\u00e7\u00e3o, produ\u00e7\u00e3o, pesquisa, curadoria musical, sele\u00e7\u00e3o de repert\u00f3rio, roteiriza\u00e7\u00e3o, reda\u00e7\u00e3o de texto, locu\u00e7\u00e3o, grava\u00e7\u00f5es, edi\u00e7\u00e3o, controle de inser\u00e7\u00f5es, divulga\u00e7\u00e3o digital e gerenciamento de acervo: <strong><a title=\"Milton Oliveira Web Curr\u00edculo\" href=\"https:\/\/www.aprendizdomundo.com\/miltonoliveira\" target=\"_blank\" rel=\"noopener noreferrer\">Milton Oliveira<\/a><\/strong><\/p>\n<p><strong>Editoria S<\/strong> foi uma produ\u00e7\u00e3o criada originalmente para o programa <strong><a title=\"Magazine\" href=\"https:\/\/aprendizdomundo.com\/portal\/perfil_magazine\/\" target=\"_blank\" rel=\"noopener noreferrer\">Magazine<\/a><\/strong>, onde fez sua estreia em 30\/03\/2015. Como quadro, foi apresentado pela \u00faltima vez em 30\/03\/2018, quando o programa encerrou sua fase como revista. No <strong>Editoria 292<\/strong>, integrou as atra\u00e7\u00f5es desde a estreia do programa em 04\/04\/2016 at\u00e9 30\/03\/2018. De 08\/04\/2019 a 18\/12\/2020, com s\u00e9rie renovada, foi atra\u00e7\u00e3o nas duas primeiras temporadas do programa <strong><a title=\"Esta\u00e7\u00e3o 800\" href=\"https:\/\/aprendizdomundo.com\/portal\/perfil_estacao800\/\" target=\"_blank\" rel=\"noopener\">Esta\u00e7\u00e3o 800<\/a><\/strong>.<\/p>\n<p>A r\u00e1dio web <strong>A Era do R\u00e1dio<\/strong>, de Capinzal\/SC, veiculou o quadro a partir de 2017. A <strong><a title=\"R\u00e1dio Ac\u00e1cia Web\" href=\"https:\/\/acaciaweb.com.br\/\" target=\"_blank\" rel=\"noopener\">R\u00e1dio Ac\u00e1cia Web<\/a><\/strong>, na \u00e9poca R\u00e1dio Ac\u00e1cia FM 87.9, emissora comunit\u00e1ria de Alvorada\/RS, veiculou o quadro a partir de 11\/10\/2019. A <strong><a title=\"ObjetivaCast WebRadio\" href=\"https:\/\/objetivacast.com.br\/\" target=\"_blank\" rel=\"noopener noreferrer\">ObjetivaCast WebRadio<\/a><\/strong><\/span>, tamb\u00e9m de Alvorada\/RS, veiculou a s\u00e9rie a partir de julho\/2021.<\/p>\n<p>Este programete <strong>n\u00e3o<\/strong> est\u00e1 mais dispon\u00edvel para veicula\u00e7\u00e3o em sua emissora.<\/p>\n","protected":false},"excerpt":{"rendered":"<p>Editoria S, em cada edi\u00e7\u00e3o, trazia uma mat\u00e9ria ou dica enfocando algum t\u00f3pico dentro da \u00e1rea tem\u00e1tica da sustentabilidade. O quadro reunia uma s\u00e9rie com mais de 120 programetes, variando entre 1 a 2 minutos e meio. Cria\u00e7\u00e3o, dire\u00e7\u00e3o, produ\u00e7\u00e3o, pesquisa, curadoria musical, sele\u00e7\u00e3o de repert\u00f3rio, roteiriza\u00e7\u00e3o, reda\u00e7\u00e3o de texto, locu\u00e7\u00e3o, grava\u00e7\u00f5es, edi\u00e7\u00e3o, controle de [&#8230;] <\/p>\n<p class=\"more-link-container\"><a href=\"https:\/\/aprendizdomundo.com\/portal\/perfil_producoes\/perfil_descontinuadas\/perfil_editorias\/\" class=\"more-link\">Read More<span class=\"screen-reader-text\"> &#8220;Editoria S&#8221;<\/span><\/a><\/p>\n","protected":false},"author":1,"featured_media":0,"parent":52792,"menu_order":0,"comment_status":"closed","ping_status":"closed","template":"page-templates\/template-right-sidebar.php","meta":{"_eb_attr":"","footnotes":""},"class_list":["post-52802","page","type-page","status-publish","hentry"],"_links":{"self":[{"href":"https:\/\/aprendizdomundo.com\/portal\/wp-json\/wp\/v2\/pages\/52802","targetHints":{"allow":["GET"]}}],"collection":[{"href":"https:\/\/aprendizdomundo.com\/portal\/wp-json\/wp\/v2\/pages"}],"about":[{"href":"https:\/\/aprendizdomundo.com\/portal\/wp-json\/wp\/v2\/types\/page"}],"author":[{"embeddable":true,"href":"https:\/\/aprendizdomundo.com\/portal\/wp-json\/wp\/v2\/users\/1"}],"replies":[{"embeddable":true,"href":"https:\/\/aprendizdomundo.com\/portal\/wp-json\/wp\/v2\/comments?post=52802"}],"version-history":[{"count":6,"href":"https:\/\/aprendizdomundo.com\/portal\/wp-json\/wp\/v2\/pages\/52802\/revisions"}],"predecessor-version":[{"id":55024,"href":"https:\/\/aprendizdomundo.com\/portal\/wp-json\/wp\/v2\/pages\/52802\/revisions\/55024"}],"up":[{"embeddable":true,"href":"https:\/\/aprendizdomundo.com\/portal\/wp-json\/wp\/v2\/pages\/52792"}],"wp:attachment":[{"href":"https:\/\/aprendizdomundo.com\/portal\/wp-json\/wp\/v2\/media?parent=52802"}],"curies":[{"name":"wp","href":"https:\/\/api.w.org\/{rel}","templated":true}]}}