{"id":52804,"date":"2026-02-02T15:17:04","date_gmt":"2026-02-02T18:17:04","guid":{"rendered":"https:\/\/aprendizdomundo.com\/portal\/?page_id=52804"},"modified":"2026-04-05T19:48:23","modified_gmt":"2026-04-05T22:48:23","slug":"perfil_estacao800","status":"publish","type":"page","link":"https:\/\/aprendizdomundo.com\/portal\/perfil_producoes\/perfil_descontinuadas\/perfil_estacao800\/","title":{"rendered":"Esta\u00e7\u00e3o 800"},"content":{"rendered":"<p><img fetchpriority=\"high\" decoding=\"async\" title=\"Esta\u00e7\u00e3o 800\" class=\"alignleft\" src=\"https:\/\/aprendizdomundo.com\/imagens\/marca800_estacao.png\" alt=\"Esta\u00e7\u00e3o 800\" width=\"400\" height=\"400\" \/><strong>Esta\u00e7\u00e3o 800<\/strong> foi um programa misto, com not\u00edcias e m\u00fasica. As inser\u00e7\u00f5es jornal\u00edsticas divulgavam as a\u00e7\u00f5es, eventos e informes institucionais da <strong>UFSM<\/strong>. A sele\u00e7\u00e3o musical valorizava a m\u00fasica brasileira contempor\u00e2nea, desde sucessos das d\u00e9cadas passadas at\u00e9 novidades alternativas.<\/p>\n<p>Cria\u00e7\u00e3o, dire\u00e7\u00e3o, produ\u00e7\u00e3o associada, curadoria de conte\u00fado, curadoria musical, sele\u00e7\u00e3o de repert\u00f3rio, roteiriza\u00e7\u00e3o associada, grava\u00e7\u00f5es adicionais, edi\u00e7\u00e3o de programetes (quadros), divulga\u00e7\u00e3o digital e gerenciamento de acervo: <strong><a title=\"Milton Oliveira Web Curr\u00edculo\" href=\"https:\/\/www.aprendizdomundo.com\/miltonoliveira\" target=\"_blank\" rel=\"noopener\">Milton Oliveira<\/a><\/strong><\/p>\n<p>Produ\u00e7\u00e3o, roteiriza\u00e7\u00e3o e apresenta\u00e7\u00e3o: <strong><a title=\"Rodrigo Santiago no Facebook\" href=\"http:\/\/www.facebook.com\/rodrigo.santiago.1044\" target=\"_blank\" rel=\"noopener\">Rodrigo Santiago<\/a><\/strong><\/p>\n<p><strong>Esta\u00e7\u00e3o 800<\/strong> foi uma produ\u00e7\u00e3o original da <strong><a title=\"R\u00e1dio Universidade AM\" href=\"https:\/\/www.ufsm.br\/radio\" target=\"_blank\" rel=\"noopener\">R\u00e1dio Universidade AM<\/a><\/strong>, onde fez sua estreia em 25\/03\/2019, veiculado de segunda a sexta, ocupando a faixa das 09h00 \u00e0s 11h00. A primeira temporada, com 200 programas (audi\u00e7\u00f5es 001 a 200), encerrou em 27\/12\/2019. A segunda temporada, com 204 programas (audi\u00e7\u00f5es 201 a 404), aconteceu de 10\/03 a 18\/12\/2020. A terceira temporada, com 200 programas (audi\u00e7\u00f5es 405 a 604), aconteceu de 15\/03 a 17\/12\/2021. A quarta temporada, com 210 programas (audi\u00e7\u00f5es 605 a 815) aconteceu de 11\/03\/2022 a 30\/12\/2022. Nesta \u00faltima data, encerrou sua trajet\u00f3ria na programa\u00e7\u00e3o da emissora.<\/p>\n","protected":false},"excerpt":{"rendered":"<p>Esta\u00e7\u00e3o 800 foi um programa misto, com not\u00edcias e m\u00fasica. As inser\u00e7\u00f5es jornal\u00edsticas divulgavam as a\u00e7\u00f5es, eventos e informes institucionais da UFSM. A sele\u00e7\u00e3o musical valorizava a m\u00fasica brasileira contempor\u00e2nea, desde sucessos das d\u00e9cadas passadas at\u00e9 novidades alternativas. Cria\u00e7\u00e3o, dire\u00e7\u00e3o, produ\u00e7\u00e3o associada, curadoria de conte\u00fado, curadoria musical, sele\u00e7\u00e3o de repert\u00f3rio, roteiriza\u00e7\u00e3o associada, grava\u00e7\u00f5es adicionais, edi\u00e7\u00e3o [&#8230;] <\/p>\n<p class=\"more-link-container\"><a href=\"https:\/\/aprendizdomundo.com\/portal\/perfil_producoes\/perfil_descontinuadas\/perfil_estacao800\/\" class=\"more-link\">Read More<span class=\"screen-reader-text\"> &#8220;Esta\u00e7\u00e3o 800&#8221;<\/span><\/a><\/p>\n","protected":false},"author":1,"featured_media":0,"parent":52792,"menu_order":0,"comment_status":"closed","ping_status":"closed","template":"page-templates\/template-right-sidebar.php","meta":{"_eb_attr":"","footnotes":""},"class_list":["post-52804","page","type-page","status-publish","hentry"],"_links":{"self":[{"href":"https:\/\/aprendizdomundo.com\/portal\/wp-json\/wp\/v2\/pages\/52804","targetHints":{"allow":["GET"]}}],"collection":[{"href":"https:\/\/aprendizdomundo.com\/portal\/wp-json\/wp\/v2\/pages"}],"about":[{"href":"https:\/\/aprendizdomundo.com\/portal\/wp-json\/wp\/v2\/types\/page"}],"author":[{"embeddable":true,"href":"https:\/\/aprendizdomundo.com\/portal\/wp-json\/wp\/v2\/users\/1"}],"replies":[{"embeddable":true,"href":"https:\/\/aprendizdomundo.com\/portal\/wp-json\/wp\/v2\/comments?post=52804"}],"version-history":[{"count":9,"href":"https:\/\/aprendizdomundo.com\/portal\/wp-json\/wp\/v2\/pages\/52804\/revisions"}],"predecessor-version":[{"id":55025,"href":"https:\/\/aprendizdomundo.com\/portal\/wp-json\/wp\/v2\/pages\/52804\/revisions\/55025"}],"up":[{"embeddable":true,"href":"https:\/\/aprendizdomundo.com\/portal\/wp-json\/wp\/v2\/pages\/52792"}],"wp:attachment":[{"href":"https:\/\/aprendizdomundo.com\/portal\/wp-json\/wp\/v2\/media?parent=52804"}],"curies":[{"name":"wp","href":"https:\/\/api.w.org\/{rel}","templated":true}]}}