{"id":52806,"date":"2026-02-02T15:17:27","date_gmt":"2026-02-02T18:17:27","guid":{"rendered":"https:\/\/aprendizdomundo.com\/portal\/?page_id=52806"},"modified":"2026-04-05T19:48:33","modified_gmt":"2026-04-05T22:48:33","slug":"perfil_expresso","status":"publish","type":"page","link":"https:\/\/aprendizdomundo.com\/portal\/perfil_producoes\/perfil_descontinuadas\/perfil_expresso\/","title":{"rendered":"Expresso"},"content":{"rendered":"<p><img fetchpriority=\"high\" decoding=\"async\" title=\"Expresso\" class=\"alignleft\" src=\"https:\/\/aprendizdomundo.com\/imagens\/marca800_expresso.png\" alt=\"Expresso\" width=\"400\" height=\"400\" \/><strong>Expresso<\/strong> foi uma faixa musical dedicada ao pop-rock nacional e internacional das d\u00e9cadas 1960 a 1990. A faixa reunia grandes sucessos dos per\u00edodos mencionados e abria espa\u00e7o para veicula\u00e7\u00e3o de outras m\u00fasicas de qualidade dos artistas. Cada bloco inclu\u00eda na primeira metade uma sele\u00e7\u00e3o de can\u00e7\u00f5es brasileiras e, na segunda, estrangeiras. No \u00e2mbito das nacionais, passeava pela MPB, jovem guarda, samba rock e temas de telenovelas, entre outras. Quanto \u00e0s estrangeiras, tocava can\u00e7\u00f5es de l\u00edngua inglesa, italiana, francesa e espanhola, entre outras.<\/p>\n<p>Cria\u00e7\u00e3o, dire\u00e7\u00e3o, produ\u00e7\u00e3o, pesquisa, curadoria musical, sele\u00e7\u00e3o de repert\u00f3rio, roteiriza\u00e7\u00e3o, edi\u00e7\u00e3o, controle de inser\u00e7\u00f5es, divulga\u00e7\u00e3o digital e gerenciamento de acervo: <strong><a title=\"Milton Oliveira Web Curr\u00edculo\" href=\"https:\/\/www.aprendizdomundo.com\/miltonoliveira\" target=\"_blank\" rel=\"noopener\">Milton Oliveira<\/a><\/strong><\/p>\n<p><strong>Expresso<\/strong> foi uma produ\u00e7\u00e3o criada originalmente para a <strong><a title=\"R\u00e1dio Universidade AM\" href=\"https:\/\/www.ufsm.br\/radio\" target=\"_blank\" rel=\"noopener\">R\u00e1dio Universidade AM<\/a><\/strong>, onde fez sua estreia em 04\/04\/2016, ocupando a faixa das 00h00 \u00e0s 04h55, todos os dias. Sua \u00faltima audi\u00e7\u00e3o, de n\u00ba 2098, foi ao ar em 31\/12\/2021. A faixa musical recolocava na grade o programa <strong><a title=\"Expresso 292\" href=\"https:\/\/aprendizdomundo.com\/portal\/perfil_expresso292\/\" target=\"_self\" rel=\"noopener\">Expresso 292<\/a><\/strong>, levado ao ar nos anos de 2008 a 2012.<\/p>\n","protected":false},"excerpt":{"rendered":"<p>Expresso foi uma faixa musical dedicada ao pop-rock nacional e internacional das d\u00e9cadas 1960 a 1990. A faixa reunia grandes sucessos dos per\u00edodos mencionados e abria espa\u00e7o para veicula\u00e7\u00e3o de outras m\u00fasicas de qualidade dos artistas. Cada bloco inclu\u00eda na primeira metade uma sele\u00e7\u00e3o de can\u00e7\u00f5es brasileiras e, na segunda, estrangeiras. No \u00e2mbito das nacionais, [&#8230;] <\/p>\n<p class=\"more-link-container\"><a href=\"https:\/\/aprendizdomundo.com\/portal\/perfil_producoes\/perfil_descontinuadas\/perfil_expresso\/\" class=\"more-link\">Read More<span class=\"screen-reader-text\"> &#8220;Expresso&#8221;<\/span><\/a><\/p>\n","protected":false},"author":1,"featured_media":0,"parent":52792,"menu_order":0,"comment_status":"closed","ping_status":"closed","template":"page-templates\/template-right-sidebar.php","meta":{"_eb_attr":"","footnotes":""},"class_list":["post-52806","page","type-page","status-publish","hentry"],"_links":{"self":[{"href":"https:\/\/aprendizdomundo.com\/portal\/wp-json\/wp\/v2\/pages\/52806","targetHints":{"allow":["GET"]}}],"collection":[{"href":"https:\/\/aprendizdomundo.com\/portal\/wp-json\/wp\/v2\/pages"}],"about":[{"href":"https:\/\/aprendizdomundo.com\/portal\/wp-json\/wp\/v2\/types\/page"}],"author":[{"embeddable":true,"href":"https:\/\/aprendizdomundo.com\/portal\/wp-json\/wp\/v2\/users\/1"}],"replies":[{"embeddable":true,"href":"https:\/\/aprendizdomundo.com\/portal\/wp-json\/wp\/v2\/comments?post=52806"}],"version-history":[{"count":6,"href":"https:\/\/aprendizdomundo.com\/portal\/wp-json\/wp\/v2\/pages\/52806\/revisions"}],"predecessor-version":[{"id":55026,"href":"https:\/\/aprendizdomundo.com\/portal\/wp-json\/wp\/v2\/pages\/52806\/revisions\/55026"}],"up":[{"embeddable":true,"href":"https:\/\/aprendizdomundo.com\/portal\/wp-json\/wp\/v2\/pages\/52792"}],"wp:attachment":[{"href":"https:\/\/aprendizdomundo.com\/portal\/wp-json\/wp\/v2\/media?parent=52806"}],"curies":[{"name":"wp","href":"https:\/\/api.w.org\/{rel}","templated":true}]}}