{"id":52808,"date":"2026-02-02T15:17:56","date_gmt":"2026-02-02T18:17:56","guid":{"rendered":"https:\/\/aprendizdomundo.com\/portal\/?page_id=52808"},"modified":"2026-04-05T19:49:01","modified_gmt":"2026-04-05T22:49:01","slug":"perfil_expresso292","status":"publish","type":"page","link":"https:\/\/aprendizdomundo.com\/portal\/perfil_producoes\/perfil_descontinuadas\/perfil_expresso292\/","title":{"rendered":"Expresso 292"},"content":{"rendered":"<blockquote><p><strong>Nota 2016<\/strong>: O <strong><a title=\"Expresso\" href=\"https:\/\/aprendizdomundo.com\/portal\/perfil_expresso\/\" target=\"_self\" rel=\"noopener\">Expresso<\/a><\/strong> (assim mesmo, sem o 292) retomou sua trajet\u00f3ria, ent\u00e3o como uma faixa musical. Neste formato, fez sua estreia em 04\/04\/2016 e encerrou sua hist\u00f3ria em 31\/12\/2021.<\/p><\/blockquote>\n<p><img fetchpriority=\"high\" decoding=\"async\" title=\"Expresso 292\" class=\"alignleft\" src=\"https:\/\/aprendizdomundo.com\/imagens\/perfil_expresso292.png\" alt=\"Expresso 292\" width=\"400\" height=\"400\" \/>O programa <strong>Expresso 292<\/strong> foi um programa voltado ao ouvinte que trabalha na madrugada ou curte a tranquilidade de ouvir r\u00e1dio no aconchego do seu lar. As atra\u00e7\u00f5es do programa eram a m\u00fasica e a informa\u00e7\u00e3o. A m\u00fasica, seja ela nacional ou internacional (sempre valorizando a boa qualidade), de ontem e de hoje, com espa\u00e7os para lan\u00e7amentos, em especial de novos talentos da m\u00fasica brasileira; e a informa\u00e7\u00e3o, r\u00e1pida e \u00fatil, contando com quadros informativos e culturais. O slogan do programa: &#8220;Um viagem musical na sua madrugada!&#8221;<\/p>\n<p>Cria\u00e7\u00e3o, dire\u00e7\u00e3o, produ\u00e7\u00e3o, curadoria de conte\u00fado, pesquisa, curadoria musical, sele\u00e7\u00e3o de repert\u00f3rio, roteiriza\u00e7\u00e3o, reda\u00e7\u00e3o de texto, apresenta\u00e7\u00e3o, grava\u00e7\u00f5es, edi\u00e7\u00e3o de programetes (quadros), edi\u00e7\u00e3o final, controle de inser\u00e7\u00f5es, divulga\u00e7\u00e3o digital e gerenciamento de acervo: <strong><a title=\"Milton Oliveira Web Curr\u00edculo\" href=\"https:\/\/www.aprendizdomundo.com\/miltonoliveira\" target=\"_blank\" rel=\"noopener\">Milton Oliveira<\/a><\/strong><\/p>\n<p>O <strong>Expresso 292<\/strong> estreou na <strong><a title=\"R\u00e1dio Universidade AM\" href=\"https:\/\/www.ufsm.br\/radio\" target=\"_blank\" rel=\"noopener\">R\u00e1dio Universidade AM<\/a><\/strong> em 18\/09\/2008. O programa se manteve na grade dos <strong>800 AM<\/strong> de domingo a domingo, das 00h00 \u00e0s 05h00, at\u00e9 31\/03\/2012.<\/p>\n<p>A produ\u00e7\u00e3o contou com a indispens\u00e1vel atua\u00e7\u00e3o dos colaboradores, que enriqueceram o trabalho com seus quadros. Teve Janice Medeiros, a voz da Frase do Dia; Manuela Motta, produtora e apresentadora da curta temporada do Saber Mais; Roberto Montagner, respons\u00e1vel pela tamb\u00e9m curta temporada do Saber Ci\u00eancia (este quadro j\u00e1 fazia parte do <strong><a title=\"Conex\u00e3o 292\" href=\"https:\/\/aprendizdomundo.com\/portal\/perfil_conexao292\/\">Conex\u00e3o 292<\/a><\/strong>); e H\u00e9lvio Cechin, apresentador do Finestra Italiana (quadro surgido l\u00e1 no <strong><a title=\"Mirante\" href=\"https:\/\/aprendizdomundo.com\/portal\/perfil_mirante\/\">Mirante<\/a>)<\/strong>.<\/p>\n<p>Al\u00e9m destes, o programa contou com outros quadros, o Cidadania Dia-a-Dia, uma produ\u00e7\u00e3o do Instituto Legislativo Brasileiro em parceria com a R\u00e1dio Senado; Gente Nova, espa\u00e7o criado para mostrar novos artistas; e Talento em Destaque, para valorizar bons m\u00fasicos.<\/p>\n<p>Em agosto de 2011, foi criado o Elenco Expresso, uma agenda de divulga\u00e7\u00e3o de artistas que procuravam e valorizavam o programa. A cada madrugada um deles ganhava meia hora de destaque na programa\u00e7\u00e3o. Entre outros, figuraram a\u00ed nomes como Alcemar Santana, J\u00e9ssica Nicola, Manu Santos, Z\u00e9 Caetano, Gisele de Santi, Andr\u00e9 Ayel, Gisele &amp; Maninho, Marcello Dornelles, a francesa Laurence Sautron, Jack &amp; Ruy, Clarissa Mombelli, Nasser Khalil, a colombiana Patty Bear, Midian Almeida, Ana Soul, Kelyn Carolyne, Natacha e Ver\u00f4nica Ferriani.<\/p>\n<p>O <strong>Expresso 292<\/strong> foi o primeiro programa da emissora que j\u00e1 estreou com seu site, vinculado ao dom\u00ednio da institui\u00e7\u00e3o. A home page ia al\u00e9m das cinco horas na madrugada, estando \u00e0 disposi\u00e7\u00e3o dos internautas o tempo todo, com informa\u00e7\u00f5es sobre os quadros, os colaboradores, datas comemorativas, hotsites de artistas e conte\u00fado adicional ao programa de r\u00e1dio.<\/p>\n","protected":false},"excerpt":{"rendered":"<p>Nota 2016: O Expresso (assim mesmo, sem o 292) retomou sua trajet\u00f3ria, ent\u00e3o como uma faixa musical. Neste formato, fez sua estreia em 04\/04\/2016 e encerrou sua hist\u00f3ria em 31\/12\/2021. O programa Expresso 292 foi um programa voltado ao ouvinte que trabalha na madrugada ou curte a tranquilidade de ouvir r\u00e1dio no aconchego do seu [&#8230;] <\/p>\n<p class=\"more-link-container\"><a href=\"https:\/\/aprendizdomundo.com\/portal\/perfil_producoes\/perfil_descontinuadas\/perfil_expresso292\/\" class=\"more-link\">Read More<span class=\"screen-reader-text\"> &#8220;Expresso 292&#8221;<\/span><\/a><\/p>\n","protected":false},"author":1,"featured_media":0,"parent":52792,"menu_order":0,"comment_status":"closed","ping_status":"closed","template":"page-templates\/template-right-sidebar.php","meta":{"_eb_attr":"","footnotes":""},"class_list":["post-52808","page","type-page","status-publish","hentry"],"_links":{"self":[{"href":"https:\/\/aprendizdomundo.com\/portal\/wp-json\/wp\/v2\/pages\/52808","targetHints":{"allow":["GET"]}}],"collection":[{"href":"https:\/\/aprendizdomundo.com\/portal\/wp-json\/wp\/v2\/pages"}],"about":[{"href":"https:\/\/aprendizdomundo.com\/portal\/wp-json\/wp\/v2\/types\/page"}],"author":[{"embeddable":true,"href":"https:\/\/aprendizdomundo.com\/portal\/wp-json\/wp\/v2\/users\/1"}],"replies":[{"embeddable":true,"href":"https:\/\/aprendizdomundo.com\/portal\/wp-json\/wp\/v2\/comments?post=52808"}],"version-history":[{"count":7,"href":"https:\/\/aprendizdomundo.com\/portal\/wp-json\/wp\/v2\/pages\/52808\/revisions"}],"predecessor-version":[{"id":55027,"href":"https:\/\/aprendizdomundo.com\/portal\/wp-json\/wp\/v2\/pages\/52808\/revisions\/55027"}],"up":[{"embeddable":true,"href":"https:\/\/aprendizdomundo.com\/portal\/wp-json\/wp\/v2\/pages\/52792"}],"wp:attachment":[{"href":"https:\/\/aprendizdomundo.com\/portal\/wp-json\/wp\/v2\/media?parent=52808"}],"curies":[{"name":"wp","href":"https:\/\/api.w.org\/{rel}","templated":true}]}}