{"id":52810,"date":"2026-02-02T15:18:17","date_gmt":"2026-02-02T18:18:17","guid":{"rendered":"https:\/\/aprendizdomundo.com\/portal\/?page_id=52810"},"modified":"2026-04-05T19:49:08","modified_gmt":"2026-04-05T22:49:08","slug":"perfil_finestraitaliana","status":"publish","type":"page","link":"https:\/\/aprendizdomundo.com\/portal\/perfil_producoes\/perfil_descontinuadas\/perfil_finestraitaliana\/","title":{"rendered":"Finestra Italiana"},"content":{"rendered":"<p><img fetchpriority=\"high\" decoding=\"async\" title=\"Finestra Italiana\" class=\"alignleft\" src=\"https:\/\/aprendizdomundo.com\/imagens\/perfil_finestraitaliana.png\" alt=\"Finestra Italiana\" width=\"400\" height=\"400\" \/><strong>Finestra Italiana<\/strong>, em cada edi\u00e7\u00e3o, tocava duas m\u00fasicas do artista escolhido, antecedida de r\u00e1pido texto sobre sua trajet\u00f3ria musical. O elenco da produ\u00e7\u00e3o contava com 36 grandes artistas contempor\u00e2neos da It\u00e1lia, incluindo entre eles os nomes de Al Bano &#038; Romina Power, Domenico Modugno, Gianni Morandi, Gigliola Cinquetti, I Santo California, Jimmy Fontana, Laura Pausini, Mafalda Minnozzi, Peppino di Capri, Ricchi &#038; Poveri, Rita Pavone, Sergio Endrigo e Tony Angeli. A s\u00e9rie completa do quadro reuniu 538 programetes, variando entre 5 a 13 minutos cada um.<\/p>\n<p>Cria\u00e7\u00e3o, dire\u00e7\u00e3o, produ\u00e7\u00e3o, pesquisa, curadoria musical, sele\u00e7\u00e3o de repert\u00f3rio, roteiriza\u00e7\u00e3o, reda\u00e7\u00e3o de texto, grava\u00e7\u00f5es, edi\u00e7\u00e3o, controle de inser\u00e7\u00f5es, divulga\u00e7\u00e3o digital e gerenciamento de acervo: <strong><a title=\"Milton Oliveira Web Curr\u00edculo\" href=\"https:\/\/www.aprendizdomundo.com\/miltonoliveira\" target=\"_blank\" rel=\"noopener\">Milton Oliveira<\/a><\/strong><\/p>\n<p>Apresenta\u00e7\u00e3o: <strong><a title=\"Helvio Cecchin no Facebook\" href=\"https:\/\/www.facebook.com\/helvio.cecchin\" target=\"_blank\" rel=\"noopener\">Helvio Cecchin<\/a><\/strong><\/p>\n<p><strong>Finestra Italiana<\/strong> foi uma produ\u00e7\u00e3o criada originalmente para o programa <strong><a title=\"Magazine\" href=\"https:\/\/aprendizdomundo.com\/portal\/perfil_magazine\/\" target=\"_blank\" rel=\"noopener\">Magazine<\/a><\/strong>, onde fez sua estreia em 22\/10\/2014. Como quadro, foi apresentado pela \u00faltima vez em 30\/03\/2018, quando o programa encerrou sua fase como revista.<\/p>\n<p>A <strong>R\u00e1dio Imigrantes AM (hoje FM 94.1 Imigrantes)<\/strong>, de Turvo\/SC, foi parceira do <strong>Magazine<\/strong> na veicula\u00e7\u00e3o do <strong>Finestra Italiana<\/strong>. O quadro esteve na programa\u00e7\u00e3o da emissora catarinense no per\u00edodo de 02\/09\/2015 a 30\/12\/2016, levado ao ar \u00e0s 11h30, de segunda a sexta, integrando as atra\u00e7\u00f5es do programa <strong>Bom Dia Imigrantes<\/strong>. A r\u00e1dio web <strong>A Era do R\u00e1dio<\/strong>, de Capinzal\/SC, veiculou o quadro a partir de 2017. <\/p>\n<p>Este programete <strong>n\u00e3o<\/strong> est\u00e1 dispon\u00edvel para veicula\u00e7\u00e3o em sua emissora.<\/p>\n","protected":false},"excerpt":{"rendered":"<p>Finestra Italiana, em cada edi\u00e7\u00e3o, tocava duas m\u00fasicas do artista escolhido, antecedida de r\u00e1pido texto sobre sua trajet\u00f3ria musical. O elenco da produ\u00e7\u00e3o contava com 36 grandes artistas contempor\u00e2neos da It\u00e1lia, incluindo entre eles os nomes de Al Bano &#038; Romina Power, Domenico Modugno, Gianni Morandi, Gigliola Cinquetti, I Santo California, Jimmy Fontana, Laura Pausini, [&#8230;] <\/p>\n<p class=\"more-link-container\"><a href=\"https:\/\/aprendizdomundo.com\/portal\/perfil_producoes\/perfil_descontinuadas\/perfil_finestraitaliana\/\" class=\"more-link\">Read More<span class=\"screen-reader-text\"> &#8220;Finestra Italiana&#8221;<\/span><\/a><\/p>\n","protected":false},"author":1,"featured_media":0,"parent":52792,"menu_order":0,"comment_status":"closed","ping_status":"closed","template":"page-templates\/template-right-sidebar.php","meta":{"_eb_attr":"","footnotes":""},"class_list":["post-52810","page","type-page","status-publish","hentry"],"_links":{"self":[{"href":"https:\/\/aprendizdomundo.com\/portal\/wp-json\/wp\/v2\/pages\/52810","targetHints":{"allow":["GET"]}}],"collection":[{"href":"https:\/\/aprendizdomundo.com\/portal\/wp-json\/wp\/v2\/pages"}],"about":[{"href":"https:\/\/aprendizdomundo.com\/portal\/wp-json\/wp\/v2\/types\/page"}],"author":[{"embeddable":true,"href":"https:\/\/aprendizdomundo.com\/portal\/wp-json\/wp\/v2\/users\/1"}],"replies":[{"embeddable":true,"href":"https:\/\/aprendizdomundo.com\/portal\/wp-json\/wp\/v2\/comments?post=52810"}],"version-history":[{"count":6,"href":"https:\/\/aprendizdomundo.com\/portal\/wp-json\/wp\/v2\/pages\/52810\/revisions"}],"predecessor-version":[{"id":55028,"href":"https:\/\/aprendizdomundo.com\/portal\/wp-json\/wp\/v2\/pages\/52810\/revisions\/55028"}],"up":[{"embeddable":true,"href":"https:\/\/aprendizdomundo.com\/portal\/wp-json\/wp\/v2\/pages\/52792"}],"wp:attachment":[{"href":"https:\/\/aprendizdomundo.com\/portal\/wp-json\/wp\/v2\/media?parent=52810"}],"curies":[{"name":"wp","href":"https:\/\/api.w.org\/{rel}","templated":true}]}}