{"id":52812,"date":"2026-02-02T15:18:38","date_gmt":"2026-02-02T18:18:38","guid":{"rendered":"https:\/\/aprendizdomundo.com\/portal\/?page_id=52812"},"modified":"2026-04-05T19:49:16","modified_gmt":"2026-04-05T22:49:16","slug":"perfil_infomusica","status":"publish","type":"page","link":"https:\/\/aprendizdomundo.com\/portal\/perfil_producoes\/perfil_descontinuadas\/perfil_infomusica\/","title":{"rendered":"InfoM\u00fasica"},"content":{"rendered":"<p><img fetchpriority=\"high\" decoding=\"async\" title=\"InfoM\u00fasica\" class=\"alignleft\" src=\"https:\/\/aprendizdomundo.com\/imagens\/marca800_infomusica.png\" alt=\"InfoM\u00fasica\" width=\"400\" height=\"400\" \/><strong>InfoM\u00fasica<\/strong> foi um espa\u00e7o informativo-musical dedicado \u00e0 divulga\u00e7\u00e3o institucional da <strong>Universidade Federal de Santa Maria<\/strong>, enfocando em notas temas como setores, cursos, servi\u00e7os e eventos. Na sequ\u00eancia de cada texto, oportunidade para ouvir uma apurada sele\u00e7\u00e3o musical com can\u00e7\u00f5es brasileiras e estrangeiras, incluindo prioritariamente m\u00fasicas deste s\u00e9culo e das duas d\u00e9cadas finais do s\u00e9culo passado, com alguns hits pontuais dos anos sessenta e setenta.<\/p>\n<p>Cria\u00e7\u00e3o, dire\u00e7\u00e3o, produ\u00e7\u00e3o, curadoria de conte\u00fado, pesquisa, curadoria musical, sele\u00e7\u00e3o de repert\u00f3rio, roteiriza\u00e7\u00e3o, reda\u00e7\u00e3o de texto, edi\u00e7\u00e3o de conte\u00fados, controle de inser\u00e7\u00f5es, divulga\u00e7\u00e3o digital e gerenciamento de acervo: <strong><a title=\"Milton Oliveira Web Curr\u00edculo\" href=\"https:\/\/www.aprendizdomundo.com\/miltonoliveira\" target=\"_blank\" rel=\"noopener\">Milton Oliveira<\/a><\/strong><\/p>\n<p>Locu\u00e7\u00e3o e grava\u00e7\u00e3o de mat\u00e9rias: <strong>Rodrigo Santiago<\/strong><\/p>\n<p><strong>InfoM\u00fasica<\/strong>\u00a0foi uma produ\u00e7\u00e3o original da <strong><a title=\"R\u00e1dio Universidade AM\" href=\"https:\/\/www.ufsm.br\/radio\" target=\"_blank\" rel=\"noopener\">R\u00e1dio Universidade AM<\/a><\/strong>, que permaneceu na programa\u00e7\u00e3o de 10\/04\/2023 a 29\/02\/2024, de segunda a sexta, ocupando as faixas das 09h00 \u00e0s 12h30, das 13h10 \u00e0s 14h00 e das 15h00 \u00e0s 17h00.<\/p>\n","protected":false},"excerpt":{"rendered":"<p>InfoM\u00fasica foi um espa\u00e7o informativo-musical dedicado \u00e0 divulga\u00e7\u00e3o institucional da Universidade Federal de Santa Maria, enfocando em notas temas como setores, cursos, servi\u00e7os e eventos. Na sequ\u00eancia de cada texto, oportunidade para ouvir uma apurada sele\u00e7\u00e3o musical com can\u00e7\u00f5es brasileiras e estrangeiras, incluindo prioritariamente m\u00fasicas deste s\u00e9culo e das duas d\u00e9cadas finais do s\u00e9culo passado, [&#8230;] <\/p>\n<p class=\"more-link-container\"><a href=\"https:\/\/aprendizdomundo.com\/portal\/perfil_producoes\/perfil_descontinuadas\/perfil_infomusica\/\" class=\"more-link\">Read More<span class=\"screen-reader-text\"> &#8220;InfoM\u00fasica&#8221;<\/span><\/a><\/p>\n","protected":false},"author":1,"featured_media":0,"parent":52792,"menu_order":0,"comment_status":"closed","ping_status":"closed","template":"page-templates\/template-right-sidebar.php","meta":{"_eb_attr":"","footnotes":""},"class_list":["post-52812","page","type-page","status-publish","hentry"],"_links":{"self":[{"href":"https:\/\/aprendizdomundo.com\/portal\/wp-json\/wp\/v2\/pages\/52812","targetHints":{"allow":["GET"]}}],"collection":[{"href":"https:\/\/aprendizdomundo.com\/portal\/wp-json\/wp\/v2\/pages"}],"about":[{"href":"https:\/\/aprendizdomundo.com\/portal\/wp-json\/wp\/v2\/types\/page"}],"author":[{"embeddable":true,"href":"https:\/\/aprendizdomundo.com\/portal\/wp-json\/wp\/v2\/users\/1"}],"replies":[{"embeddable":true,"href":"https:\/\/aprendizdomundo.com\/portal\/wp-json\/wp\/v2\/comments?post=52812"}],"version-history":[{"count":7,"href":"https:\/\/aprendizdomundo.com\/portal\/wp-json\/wp\/v2\/pages\/52812\/revisions"}],"predecessor-version":[{"id":55029,"href":"https:\/\/aprendizdomundo.com\/portal\/wp-json\/wp\/v2\/pages\/52812\/revisions\/55029"}],"up":[{"embeddable":true,"href":"https:\/\/aprendizdomundo.com\/portal\/wp-json\/wp\/v2\/pages\/52792"}],"wp:attachment":[{"href":"https:\/\/aprendizdomundo.com\/portal\/wp-json\/wp\/v2\/media?parent=52812"}],"curies":[{"name":"wp","href":"https:\/\/api.w.org\/{rel}","templated":true}]}}