{"id":52818,"date":"2026-02-02T15:20:14","date_gmt":"2026-02-02T18:20:14","guid":{"rendered":"https:\/\/aprendizdomundo.com\/portal\/?page_id=52818"},"modified":"2026-04-05T19:50:02","modified_gmt":"2026-04-05T22:50:02","slug":"perfil_mirante","status":"publish","type":"page","link":"https:\/\/aprendizdomundo.com\/portal\/perfil_producoes\/perfil_descontinuadas\/perfil_mirante\/","title":{"rendered":"Mirante"},"content":{"rendered":"<p><img fetchpriority=\"high\" decoding=\"async\" title=\"Mirante\" class=\"alignleft\" src=\"https:\/\/aprendizdomundo.com\/imagens\/marca800_mirante.png\" alt=\"Mirante\" width=\"400\" height=\"400\" \/>O programa <strong>Mirante<\/strong> estreou na <strong><a title=\"R\u00e1dio Universidade AM\" href=\"https:\/\/www.ufsm.br\/radio\" target=\"_blank\" rel=\"noopener\">R\u00e1dio Universidade AM<\/a><\/strong> em 09\/06\/2003, ocupando o hor\u00e1rio das 17h05 \u00e0s 18h00, nas segundas, ter\u00e7as e sextas, ao vivo, com os quadros Almanaque; Informa\u00e7\u00f5es do Tempo; Cr\u00f4nica; Destaque da M\u00fasica Ga\u00facha; Cotidiano, com Gilson Piber; Finestra Italiana, com Helvio Cecchin; Mem\u00f3ria MPB, com Wagner Serafini dos Santos; e Saber Ci\u00eancia, com Roberto Montagner. Al\u00e9m dos colaboradores citados, contou com a voz de Maria Elena de Mello para suas vinhetas.<\/p>\n<p>Cria\u00e7\u00e3o, dire\u00e7\u00e3o, produ\u00e7\u00e3o, curadoria de conte\u00fado, pesquisa, curadoria musical, sele\u00e7\u00e3o de repert\u00f3rio, roteiriza\u00e7\u00e3o, reda\u00e7\u00e3o de texto, apresenta\u00e7\u00e3o, opera\u00e7\u00e3o t\u00e9cnica (nas audi\u00e7\u00f5es ao vivo), grava\u00e7\u00f5es, edi\u00e7\u00e3o de programetes (quadros), edi\u00e7\u00e3o final, controle de inser\u00e7\u00f5es, divulga\u00e7\u00e3o digital e gerenciamento de acervo: <strong><a title=\"Milton Oliveira Web Curr\u00edculo\" href=\"https:\/\/www.aprendizdomundo.com\/miltonoliveira\" target=\"_blank\" rel=\"noopener\">Milton Oliveira<\/a><\/strong><\/p>\n<p>O slogan do programa era &#8220;Seu programa multim\u00eddia na rede!&#8221;. Em 06\/07\/2003, o <strong>Mirante<\/strong> ganhou uma p\u00e1gina na internet, para divulga\u00e7\u00e3o de suas atividades, que foi desativada da rede no final de 2012, por conta da extin\u00e7\u00e3o do servi\u00e7o gratuito do provedor BOL.<\/p>\n<p>Em 12\/09\/2003, depois de um per\u00edodo de greve nas institui\u00e7\u00f5es federais, o programa ganhou novo hor\u00e1rio, das 21h05 \u00e0s 22h15, todas as sextas, mantendo os quadros Cotidiano, Finestra Italiana, Mem\u00f3ria MPB e Saber Ci\u00eancia.<\/p>\n<p>O quadro Cotidiano, assinado pelo jornalista Gilson Piber, era um espa\u00e7o para a opini\u00e3o sobre os temas do dia-a-dia local e nacional, sejam eles sociais, pol\u00edticos ou comportamentais, comentados de forma livre, mas com responsabilidade.<\/p>\n<p>Em italiano, &#8220;finestra&#8221; significa &#8220;janela&#8221;. O quadro Finestra Italiana era uma verdadeira janela para a cultura musical da It\u00e1lia. Com apresenta\u00e7\u00e3o de Helvio Cecchin, tamb\u00e9m apresentador do <strong><a title=\"Benedetta Italia\" href=\"https:\/\/aprendizdomundo.com\/portal\/perfil_benedettaitalia\/\">Benedetta Italia<\/a><\/strong>, o espa\u00e7o mostrava de forma seriada as m\u00fasicas vencedoras do Festival di San Remo. Depois do final do <strong>Mirante<\/strong>, o quadro foi veiculado pelo Roteiro. Mais tarde, o quadro ressurgiu no <strong><a title=\"Expresso 292\" href=\"https:\/\/aprendizdomundo.com\/portal\/perfil_expresso292\/\">Expresso 292<\/a><\/strong>.<\/p>\n<p>Mem\u00f3ria MPB, com produ\u00e7\u00e3o e apresenta\u00e7\u00e3o de Wagner Serafini dos Santos, promoveu um resgate do cancioneiro popular nacional. O quadro, que j\u00e1 fazia parte do <strong><a title=\"Conex\u00e3o 292\" href=\"https:\/\/aprendizdomundo.com\/portal\/perfil_conexao292\/\">Conex\u00e3o 292<\/a><\/strong> (ent\u00e3o com Candido Otto da Luz), veio provar mais uma vez que a M\u00fasica Popular Brasileira \u00e9 uma das mais ricas e variadas do mundo.<\/p>\n<p>O quadro Saber Ci\u00eancia, com Roberto Montagner, destacava as novidades cient\u00edficas do momento. O quadro, que tamb\u00e9m fizera parte do Conex\u00e3o 292, s\u00f3 recebeu roupagem nova.<\/p>\n<p>O programa <strong>Mirante<\/strong> encerrou sua curta hist\u00f3ria em 19\/12\/2003, quando foi ao ar sua \u00faltima audi\u00e7\u00e3o, um Especial de Natal.<\/p>\n","protected":false},"excerpt":{"rendered":"<p>O programa Mirante estreou na R\u00e1dio Universidade AM em 09\/06\/2003, ocupando o hor\u00e1rio das 17h05 \u00e0s 18h00, nas segundas, ter\u00e7as e sextas, ao vivo, com os quadros Almanaque; Informa\u00e7\u00f5es do Tempo; Cr\u00f4nica; Destaque da M\u00fasica Ga\u00facha; Cotidiano, com Gilson Piber; Finestra Italiana, com Helvio Cecchin; Mem\u00f3ria MPB, com Wagner Serafini dos Santos; e Saber Ci\u00eancia, [&#8230;] <\/p>\n<p class=\"more-link-container\"><a href=\"https:\/\/aprendizdomundo.com\/portal\/perfil_producoes\/perfil_descontinuadas\/perfil_mirante\/\" class=\"more-link\">Read More<span class=\"screen-reader-text\"> &#8220;Mirante&#8221;<\/span><\/a><\/p>\n","protected":false},"author":1,"featured_media":0,"parent":52792,"menu_order":0,"comment_status":"closed","ping_status":"closed","template":"page-templates\/template-right-sidebar.php","meta":{"_eb_attr":"","footnotes":""},"class_list":["post-52818","page","type-page","status-publish","hentry"],"_links":{"self":[{"href":"https:\/\/aprendizdomundo.com\/portal\/wp-json\/wp\/v2\/pages\/52818","targetHints":{"allow":["GET"]}}],"collection":[{"href":"https:\/\/aprendizdomundo.com\/portal\/wp-json\/wp\/v2\/pages"}],"about":[{"href":"https:\/\/aprendizdomundo.com\/portal\/wp-json\/wp\/v2\/types\/page"}],"author":[{"embeddable":true,"href":"https:\/\/aprendizdomundo.com\/portal\/wp-json\/wp\/v2\/users\/1"}],"replies":[{"embeddable":true,"href":"https:\/\/aprendizdomundo.com\/portal\/wp-json\/wp\/v2\/comments?post=52818"}],"version-history":[{"count":7,"href":"https:\/\/aprendizdomundo.com\/portal\/wp-json\/wp\/v2\/pages\/52818\/revisions"}],"predecessor-version":[{"id":55032,"href":"https:\/\/aprendizdomundo.com\/portal\/wp-json\/wp\/v2\/pages\/52818\/revisions\/55032"}],"up":[{"embeddable":true,"href":"https:\/\/aprendizdomundo.com\/portal\/wp-json\/wp\/v2\/pages\/52792"}],"wp:attachment":[{"href":"https:\/\/aprendizdomundo.com\/portal\/wp-json\/wp\/v2\/media?parent=52818"}],"curies":[{"name":"wp","href":"https:\/\/api.w.org\/{rel}","templated":true}]}}