{"id":52820,"date":"2026-02-02T15:20:48","date_gmt":"2026-02-02T18:20:48","guid":{"rendered":"https:\/\/aprendizdomundo.com\/portal\/?page_id=52820"},"modified":"2026-04-05T19:50:09","modified_gmt":"2026-04-05T22:50:09","slug":"perfil_talentoemdestaque","status":"publish","type":"page","link":"https:\/\/aprendizdomundo.com\/portal\/perfil_producoes\/perfil_descontinuadas\/perfil_talentoemdestaque\/","title":{"rendered":"Talento em Destaque"},"content":{"rendered":"<p><img fetchpriority=\"high\" decoding=\"async\" title=\"Talento em Destaque\" class=\"alignleft\" src=\"https:\/\/aprendizdomundo.com\/imagens\/perfil_talentoemdestaque.png\" alt=\"Talento em Destaque\" width=\"400\" height=\"400\" \/><strong>Talento em Destaque<\/strong>, em cada edi\u00e7\u00e3o, mostrava um artista e\/ou grupo, falando da sua trajet\u00f3ria e tocando duas can\u00e7\u00f5es do seu repert\u00f3rio. Mostrava, preferencialmente, artistas em in\u00edcio de carreira discogr\u00e1fica. Abrangia nomes do Brasil e de Portugal. Os programetes variavam entre 6 a 12 minutos. O acervo reuniu mais 150 talentos, totalizando mais de 600 quadros dispon\u00edveis.<\/p>\n<p>Cria\u00e7\u00e3o, dire\u00e7\u00e3o, produ\u00e7\u00e3o, pesquisa, curadoria musical, sele\u00e7\u00e3o de repert\u00f3rio, roteiriza\u00e7\u00e3o, reda\u00e7\u00e3o de texto, apresenta\u00e7\u00e3o, grava\u00e7\u00f5es, edi\u00e7\u00e3o, controle de inser\u00e7\u00f5es, divulga\u00e7\u00e3o digital e gerenciamento de acervo: <strong><a title=\"Milton Oliveira Web Curr\u00edculo\" href=\"https:\/\/www.aprendizdomundo.com\/miltonoliveira\" target=\"_blank\" rel=\"noopener\">Milton Oliveira<\/a><\/strong><\/p>\n<p><strong>Talento em Destaque<\/strong> foi uma produ\u00e7\u00e3o criada originalmente para o programa <strong><a title=\"Magazine\" href=\"http:\/\/aprendizdomundo.com\/portal\/perfil_magazine\/\" target=\"_blank\" rel=\"noopener\">Magazine<\/a><\/strong>, onde fez sua estreia em 24\/10\/2014. Como quadro, foi apresentado pela \u00faltima vez em 30\/03\/2018, quando o programa encerrou sua fase como revista.<\/p>\n<p>A r\u00e1dio web <strong>A Era do R\u00e1dio<\/strong>, de Capinzal\/SC, veiculou o quadro a partir de 2017. A <strong>Cabriola Web R\u00e1dio<\/strong>, de Salvador\/BA, veiculou a s\u00e9rie a partir de nov\/2018.<\/p>\n<p>O <strong>Talento em Destaque<\/strong> deu origem aos programas <strong><a title=\"Talento em Destaque, o programa\" href=\"https:\/\/aprendizdomundo.com\/portal\/perfil_tdprograma\/\" target=\"_self\" rel=\"noopener\">Talento em Destaque, o Programa<\/a><\/strong> e <strong><a title=\"Talentos de Portugal\" href=\"https:\/\/aprendizdomundo.com\/portal\/perfil_talentosdeportugal\/\" target=\"_self\" rel=\"noopener\">Talentos de Portugal<\/a><\/strong>.<\/p>\n<p>Este programete <strong>n\u00e3o<\/strong> est\u00e1 dispon\u00edvel para veicula\u00e7\u00e3o em sua emissora.<\/p>\n","protected":false},"excerpt":{"rendered":"<p>Talento em Destaque, em cada edi\u00e7\u00e3o, mostrava um artista e\/ou grupo, falando da sua trajet\u00f3ria e tocando duas can\u00e7\u00f5es do seu repert\u00f3rio. Mostrava, preferencialmente, artistas em in\u00edcio de carreira discogr\u00e1fica. Abrangia nomes do Brasil e de Portugal. Os programetes variavam entre 6 a 12 minutos. O acervo reuniu mais 150 talentos, totalizando mais de 600 [&#8230;] <\/p>\n<p class=\"more-link-container\"><a href=\"https:\/\/aprendizdomundo.com\/portal\/perfil_producoes\/perfil_descontinuadas\/perfil_talentoemdestaque\/\" class=\"more-link\">Read More<span class=\"screen-reader-text\"> &#8220;Talento em Destaque&#8221;<\/span><\/a><\/p>\n","protected":false},"author":1,"featured_media":0,"parent":52792,"menu_order":0,"comment_status":"closed","ping_status":"closed","template":"page-templates\/template-right-sidebar.php","meta":{"_eb_attr":"","footnotes":""},"class_list":["post-52820","page","type-page","status-publish","hentry"],"_links":{"self":[{"href":"https:\/\/aprendizdomundo.com\/portal\/wp-json\/wp\/v2\/pages\/52820","targetHints":{"allow":["GET"]}}],"collection":[{"href":"https:\/\/aprendizdomundo.com\/portal\/wp-json\/wp\/v2\/pages"}],"about":[{"href":"https:\/\/aprendizdomundo.com\/portal\/wp-json\/wp\/v2\/types\/page"}],"author":[{"embeddable":true,"href":"https:\/\/aprendizdomundo.com\/portal\/wp-json\/wp\/v2\/users\/1"}],"replies":[{"embeddable":true,"href":"https:\/\/aprendizdomundo.com\/portal\/wp-json\/wp\/v2\/comments?post=52820"}],"version-history":[{"count":5,"href":"https:\/\/aprendizdomundo.com\/portal\/wp-json\/wp\/v2\/pages\/52820\/revisions"}],"predecessor-version":[{"id":55033,"href":"https:\/\/aprendizdomundo.com\/portal\/wp-json\/wp\/v2\/pages\/52820\/revisions\/55033"}],"up":[{"embeddable":true,"href":"https:\/\/aprendizdomundo.com\/portal\/wp-json\/wp\/v2\/pages\/52792"}],"wp:attachment":[{"href":"https:\/\/aprendizdomundo.com\/portal\/wp-json\/wp\/v2\/media?parent=52820"}],"curies":[{"name":"wp","href":"https:\/\/api.w.org\/{rel}","templated":true}]}}