{"id":52822,"date":"2026-02-02T15:21:08","date_gmt":"2026-02-02T18:21:08","guid":{"rendered":"https:\/\/aprendizdomundo.com\/portal\/?page_id=52822"},"modified":"2026-04-05T19:50:15","modified_gmt":"2026-04-05T22:50:15","slug":"perfil_tdprograma","status":"publish","type":"page","link":"https:\/\/aprendizdomundo.com\/portal\/perfil_producoes\/perfil_descontinuadas\/perfil_tdprograma\/","title":{"rendered":"Talento em Destaque, o programa"},"content":{"rendered":"<p><img fetchpriority=\"high\" decoding=\"async\" title=\"Talento em Destaque, o programa\" class=\"alignleft\" src=\"https:\/\/aprendizdomundo.com\/imagens\/perfil_tdprograma.png\" alt=\"Talento em Destaque, o programa\" width=\"400\" height=\"400\" \/><strong>Talento em Destaque, o Programa<\/strong>, foi uma atra\u00e7\u00e3o baseada no <strong><a title=\"Talento em Destaque\" href=\"https:\/\/aprendizdomundo.com\/portal\/perfil_talentoemdestaque\/\">quadro de mesmo nome<\/a><\/strong>, veiculado diariamente pelo <strong><a title=\"Magazine\" href=\"https:\/\/aprendizdomundo.com\/portal\/perfil_magazine\/\" target=\"_blank\" rel=\"noopener\">Magazine<\/a><\/strong>, dedicado \u00e0 divulga\u00e7\u00e3o dos jovens nomes da m\u00fasica do Brasil e de Portugal.<\/p>\n<p>Cria\u00e7\u00e3o, dire\u00e7\u00e3o, produ\u00e7\u00e3o, pesquisa, curadoria musical, sele\u00e7\u00e3o de repert\u00f3rio, roteiriza\u00e7\u00e3o, reda\u00e7\u00e3o de texto, apresenta\u00e7\u00e3o, grava\u00e7\u00f5es, edi\u00e7\u00e3o, controle de inser\u00e7\u00f5es, divulga\u00e7\u00e3o digital e gerenciamento de acervo: <strong><a title=\"Milton Oliveira Web Curr\u00edculo\" href=\"https:\/\/www.aprendizdomundo.com\/miltonoliveira\" target=\"_blank\" rel=\"noopener\">Milton Oliveira<\/a><\/strong><\/p>\n<p><strong>Talento em Destaque, o programa<\/strong>, foi uma produ\u00e7\u00e3o original da <strong><a title=\"R\u00e1dio Universidade AM\" href=\"https:\/\/www.ufsm.br\/radio\" target=\"_blank\" rel=\"noopener\">R\u00e1dio Universidade AM<\/a><\/strong>, onde permaneceu no ar de 04\/10\/2015 a 25\/04\/2018.<\/p>\n<p>Para recordar a produ\u00e7\u00e3o, ou\u00e7a em <strong><a title=\"Ou\u00e7a no Radiotube\" href=\"https:\/\/www.radiotube.org.br\/audio-26804EqCtn7cF\" target=\"_blank\" rel=\"noopener\">Radiotube<\/a><\/strong>.<\/p>\n<p>Mantendo a divulga\u00e7\u00e3o dos artistas de l\u00edngua portuguesa, permaneceram os programas <strong><a title=\"Magazine\" href=\"https:\/\/aprendizdomundo.com\/portal\/perfil_magazine\/\" target=\"_blank\" rel=\"noopener\">Magazine<\/a><\/strong>, apenas os nomes brasileiros, com nova fase desde 02\/04\/2018; e <strong><a title=\"TAlentos de Portugal\" href=\"https:\/\/aprendizdomundo.com\/portal\/perfil_talentosdeportugal\/\">Talentos de Portugal<\/a><\/strong>, especializado nas vozes de al\u00e9m-mar, que fez sua estreia em 05\/04\/2018.<\/p>\n","protected":false},"excerpt":{"rendered":"<p>Talento em Destaque, o Programa, foi uma atra\u00e7\u00e3o baseada no quadro de mesmo nome, veiculado diariamente pelo Magazine, dedicado \u00e0 divulga\u00e7\u00e3o dos jovens nomes da m\u00fasica do Brasil e de Portugal. Cria\u00e7\u00e3o, dire\u00e7\u00e3o, produ\u00e7\u00e3o, pesquisa, curadoria musical, sele\u00e7\u00e3o de repert\u00f3rio, roteiriza\u00e7\u00e3o, reda\u00e7\u00e3o de texto, apresenta\u00e7\u00e3o, grava\u00e7\u00f5es, edi\u00e7\u00e3o, controle de inser\u00e7\u00f5es, divulga\u00e7\u00e3o digital e gerenciamento de [&#8230;] <\/p>\n<p class=\"more-link-container\"><a href=\"https:\/\/aprendizdomundo.com\/portal\/perfil_producoes\/perfil_descontinuadas\/perfil_tdprograma\/\" class=\"more-link\">Read More<span class=\"screen-reader-text\"> &#8220;Talento em Destaque, o programa&#8221;<\/span><\/a><\/p>\n","protected":false},"author":1,"featured_media":0,"parent":52792,"menu_order":0,"comment_status":"closed","ping_status":"closed","template":"page-templates\/template-right-sidebar.php","meta":{"_eb_attr":"","footnotes":""},"class_list":["post-52822","page","type-page","status-publish","hentry"],"_links":{"self":[{"href":"https:\/\/aprendizdomundo.com\/portal\/wp-json\/wp\/v2\/pages\/52822","targetHints":{"allow":["GET"]}}],"collection":[{"href":"https:\/\/aprendizdomundo.com\/portal\/wp-json\/wp\/v2\/pages"}],"about":[{"href":"https:\/\/aprendizdomundo.com\/portal\/wp-json\/wp\/v2\/types\/page"}],"author":[{"embeddable":true,"href":"https:\/\/aprendizdomundo.com\/portal\/wp-json\/wp\/v2\/users\/1"}],"replies":[{"embeddable":true,"href":"https:\/\/aprendizdomundo.com\/portal\/wp-json\/wp\/v2\/comments?post=52822"}],"version-history":[{"count":5,"href":"https:\/\/aprendizdomundo.com\/portal\/wp-json\/wp\/v2\/pages\/52822\/revisions"}],"predecessor-version":[{"id":55034,"href":"https:\/\/aprendizdomundo.com\/portal\/wp-json\/wp\/v2\/pages\/52822\/revisions\/55034"}],"up":[{"embeddable":true,"href":"https:\/\/aprendizdomundo.com\/portal\/wp-json\/wp\/v2\/pages\/52792"}],"wp:attachment":[{"href":"https:\/\/aprendizdomundo.com\/portal\/wp-json\/wp\/v2\/media?parent=52822"}],"curies":[{"name":"wp","href":"https:\/\/api.w.org\/{rel}","templated":true}]}}