{"id":52824,"date":"2026-02-02T15:21:30","date_gmt":"2026-02-02T18:21:30","guid":{"rendered":"https:\/\/aprendizdomundo.com\/portal\/?page_id=52824"},"modified":"2026-04-05T19:50:22","modified_gmt":"2026-04-05T22:50:22","slug":"perfil_talentosdeportugal","status":"publish","type":"page","link":"https:\/\/aprendizdomundo.com\/portal\/perfil_producoes\/perfil_descontinuadas\/perfil_talentosdeportugal\/","title":{"rendered":"Talentos de Portugal"},"content":{"rendered":"<p><img fetchpriority=\"high\" decoding=\"async\" title=\"Talentos de Portugal\" class=\"alignleft\" src=\"https:\/\/aprendizdomundo.com\/imagens\/perfil_talentosdeportugal.png\" alt=\"Talentos de Portugal\" width=\"400\" height=\"400\" \/><strong>Talentos de Portugal<\/strong> foi um programa cultural voltado \u00e0 execu\u00e7\u00e3o de artistas portugueses contempor\u00e2neos, particularmente novas vozes da m\u00fasica lusitana. Cada audi\u00e7\u00e3o destacava quatro talentos, um para cada bloco da produ\u00e7\u00e3o. Cada audi\u00e7\u00e3o variava entre 56 a 58 minutos.<\/p>\n<p>Cria\u00e7\u00e3o, dire\u00e7\u00e3o, produ\u00e7\u00e3o, pesquisa, curadoria musical, sele\u00e7\u00e3o de repert\u00f3rio, roteiriza\u00e7\u00e3o, reda\u00e7\u00e3o de texto, apresenta\u00e7\u00e3o, grava\u00e7\u00f5es, edi\u00e7\u00e3o, controle de inser\u00e7\u00f5es, divulga\u00e7\u00e3o digital e gerenciamento de acervo: <strong><a title=\"Milton Oliveira Web Curr\u00edculo\" href=\"https:\/\/www.aprendizdomundo.com\/miltonoliveira\" target=\"_blank\" rel=\"noopener\">Milton Oliveira<\/a><\/strong><\/p>\n<p><strong>Talentos de Portugal<\/strong>\u00a0foi uma produ\u00e7\u00e3o criada originalmente para a <strong><a title=\"R\u00e1dio Universidade AM\" href=\"https:\/\/www.ufsm.br\/radio\" target=\"_blank\" rel=\"noopener\">R\u00e1dio Universidade AM<\/a><\/strong>, onde era apresentada nas quintas, na faixa das 22h00 \u00e0s 23h00. Permaneceu na grade de programa\u00e7\u00e3o de 05\/04\/2018 a 25\/10\/2018.<\/p>\n<p>Para recordar a produ\u00e7\u00e3o, as edi\u00e7\u00f5es est\u00e3o dispon\u00edveis para download e audi\u00e7\u00e3o no <strong><a title=\"Talentos de Portugal no Radiotube\" href=\"http:\/\/www.radiotube.org.br\/buscar.php?b=Talentos de Portugal\" target=\"_blank\" rel=\"noopener\">Radiotube<\/a><\/strong>.<\/p>\n","protected":false},"excerpt":{"rendered":"<p>Talentos de Portugal foi um programa cultural voltado \u00e0 execu\u00e7\u00e3o de artistas portugueses contempor\u00e2neos, particularmente novas vozes da m\u00fasica lusitana. Cada audi\u00e7\u00e3o destacava quatro talentos, um para cada bloco da produ\u00e7\u00e3o. Cada audi\u00e7\u00e3o variava entre 56 a 58 minutos. Cria\u00e7\u00e3o, dire\u00e7\u00e3o, produ\u00e7\u00e3o, pesquisa, curadoria musical, sele\u00e7\u00e3o de repert\u00f3rio, roteiriza\u00e7\u00e3o, reda\u00e7\u00e3o de texto, apresenta\u00e7\u00e3o, grava\u00e7\u00f5es, edi\u00e7\u00e3o, [&#8230;] <\/p>\n<p class=\"more-link-container\"><a href=\"https:\/\/aprendizdomundo.com\/portal\/perfil_producoes\/perfil_descontinuadas\/perfil_talentosdeportugal\/\" class=\"more-link\">Read More<span class=\"screen-reader-text\"> &#8220;Talentos de Portugal&#8221;<\/span><\/a><\/p>\n","protected":false},"author":1,"featured_media":0,"parent":52792,"menu_order":0,"comment_status":"closed","ping_status":"closed","template":"page-templates\/template-right-sidebar.php","meta":{"_eb_attr":"","footnotes":""},"class_list":["post-52824","page","type-page","status-publish","hentry"],"_links":{"self":[{"href":"https:\/\/aprendizdomundo.com\/portal\/wp-json\/wp\/v2\/pages\/52824","targetHints":{"allow":["GET"]}}],"collection":[{"href":"https:\/\/aprendizdomundo.com\/portal\/wp-json\/wp\/v2\/pages"}],"about":[{"href":"https:\/\/aprendizdomundo.com\/portal\/wp-json\/wp\/v2\/types\/page"}],"author":[{"embeddable":true,"href":"https:\/\/aprendizdomundo.com\/portal\/wp-json\/wp\/v2\/users\/1"}],"replies":[{"embeddable":true,"href":"https:\/\/aprendizdomundo.com\/portal\/wp-json\/wp\/v2\/comments?post=52824"}],"version-history":[{"count":5,"href":"https:\/\/aprendizdomundo.com\/portal\/wp-json\/wp\/v2\/pages\/52824\/revisions"}],"predecessor-version":[{"id":55035,"href":"https:\/\/aprendizdomundo.com\/portal\/wp-json\/wp\/v2\/pages\/52824\/revisions\/55035"}],"up":[{"embeddable":true,"href":"https:\/\/aprendizdomundo.com\/portal\/wp-json\/wp\/v2\/pages\/52792"}],"wp:attachment":[{"href":"https:\/\/aprendizdomundo.com\/portal\/wp-json\/wp\/v2\/media?parent=52824"}],"curies":[{"name":"wp","href":"https:\/\/api.w.org\/{rel}","templated":true}]}}