{"id":52826,"date":"2026-02-02T15:21:51","date_gmt":"2026-02-02T18:21:51","guid":{"rendered":"https:\/\/aprendizdomundo.com\/portal\/?page_id=52826"},"modified":"2026-04-05T19:50:33","modified_gmt":"2026-04-05T22:50:33","slug":"perfil_universidadeinstrumental","status":"publish","type":"page","link":"https:\/\/aprendizdomundo.com\/portal\/perfil_producoes\/perfil_descontinuadas\/perfil_universidadeinstrumental\/","title":{"rendered":"Universidade Instrumental, o programa"},"content":{"rendered":"<p><img fetchpriority=\"high\" decoding=\"async\" title=\"Universidade Instrumental\" class=\"alignleft\" src=\"https:\/\/aprendizdomundo.com\/imagens\/marca800_uniinstrumental.png\" alt=\"Universidade Instrumental\" width=\"400\" height=\"400\" \/><strong>Universidade Instrumental<\/strong>\u00a0foi um programa musical dedicado exclusivamente \u00e0 execu\u00e7\u00e3o da m\u00fasica instrumental contempor\u00e2nea, incluindo instrumentistas, grupos e orquestras nacionais e estrangeiras.<\/p>\n<p>Revitaliza\u00e7\u00e3o, dire\u00e7\u00e3o, produ\u00e7\u00e3o, pesquisa, curadoria musical, sele\u00e7\u00e3o de repert\u00f3rio, roteiriza\u00e7\u00e3o, reda\u00e7\u00e3o de texto, apresenta\u00e7\u00e3o, grava\u00e7\u00f5es, edi\u00e7\u00e3o, controle de inser\u00e7\u00f5es, divulga\u00e7\u00e3o digital e gerenciamento de acervo: <strong><a title=\"Milton Oliveira Web Curr\u00edculo\" href=\"https:\/\/www.aprendizdomundo.com\/miltonoliveira\" target=\"_blank\" rel=\"noopener\">Milton Oliveira<\/a><\/strong><\/p>\n<p><strong>Universidade Instrumental<\/strong> foi uma produ\u00e7\u00e3o original da <strong><a title=\"R\u00e1dio Universidade AM\" href=\"https:\/\/www.ufsm.br\/radio\" target=\"_blank\" rel=\"noopener\">R\u00e1dio Universidade AM<\/a><\/strong>, onde fez sua estreia, na fase <strong>programa<\/strong>, em 05\/05\/2013.\u00a0O programa foi tradicional nos primeiros trinta anos da emissora (1968-1998), em alguns momentos usando o nome de Universidade Ambiental. Encerrou sua trajet\u00f3ria como programa em 27\/10\/2018. Se mant\u00e9m na grade da emissora apenas como faixa musical, de segunda a sexta, das 12h00 \u00e0s 12h30.<\/p>\n<p>Para recordar a produ\u00e7\u00e3o, ou\u00e7a em <strong><a title=\"Ou\u00e7a no Radiotube\" href=\"https:\/\/www.radiotube.org.br\/audio-26802fODSm9rr\" target=\"_blank\" rel=\"noopener\">Radiotube<\/a><\/strong>.<\/p>\n","protected":false},"excerpt":{"rendered":"<p>Universidade Instrumental\u00a0foi um programa musical dedicado exclusivamente \u00e0 execu\u00e7\u00e3o da m\u00fasica instrumental contempor\u00e2nea, incluindo instrumentistas, grupos e orquestras nacionais e estrangeiras. Revitaliza\u00e7\u00e3o, dire\u00e7\u00e3o, produ\u00e7\u00e3o, pesquisa, curadoria musical, sele\u00e7\u00e3o de repert\u00f3rio, roteiriza\u00e7\u00e3o, reda\u00e7\u00e3o de texto, apresenta\u00e7\u00e3o, grava\u00e7\u00f5es, edi\u00e7\u00e3o, controle de inser\u00e7\u00f5es, divulga\u00e7\u00e3o digital e gerenciamento de acervo: Milton Oliveira Universidade Instrumental foi uma produ\u00e7\u00e3o original da [&#8230;] <\/p>\n<p class=\"more-link-container\"><a href=\"https:\/\/aprendizdomundo.com\/portal\/perfil_producoes\/perfil_descontinuadas\/perfil_universidadeinstrumental\/\" class=\"more-link\">Read More<span class=\"screen-reader-text\"> &#8220;Universidade Instrumental, o programa&#8221;<\/span><\/a><\/p>\n","protected":false},"author":1,"featured_media":0,"parent":52792,"menu_order":0,"comment_status":"closed","ping_status":"closed","template":"page-templates\/template-right-sidebar.php","meta":{"_eb_attr":"","footnotes":""},"class_list":["post-52826","page","type-page","status-publish","hentry"],"_links":{"self":[{"href":"https:\/\/aprendizdomundo.com\/portal\/wp-json\/wp\/v2\/pages\/52826","targetHints":{"allow":["GET"]}}],"collection":[{"href":"https:\/\/aprendizdomundo.com\/portal\/wp-json\/wp\/v2\/pages"}],"about":[{"href":"https:\/\/aprendizdomundo.com\/portal\/wp-json\/wp\/v2\/types\/page"}],"author":[{"embeddable":true,"href":"https:\/\/aprendizdomundo.com\/portal\/wp-json\/wp\/v2\/users\/1"}],"replies":[{"embeddable":true,"href":"https:\/\/aprendizdomundo.com\/portal\/wp-json\/wp\/v2\/comments?post=52826"}],"version-history":[{"count":6,"href":"https:\/\/aprendizdomundo.com\/portal\/wp-json\/wp\/v2\/pages\/52826\/revisions"}],"predecessor-version":[{"id":55036,"href":"https:\/\/aprendizdomundo.com\/portal\/wp-json\/wp\/v2\/pages\/52826\/revisions\/55036"}],"up":[{"embeddable":true,"href":"https:\/\/aprendizdomundo.com\/portal\/wp-json\/wp\/v2\/pages\/52792"}],"wp:attachment":[{"href":"https:\/\/aprendizdomundo.com\/portal\/wp-json\/wp\/v2\/media?parent=52826"}],"curies":[{"name":"wp","href":"https:\/\/api.w.org\/{rel}","templated":true}]}}