{"id":115,"date":"2024-05-21T16:49:27","date_gmt":"2024-05-21T19:49:27","guid":{"rendered":"https:\/\/aprendizdomundo.com\/versosdalma\/?page_id=115"},"modified":"2026-02-07T10:36:05","modified_gmt":"2026-02-07T13:36:05","slug":"tempo","status":"publish","type":"page","link":"https:\/\/aprendizdomundo.com\/versosdalma\/tempo\/","title":{"rendered":"Linha do tempo"},"content":{"rendered":"<p>1999 &#8211; Em 23\/04, <strong>Versos d&#8217;Alma<\/strong> chegou \u00e0 rede, em site com apenas dois poemas: Um Poema de Flor e Poema Insensato.<\/p>\n<p>2001 &#8211; Em 23\/02, ent\u00e3o no provedor gratuito VilaBOL, <strong>Versos d&#8217;Alma<\/strong> ganhou relan\u00e7amento com layout pr\u00f3prio, incluindo outros poemas: O Beijo da Noite, Na Catedral do Corpo, Anjo da Tarde, Balan\u00e7o, Fragmento, Refazer Uni-Verso, A Morada do Poeta, Poema, Ins\u00f4nia e Orvalho.<\/p>\n<p>2001 &#8211; Em 17\/04, o site recebeu uma reestrutura\u00e7\u00e3o.<\/p>\n<p>2001 &#8211; Em 12\/12, a home page foi novamente reorganizada.<\/p>\n<p>2002 &#8211; Em 02\/10, <strong>Versos d&#8217;Alma<\/strong> mudou seu layout e a distribui\u00e7\u00e3o de suas p\u00e1ginas.<\/p>\n<p>2003 &#8211; Em 21\/07, o site ganhou sua nova vers\u00e3o.<\/p>\n<p>2005 &#8211; Em 20\/08, <strong>Versos d&#8217;Alma<\/strong> ganhou novo layout, implantou o contador de acessos LinkWS e recebeu acr\u00e9scimo de novos poemas: Versos Brancos, Palco, Can\u00e7\u00e3ozinha de Pouca Coisa, Poeta Sem Jeito, Dia de Chuva, A Estrela, Num Tempo Sem Encontros, Poema da Meia-noite, Divaga\u00e7\u00e3o, Pelo Azul dos Teus Olhos, Cetim Rosaflor e Poeminho de Lua Nova.<\/p>\n<p>2005 &#8211; Em 28\/08, o site recebeu ajustes de layout e corre\u00e7\u00f5es de texto.<\/p>\n<p>2007 &#8211; Em 20\/08, a poesia &#8220;Um Poema de Flor&#8221;, acompanhada de ilustra\u00e7\u00e3o, foi publicada por Rosangela Aliberti em seu site no portal Recanto das Letras, sob licen\u00e7a do autor.<\/p>\n<p>2010 &#8211; Em 19\/08, <strong>Versos d&#8217;Alma<\/strong> foi integrada ao <strong>Milton Oliveira &#8211; Site Pessoal<\/strong>, ganhou novo layout, o web curr\u00edculo do seu autor e a inclus\u00e3o de dois novos poemas: Tua Procura e Copo de Sonho.<\/p>\n<p>2012 &#8211; Em 22\/04, a home page ganhou seu endere\u00e7o definitivo, em dom\u00ednio pr\u00f3prio, no <strong><a title=\"Aprendiz do Mundo\" href=\"https:\/\/aprendizdomundo.com\/\" rel=\"noopener\" target=\"_blank\">Aprendiz do Mundo<\/a><\/strong>.<\/p>\n<p>2012 &#8211; Em 20\/05, trocou de imagem da primeira p\u00e1gina, incluindo novo registro na Praia de Canasvieiras, por Ang\u00e9lica M\u00fcller.<\/p>\n<p>2013 &#8211; Em 19\/05, trocou de imagem da primeira p\u00e1gina, incluindo registro atualizado na Praia de Canasvieiras, em Florian\u00f3polis\/SC, em 10\/05\/2013, 11h27, por Ang\u00e9lica M\u00fcller.<\/p>\n<p>2017 \u2013 Em 11\/12, aconteceu a inclus\u00e3o do site no layout do <strong>Aprendiz do Mundo<\/strong>, incluindo registro atualizado na Praia de Canasvieiras.<\/p>\n<p>2022 \u2013 Em 05\/01, o autor criou perfil no portal <strong><a title=\"Tamb\u00e9m Escrevo\" href=\"https:\/\/milton.tambemescrevo.com\/\" rel=\"noopener\" target=\"_blank\">Tamb\u00e9m Escrevo<\/a><\/strong>, incluindo oito poemas deste site.<\/p>\n<p>2024 &#8211; Em 23\/05, este site sofreu uma atualiza\u00e7\u00e3o completa, ganhando tema exclusivo.<\/p>\n<p>2024 &#8211; Em 30\/05, este site ganhou novo tema, a vers\u00e3o free de SpicePress, criado por <strong><a title=\"SpiceThemes\" href=\"https:\/\/spicethemes.com\/\" rel=\"noopener\" target=\"_blank\">SpiceThemes<\/a><\/strong>.<\/p>\n<p>2025 &#8211; Em 04\/03, este site ganhou novo tema, a vers\u00e3o free de Expert Author, criado por <strong><a title=\"Seo Themes Expert\" href=\"https:\/\/www.seothemesexpert.com\/\" rel=\"noopener\" target=\"_blank\">Seo Themes Expert<\/a><\/strong>.<\/p>\n<p>2026 &#8211; Em 05\/02, este site ganhou o tema atual, a vers\u00e3o free de Galaxis, criado por <strong><a title=\"ScriptsTown\" href=\"https:\/\/scriptstown.com\/\" rel=\"noopener\" target=\"_blank\">ScriptsTown<\/a><\/strong>.<\/p>\n<p>&nbsp;<\/p>\n<blockquote><p><b>Cr\u00e9ditos das fotos:<\/font><\/b><br \/>\n<font size=\"2\">Capa #1 &#8211; Anoitecer na Praia de Cabo Branco, Jo\u00e3o Pessoa\/PB. \u00a9 Milton Oliveira, 01\/05\/2023, 17h30<br \/>\nCapa #2 &#8211; Flor de Cactus na Praia de Ponta Negra, Natal\/RN. \u00a9 Milton Oliveira, 07\/05\/2023, 10h29<br \/>\nPerfil &#8211; Milton Oliveira na Praia de Canasvieiras, Florian\u00f3polis\/SC. \u00a9 Ang\u00e9lica M\u00fcller, 2017<\/font><\/p><\/blockquote>\n<p>&nbsp;<br \/>\nOs direitos deste site (mesmo que n\u00e3o sejam muito respeitados) s\u00e3o de Milton Oliveira, webdesigner e webmaster da p\u00e1gina. Os poemas s\u00e3o in\u00e9ditos.<\/p>\n","protected":false},"excerpt":{"rendered":"<p>1999 &#8211; Em 23\/04, Versos d&#8217;Alma chegou \u00e0 rede, em site com apenas dois poemas: Um Poema de Flor e Poema Insensato. 2001 &#8211; Em 23\/02, ent\u00e3o no provedor gratuito VilaBOL, Versos d&#8217;Alma ganhou relan\u00e7amento com layout pr\u00f3prio, incluindo outros poemas: O Beijo da Noite, Na Catedral do Corpo, Anjo da Tarde, Balan\u00e7o, Fragmento, Refazer [&#8230;] <\/p>\n<p class=\"more-link-container\"><a href=\"https:\/\/aprendizdomundo.com\/versosdalma\/tempo\/\" class=\"more-link\">Read More<span class=\"screen-reader-text\"> &#8220;Linha do tempo&#8221;<\/span><\/a><\/p>\n","protected":false},"author":1,"featured_media":0,"parent":0,"menu_order":4,"comment_status":"closed","ping_status":"closed","template":"page-templates\/template-right-sidebar.php","meta":{"footnotes":""},"class_list":["post-115","page","type-page","status-publish","hentry"],"_links":{"self":[{"href":"https:\/\/aprendizdomundo.com\/versosdalma\/wp-json\/wp\/v2\/pages\/115","targetHints":{"allow":["GET"]}}],"collection":[{"href":"https:\/\/aprendizdomundo.com\/versosdalma\/wp-json\/wp\/v2\/pages"}],"about":[{"href":"https:\/\/aprendizdomundo.com\/versosdalma\/wp-json\/wp\/v2\/types\/page"}],"author":[{"embeddable":true,"href":"https:\/\/aprendizdomundo.com\/versosdalma\/wp-json\/wp\/v2\/users\/1"}],"replies":[{"embeddable":true,"href":"https:\/\/aprendizdomundo.com\/versosdalma\/wp-json\/wp\/v2\/comments?post=115"}],"version-history":[{"count":31,"href":"https:\/\/aprendizdomundo.com\/versosdalma\/wp-json\/wp\/v2\/pages\/115\/revisions"}],"predecessor-version":[{"id":902,"href":"https:\/\/aprendizdomundo.com\/versosdalma\/wp-json\/wp\/v2\/pages\/115\/revisions\/902"}],"wp:attachment":[{"href":"https:\/\/aprendizdomundo.com\/versosdalma\/wp-json\/wp\/v2\/media?parent=115"}],"curies":[{"name":"wp","href":"https:\/\/api.w.org\/{rel}","templated":true}]}}