{"id":159,"date":"2024-05-22T11:33:19","date_gmt":"2024-05-22T14:33:19","guid":{"rendered":"https:\/\/aprendizdomundo.com\/versosdalma\/?page_id=159"},"modified":"2026-02-07T10:37:52","modified_gmt":"2026-02-07T13:37:52","slug":"contato","status":"publish","type":"page","link":"https:\/\/aprendizdomundo.com\/versosdalma\/contato\/","title":{"rendered":"Contato on-line"},"content":{"rendered":"<p>Este formul\u00e1rio \u00e9 disponibilizado para que voc\u00ea possa emitir suas opini\u00f5es, sugest\u00f5es, solicita\u00e7\u00f5es ou elogios com rela\u00e7\u00e3o ao nosso site e aos nossos poemas. A nossa pol\u00edtica de privacidade garante o uso dos dados aqui inscritos apenas para atendimento. Seu contato tamb\u00e9m pode ser feito diretamente pelo e-mail <strong><a title=\"Contatar Milton Oliveira por e-mail\" href=\"mailto:miltoncamobi@yahoo.com.br\">miltoncamobi@yahoo.com.br<\/a><\/strong>.<\/p>\n<p>\n<div class=\"stcfq-container\" id=\"stcfq-container\">\n\t<form action=\"https:\/\/aprendizdomundo.com\/versosdalma\/wp-admin\/admin-ajax.php\" method=\"post\" class=\"stcfq-save-contact-form\">\n\t\t\t\t<input type=\"hidden\" name=\"save-contact\" value=\"def4d58ddb\">\n\t\t<input type=\"hidden\" name=\"action\" value=\"stcfq-save-contact\">\n\n\t\t<p><label>Seu nome:<br><span class=\"stcfq-form-control-wrap stcfq-name\"><input type=\"text\" name=\"name\" size=\"40\" class=\"stcfq-form-control\" required aria-required=true aria-invalid=\"false\"><\/span><\/label><\/p><p><label>Seu e-mail:<br><span class=\"stcfq-form-control-wrap stcfq-email\"><input type=\"email\" name=\"email\" size=\"40\" class=\"stcfq-form-control\" required aria-required=true aria-invalid=\"false\"><\/span><\/label><\/p><p><label>Assunto:<br><span class=\"stcfq-form-control-wrap stcfq-subject\"><input type=\"text\" name=\"subject\" size=\"40\" class=\"stcfq-form-control\" required aria-required=true aria-invalid=\"false\"><\/span><\/label><\/p><p><label>Sua mensagem:<br><span class=\"stcfq-form-control-wrap stcfq-message\"><textarea type=\"textarea\" name=\"message\" cols=\"65\" rows=\"6\" class=\"stcfq-form-control\" required aria-required=true aria-invalid=\"false\"><\/textarea><\/span><\/label><\/p>\n\t\t<div class=\"stcfq-save-contact-btn-wrap\">\n\t\t\t<button type=\"submit\" class=\"stcfq-save-contact-btn\" >enviar<\/button>\n\t\t<\/div>\n\t<\/form>\n<\/div>\n<br \/>\n&nbsp;<br \/>\n&nbsp;<br \/>\n&nbsp;<\/p>\n","protected":false},"excerpt":{"rendered":"<p>Este formul\u00e1rio \u00e9 disponibilizado para que voc\u00ea possa emitir suas opini\u00f5es, sugest\u00f5es, solicita\u00e7\u00f5es ou elogios com rela\u00e7\u00e3o ao nosso site e aos nossos poemas. A nossa pol\u00edtica de privacidade garante o uso dos dados aqui inscritos apenas para atendimento. Seu contato tamb\u00e9m pode ser feito diretamente pelo e-mail miltoncamobi@yahoo.com.br. &nbsp; &nbsp; &nbsp;<\/p>\n","protected":false},"author":1,"featured_media":0,"parent":0,"menu_order":5,"comment_status":"closed","ping_status":"closed","template":"page-templates\/template-right-sidebar.php","meta":{"footnotes":""},"class_list":["post-159","page","type-page","status-publish","hentry"],"_links":{"self":[{"href":"https:\/\/aprendizdomundo.com\/versosdalma\/wp-json\/wp\/v2\/pages\/159","targetHints":{"allow":["GET"]}}],"collection":[{"href":"https:\/\/aprendizdomundo.com\/versosdalma\/wp-json\/wp\/v2\/pages"}],"about":[{"href":"https:\/\/aprendizdomundo.com\/versosdalma\/wp-json\/wp\/v2\/types\/page"}],"author":[{"embeddable":true,"href":"https:\/\/aprendizdomundo.com\/versosdalma\/wp-json\/wp\/v2\/users\/1"}],"replies":[{"embeddable":true,"href":"https:\/\/aprendizdomundo.com\/versosdalma\/wp-json\/wp\/v2\/comments?post=159"}],"version-history":[{"count":8,"href":"https:\/\/aprendizdomundo.com\/versosdalma\/wp-json\/wp\/v2\/pages\/159\/revisions"}],"predecessor-version":[{"id":904,"href":"https:\/\/aprendizdomundo.com\/versosdalma\/wp-json\/wp\/v2\/pages\/159\/revisions\/904"}],"wp:attachment":[{"href":"https:\/\/aprendizdomundo.com\/versosdalma\/wp-json\/wp\/v2\/media?parent=159"}],"curies":[{"name":"wp","href":"https:\/\/api.w.org\/{rel}","templated":true}]}}