{"id":180,"date":"2024-05-22T13:50:57","date_gmt":"2024-05-22T16:50:57","guid":{"rendered":"https:\/\/aprendizdomundo.com\/versosdalma\/?page_id=180"},"modified":"2026-02-08T17:50:39","modified_gmt":"2026-02-08T20:50:39","slug":"inicial","status":"publish","type":"page","link":"https:\/\/aprendizdomundo.com\/versosdalma\/","title":{"rendered":"A poesia de Milton Oliveira"},"content":{"rendered":"<p>Sou titular do <strong><a title=\"Aprendiz do Mundo\" href=\"https:\/\/aprendizdomundo.com\" rel=\"noopener\" target=\"_blank\">Aprendiz do Mundo<\/a><\/strong>. E este \u00e9 o meu site po\u00e9tico, reunindo uma amostra da minha produ\u00e7\u00e3o l\u00edrica. Bem-vindo!<\/p>\n<blockquote><p>hoje eu n\u00e3o poderia escrever<br \/>\nsobre o infinito,<br \/>\nafinal,<br \/>\nsou poeta limitado e contradit\u00f3rio,<br \/>\nsem muito jeito para<br \/>\nos verdadeiros objetivos do viver.<br \/>\neu sonho!&#8230;<\/p><\/blockquote>\n<p style=\"margin-top: 20px; margin-bottom: 20px\"><img loading=\"lazy\" decoding=\"async\" border=\"0\" title=\"Anoitecer na Praia de Cabo Branco, Jo\u00e3o Pessoa, PB\" alt=\"Anoitecer na Praia de Cabo Branco, Jo\u00e3o Pessoa, PB\" src=\"https:\/\/aprendizdomundo.com\/imagens\/pbanoitecer.jpg\" width=\"800\" height=\"520\"><\/p>\n<blockquote><p>a poesia de um dia de chuva<br \/>\nest\u00e1 nos<br \/>\npequenos pingos d&#8217;\u00e1gua<br \/>\nque molham os teus cabelos&#8230;<br \/>\n(quando chove eu lembro dos<br \/>\nteus olhos que me chamam!)<\/p><\/blockquote>\n<p style=\"margin-top: 50px; margin-bottom: 20px\"><img loading=\"lazy\" decoding=\"async\" border=\"0\" title=\"Flor de Cactus na Praia de Ponta Negra, Natal, RN\" alt=\"Flor de Cactus na Praia de Ponta Negra, Natal, RN\" src=\"https:\/\/aprendizdomundo.com\/imagens\/rnflor.jpg\" width=\"800\" height=\"800\"><\/p>\n<p align=\"left\" style=\"margin-top: 50px; margin-bottom: 0\"><img decoding=\"async\" border=\"0\" title=\"Produto do Brasil\" src=\"https:\/\/aprendizdomundo.com\/imagens\/bandeirabrasil.png\"><\/p>\n","protected":false},"excerpt":{"rendered":"<p>Sou titular do Aprendiz do Mundo. E este \u00e9 o meu site po\u00e9tico, reunindo uma amostra da minha produ\u00e7\u00e3o l\u00edrica. Bem-vindo! hoje eu n\u00e3o poderia escrever sobre o infinito, afinal, sou poeta limitado e contradit\u00f3rio, sem muito jeito para os verdadeiros objetivos do viver. eu sonho!&#8230; a poesia de um dia de chuva est\u00e1 nos [&#8230;] <\/p>\n<p class=\"more-link-container\"><a href=\"https:\/\/aprendizdomundo.com\/versosdalma\/\" class=\"more-link\">Read More<span class=\"screen-reader-text\"> &#8220;A poesia de Milton Oliveira&#8221;<\/span><\/a><\/p>\n","protected":false},"author":1,"featured_media":0,"parent":0,"menu_order":1,"comment_status":"closed","ping_status":"closed","template":"page-templates\/template-no-title-right-sidebar.php","meta":{"footnotes":""},"class_list":["post-180","page","type-page","status-publish","hentry"],"_links":{"self":[{"href":"https:\/\/aprendizdomundo.com\/versosdalma\/wp-json\/wp\/v2\/pages\/180","targetHints":{"allow":["GET"]}}],"collection":[{"href":"https:\/\/aprendizdomundo.com\/versosdalma\/wp-json\/wp\/v2\/pages"}],"about":[{"href":"https:\/\/aprendizdomundo.com\/versosdalma\/wp-json\/wp\/v2\/types\/page"}],"author":[{"embeddable":true,"href":"https:\/\/aprendizdomundo.com\/versosdalma\/wp-json\/wp\/v2\/users\/1"}],"replies":[{"embeddable":true,"href":"https:\/\/aprendizdomundo.com\/versosdalma\/wp-json\/wp\/v2\/comments?post=180"}],"version-history":[{"count":53,"href":"https:\/\/aprendizdomundo.com\/versosdalma\/wp-json\/wp\/v2\/pages\/180\/revisions"}],"predecessor-version":[{"id":963,"href":"https:\/\/aprendizdomundo.com\/versosdalma\/wp-json\/wp\/v2\/pages\/180\/revisions\/963"}],"wp:attachment":[{"href":"https:\/\/aprendizdomundo.com\/versosdalma\/wp-json\/wp\/v2\/media?parent=180"}],"curies":[{"name":"wp","href":"https:\/\/api.w.org\/{rel}","templated":true}]}}