{"id":49,"date":"2024-05-20T20:51:14","date_gmt":"2024-05-20T23:51:14","guid":{"rendered":"https:\/\/aprendizdomundo.com\/versosdalma\/?page_id=49"},"modified":"2026-02-07T10:35:41","modified_gmt":"2026-02-07T13:35:41","slug":"perfil","status":"publish","type":"page","link":"https:\/\/aprendizdomundo.com\/versosdalma\/perfil\/","title":{"rendered":"Perfil do autor"},"content":{"rendered":"<p align=\"left\" style=\"float: left\"><img loading=\"lazy\" decoding=\"async\" title=\"Milton Oliveira\" src=\"https:\/\/aprendizdomundo.com\/imagens\/miltonnapraiacomtexto.png\" alt=\"Milton Oliveira\" width=\"800\" height=\"460\" \/><\/p>\n<p>Sobre mim&#8230; Cheguei a este plano nos idos de 1964, em maio, em pleno per\u00edodo de conturba\u00e7\u00e3o pol\u00edtica.<\/p>\n<p>Sou ga\u00facho, natural de Santa Maria. Vivi na regi\u00e3o rural do munic\u00edpio at\u00e9 doze anos. Na <strong><a title=\"Portal UFSM\" href=\"https:\/\/ufsm.br\/\" target=\"_blank\" rel=\"noopener\">Universidade Federal de Santa Maria<\/a><\/strong> cursei Comunica\u00e7\u00e3o Social, op\u00e7\u00e3o R\u00e1dio e Televis\u00e3o, a partir de 1981. Conclui em 1985. Em 1991 tive uma das maiores alegrias da minha vida, tornei-me pai, do <strong><a title=\"Joelison no Instagram\" href=\"https:\/\/www.instagram.com\/joelisonfreitas\/\" target=\"_blank\" rel=\"noopener\">Joelison<\/a><\/strong>. J\u00e1 estou no segundo casamento.<\/p>\n<p>Sou funcion\u00e1rio da UFSM desde 1993, no cargo de Programador de R\u00e1dio e TV. Na R\u00e1dio Universidade AM, criei v\u00e1rios programas, entre eles, Conex\u00e3o 292, Atra\u00e7\u00e3o Nacional, Mem\u00f3ria Brasil e Aquarela. Hoje, atuo nas duas emissoras da institui\u00e7\u00e3o. Desde 1999 produzo sites para Internet. Sou respons\u00e1vel pelo meu pr\u00f3prio dom\u00ednio, <strong><a title=\"Aprendiz do Mundo\" href=\"https:\/\/aprendizdomundo.com\/\" target=\"_blank\" rel=\"noopener\">Aprendiz do Mundo<\/a><\/strong>. Meu curr\u00edculo web completo <strong><a title=\"Web Curr\u00edculo de Milton Oliveira\" href=\"https:\/\/aprendizdomundo.com\/miltonoliveira\" target=\"_blank\" rel=\"noopener\">est\u00e1 aqui<\/a><\/strong>.<\/p>\n<p>Poesia. Considero-me um &#8220;poeta de inspira\u00e7\u00e3o&#8221;. Executo o verso livre desde o final dos anos setenta. Eis aqui <strong>Versos d&#8217;Alma<\/strong> como forma de apresenta\u00e7\u00e3o do meu trabalho po\u00e9tico na grande rede. Eu sei, tenho que publicar meu livro antes de tomar a estrada do outro plano. Um ano desses ele ganha sua merecida impress\u00e3o. Boas leituras!<\/p>\n","protected":false},"excerpt":{"rendered":"<p>Sobre mim&#8230; Cheguei a este plano nos idos de 1964, em maio, em pleno per\u00edodo de conturba\u00e7\u00e3o pol\u00edtica. Sou ga\u00facho, natural de Santa Maria. Vivi na regi\u00e3o rural do munic\u00edpio at\u00e9 doze anos. Na Universidade Federal de Santa Maria cursei Comunica\u00e7\u00e3o Social, op\u00e7\u00e3o R\u00e1dio e Televis\u00e3o, a partir de 1981. Conclui em 1985. Em 1991 [&#8230;] <\/p>\n<p class=\"more-link-container\"><a href=\"https:\/\/aprendizdomundo.com\/versosdalma\/perfil\/\" class=\"more-link\">Read More<span class=\"screen-reader-text\"> &#8220;Perfil do autor&#8221;<\/span><\/a><\/p>\n","protected":false},"author":1,"featured_media":0,"parent":0,"menu_order":2,"comment_status":"closed","ping_status":"closed","template":"page-templates\/template-right-sidebar.php","meta":{"footnotes":""},"class_list":["post-49","page","type-page","status-publish","hentry"],"_links":{"self":[{"href":"https:\/\/aprendizdomundo.com\/versosdalma\/wp-json\/wp\/v2\/pages\/49","targetHints":{"allow":["GET"]}}],"collection":[{"href":"https:\/\/aprendizdomundo.com\/versosdalma\/wp-json\/wp\/v2\/pages"}],"about":[{"href":"https:\/\/aprendizdomundo.com\/versosdalma\/wp-json\/wp\/v2\/types\/page"}],"author":[{"embeddable":true,"href":"https:\/\/aprendizdomundo.com\/versosdalma\/wp-json\/wp\/v2\/users\/1"}],"replies":[{"embeddable":true,"href":"https:\/\/aprendizdomundo.com\/versosdalma\/wp-json\/wp\/v2\/comments?post=49"}],"version-history":[{"count":37,"href":"https:\/\/aprendizdomundo.com\/versosdalma\/wp-json\/wp\/v2\/pages\/49\/revisions"}],"predecessor-version":[{"id":51,"href":"https:\/\/aprendizdomundo.com\/versosdalma\/wp-json\/wp\/v2\/pages\/49\/revisions\/51"}],"wp:attachment":[{"href":"https:\/\/aprendizdomundo.com\/versosdalma\/wp-json\/wp\/v2\/media?parent=49"}],"curies":[{"name":"wp","href":"https:\/\/api.w.org\/{rel}","templated":true}]}}